{"id":1320,"date":"2023-08-03T11:28:44","date_gmt":"2023-08-03T11:28:44","guid":{"rendered":"https:\/\/swishbynbn23.com\/problemy-s-prihlasenim"},"modified":"2023-09-14T07:50:15","modified_gmt":"2023-09-14T07:50:15","slug":"problemy-s-prihlasenim","status":"publish","type":"page","link":"https:\/\/swishbynbn23.com\/cs\/problemy-s-prihlasenim","title":{"rendered":"Probl\u00e9my s p\u0159ihl\u00e1\u0161en\u00edm"},"content":{"rendered":"\t\t<div data-elementor-type=\"wp-page\" data-elementor-id=\"1320\" class=\"elementor elementor-1320 elementor-608\">\n\t\t\t\t\t\t<section class=\"elementor-section elementor-top-section elementor-element elementor-element-6d455ca ct-section-stretched elementor-section-content-middle elementor-section-boxed elementor-section-height-default elementor-section-height-default\" data-id=\"6d455ca\" data-element_type=\"section\" data-settings=\"{&quot;background_background&quot;:&quot;classic&quot;}\">\n\t\t\t\t\t\t\t<div class=\"elementor-background-overlay\"><\/div>\n\t\t\t\t\t\t\t<div class=\"elementor-container elementor-column-gap-default\">\n\t\t\t\t\t<div class=\"elementor-column elementor-col-16 elementor-top-column elementor-element elementor-element-5a3bd51\" data-id=\"5a3bd51\" data-element_type=\"column\">\n\t\t\t<div class=\"elementor-widget-wrap\">\n\t\t\t\t\t\t\t<\/div>\n\t\t<\/div>\n\t\t\t\t<div class=\"elementor-column elementor-col-66 elementor-top-column elementor-element elementor-element-b77bff0\" data-id=\"b77bff0\" data-element_type=\"column\">\n\t\t\t<div class=\"elementor-widget-wrap elementor-element-populated\">\n\t\t\t\t\t\t<div class=\"elementor-element elementor-element-d108331 elementor-widget elementor-widget-heading\" data-id=\"d108331\" data-element_type=\"widget\" data-widget_type=\"heading.default\">\n\t\t\t\t<div class=\"elementor-widget-container\">\n\t\t\t\t\t<h2 class=\"elementor-heading-title elementor-size-default\">Probl\u00e9my s p\u0159ihl\u00e1\u0161en\u00edm<\/h2>\t\t\t\t<\/div>\n\t\t\t\t<\/div>\n\t\t\t\t<div class=\"elementor-element elementor-element-2a04b62 elementor-widget elementor-widget-text-editor\" data-id=\"2a04b62\" data-element_type=\"widget\" data-widget_type=\"text-editor.default\">\n\t\t\t\t<div class=\"elementor-widget-container\">\n\t\t\t\t\t\t\t\t\t<p>M\u00e1te probl\u00e9my s p\u0159ihl\u00e1\u0161en\u00edm s va\u0161\u00edm SWISH GOLD p\u0159edplatn\u00fdm? To m\u016f\u017ee nastat z n\u00e1sleduj\u00edc\u00edch d\u016fvod\u016f:<\/p>\n\t\t\t\t\t\t\t\t<\/div>\n\t\t\t\t<\/div>\n\t\t\t\t\t<\/div>\n\t\t<\/div>\n\t\t\t\t<div class=\"elementor-column elementor-col-16 elementor-top-column elementor-element elementor-element-0c10b9e\" data-id=\"0c10b9e\" data-element_type=\"column\">\n\t\t\t<div class=\"elementor-widget-wrap\">\n\t\t\t\t\t\t\t<\/div>\n\t\t<\/div>\n\t\t\t\t\t<\/div>\n\t\t<\/section>\n\t\t\t\t<section class=\"elementor-section elementor-top-section elementor-element elementor-element-79fc4da elementor-section-content-middle ct-section-stretched elementor-section-boxed elementor-section-height-default elementor-section-height-default\" data-id=\"79fc4da\" data-element_type=\"section\" data-settings=\"{&quot;background_background&quot;:&quot;classic&quot;}\">\n\t\t\t\t\t\t<div class=\"elementor-container elementor-column-gap-no\">\n\t\t\t\t\t<div class=\"elementor-column elementor-col-50 elementor-top-column elementor-element elementor-element-fae10f6\" data-id=\"fae10f6\" data-element_type=\"column\">\n\t\t\t<div class=\"elementor-widget-wrap elementor-element-populated\">\n\t\t\t\t\t\t<div class=\"elementor-element elementor-element-860b280 elementor-widget elementor-widget-heading\" data-id=\"860b280\" data-element_type=\"widget\" data-widget_type=\"heading.default\">\n\t\t\t\t<div class=\"elementor-widget-container\">\n\t\t\t\t\t<h3 class=\"elementor-heading-title elementor-size-default\">Probl\u00e9my se za\u0159\u00edzen\u00edm <\/h3>\t\t\t\t<\/div>\n\t\t\t\t<\/div>\n\t\t\t\t<div class=\"elementor-element elementor-element-8aaa8fe elementor-widget-divider--view-line elementor-widget elementor-widget-divider\" data-id=\"8aaa8fe\" data-element_type=\"widget\" data-widget_type=\"divider.default\">\n\t\t\t\t<div class=\"elementor-widget-container\">\n\t\t\t\t\t\t\t<div class=\"elementor-divider\">\n\t\t\t<span class=\"elementor-divider-separator\">\n\t\t\t\t\t\t<\/span>\n\t\t<\/div>\n\t\t\t\t\t\t<\/div>\n\t\t\t\t<\/div>\n\t\t\t\t\t<\/div>\n\t\t<\/div>\n\t\t\t\t<div class=\"elementor-column elementor-col-50 elementor-top-column elementor-element elementor-element-742d68f\" data-id=\"742d68f\" data-element_type=\"column\">\n\t\t\t<div class=\"elementor-widget-wrap elementor-element-populated\">\n\t\t\t\t\t\t<div class=\"elementor-element elementor-element-e7baba3 elementor-widget elementor-widget-text-editor\" data-id=\"e7baba3\" data-element_type=\"widget\" data-widget_type=\"text-editor.default\">\n\t\t\t\t<div class=\"elementor-widget-container\">\n\t\t\t\t\t\t\t\t\t<p>Pokud jste z\u00edskali p\u0159edplatn\u00e9 GOLD ze za\u0159\u00edzen\u00ed Android, je velmi pravd\u011bpodobn\u00e9, \u017ee budete m\u00edt probl\u00e9my s p\u0159ihl\u00e1\u0161en\u00edm ze za\u0159\u00edzen\u00ed IOS a naopak. Zkuste se p\u0159ihl\u00e1sit z podobn\u00e9ho za\u0159\u00edzen\u00ed, jak\u00e9 jste pou\u017eili p\u0159i n\u00e1kupu p\u0159edplatn\u00e9ho.<\/p>\n<p>Pokud m\u00e1te stejn\u00fd \u00fa\u010det SWISH otev\u0159en\u00fd na n\u011bkolika za\u0159\u00edzen\u00edch sou\u010dasn\u011b, m\u016f\u017ee to zp\u016fsobit probl\u00e9my s p\u0159ihl\u00e1\u0161en\u00edm. Zkuste se p\u0159ihl\u00e1sit pouze na jednom za\u0159\u00edzen\u00ed.<\/p>\n\t\t\t\t\t\t\t\t<\/div>\n\t\t\t\t<\/div>\n\t\t\t\t\t<\/div>\n\t\t<\/div>\n\t\t\t\t\t<\/div>\n\t\t<\/section>\n\t\t\t\t<section class=\"elementor-section elementor-top-section elementor-element elementor-element-c312705 elementor-section-content-middle elementor-section-boxed elementor-section-height-default elementor-section-height-default\" data-id=\"c312705\" data-element_type=\"section\">\n\t\t\t\t\t\t<div class=\"elementor-container elementor-column-gap-no\">\n\t\t\t\t\t<div class=\"elementor-column elementor-col-50 elementor-top-column elementor-element elementor-element-8f7d6c8\" data-id=\"8f7d6c8\" data-element_type=\"column\">\n\t\t\t<div class=\"elementor-widget-wrap elementor-element-populated\">\n\t\t\t\t\t\t<div class=\"elementor-element elementor-element-33cde2f elementor-widget elementor-widget-heading\" data-id=\"33cde2f\" data-element_type=\"widget\" data-widget_type=\"heading.default\">\n\t\t\t\t<div class=\"elementor-widget-container\">\n\t\t\t\t\t<h3 class=\"elementor-heading-title elementor-size-default\">Probl\u00e9my s e-mailem<\/h3>\t\t\t\t<\/div>\n\t\t\t\t<\/div>\n\t\t\t\t<div class=\"elementor-element elementor-element-d032eed elementor-widget-divider--view-line elementor-widget elementor-widget-divider\" data-id=\"d032eed\" data-element_type=\"widget\" data-widget_type=\"divider.default\">\n\t\t\t\t<div class=\"elementor-widget-container\">\n\t\t\t\t\t\t\t<div class=\"elementor-divider\">\n\t\t\t<span class=\"elementor-divider-separator\">\n\t\t\t\t\t\t<\/span>\n\t\t<\/div>\n\t\t\t\t\t\t<\/div>\n\t\t\t\t<\/div>\n\t\t\t\t<section class=\"elementor-section elementor-inner-section elementor-element elementor-element-24d93d8 elementor-section-boxed elementor-section-height-default elementor-section-height-default\" data-id=\"24d93d8\" data-element_type=\"section\">\n\t\t\t\t\t\t<div class=\"elementor-container elementor-column-gap-default\">\n\t\t\t\t\t<div class=\"elementor-column elementor-col-33 elementor-inner-column elementor-element elementor-element-823afae\" data-id=\"823afae\" data-element_type=\"column\">\n\t\t\t<div class=\"elementor-widget-wrap elementor-element-populated\">\n\t\t\t\t\t\t<div class=\"elementor-element elementor-element-96e7146 elementor-widget elementor-widget-text-editor\" data-id=\"96e7146\" data-element_type=\"widget\" data-widget_type=\"text-editor.default\">\n\t\t\t\t<div class=\"elementor-widget-container\">\n\t\t\t\t\t\t\t\t\t<p>P\u0159ihl\u00e1\u0161en\u00ed e-mailem\/heslem<\/p>\n\t\t\t\t\t\t\t\t<\/div>\n\t\t\t\t<\/div>\n\t\t\t\t<div class=\"elementor-element elementor-element-27f8e46 elementor-widget elementor-widget-video\" data-id=\"27f8e46\" data-element_type=\"widget\" data-settings=\"{&quot;video_type&quot;:&quot;hosted&quot;,&quot;controls&quot;:&quot;yes&quot;}\" data-widget_type=\"video.default\">\n\t\t\t\t<div class=\"elementor-widget-container\">\n\t\t\t\t\t\t\t<div class=\"e-hosted-video elementor-wrapper elementor-open-inline\">\n\t\t\t\t\t<video class=\"elementor-video\" src=\"https:\/\/swishbynbn23.com\/wp-content\/uploads\/2023\/08\/SWISHY-Login.mp4\" controls=\"\" preload=\"metadata\" controlsList=\"nodownload\"><\/video>\n\t\t\t\t<\/div>\n\t\t\t\t\t\t<\/div>\n\t\t\t\t<\/div>\n\t\t\t\t\t<\/div>\n\t\t<\/div>\n\t\t\t\t<div class=\"elementor-column elementor-col-33 elementor-inner-column elementor-element elementor-element-c36454e\" data-id=\"c36454e\" data-element_type=\"column\">\n\t\t\t<div class=\"elementor-widget-wrap elementor-element-populated\">\n\t\t\t\t\t\t<div class=\"elementor-element elementor-element-36794ba elementor-widget elementor-widget-text-editor\" data-id=\"36794ba\" data-element_type=\"widget\" data-widget_type=\"text-editor.default\">\n\t\t\t\t<div class=\"elementor-widget-container\">\n\t\t\t\t\t\t\t\t\t<p>P\u0159ihl\u00e1\u0161en\u00ed p\u0159es Google Play<\/p>\n\t\t\t\t\t\t\t\t<\/div>\n\t\t\t\t<\/div>\n\t\t\t\t<div class=\"elementor-element elementor-element-72eac90 elementor-widget elementor-widget-video\" data-id=\"72eac90\" data-element_type=\"widget\" data-settings=\"{&quot;video_type&quot;:&quot;hosted&quot;,&quot;controls&quot;:&quot;yes&quot;}\" data-widget_type=\"video.default\">\n\t\t\t\t<div class=\"elementor-widget-container\">\n\t\t\t\t\t\t\t<div class=\"e-hosted-video elementor-wrapper elementor-open-inline\">\n\t\t\t\t\t<video class=\"elementor-video\" src=\"https:\/\/swishbynbn23.com\/wp-content\/uploads\/2023\/08\/SWISHY-Google.mp4\" controls=\"\" preload=\"metadata\" controlsList=\"nodownload\"><\/video>\n\t\t\t\t<\/div>\n\t\t\t\t\t\t<\/div>\n\t\t\t\t<\/div>\n\t\t\t\t\t<\/div>\n\t\t<\/div>\n\t\t\t\t<div class=\"elementor-column elementor-col-33 elementor-inner-column elementor-element elementor-element-8802239\" data-id=\"8802239\" data-element_type=\"column\">\n\t\t\t<div class=\"elementor-widget-wrap elementor-element-populated\">\n\t\t\t\t\t\t<div class=\"elementor-element elementor-element-e6168c3 elementor-widget elementor-widget-text-editor\" data-id=\"e6168c3\" data-element_type=\"widget\" data-widget_type=\"text-editor.default\">\n\t\t\t\t<div class=\"elementor-widget-container\">\n\t\t\t\t\t\t\t\t\t<p>P\u0159ihl\u00e1\u0161en\u00ed p\u0159es Apple Store<\/p>\n\t\t\t\t\t\t\t\t<\/div>\n\t\t\t\t<\/div>\n\t\t\t\t<div class=\"elementor-element elementor-element-c950354 elementor-widget elementor-widget-video\" data-id=\"c950354\" data-element_type=\"widget\" data-settings=\"{&quot;video_type&quot;:&quot;hosted&quot;,&quot;controls&quot;:&quot;yes&quot;}\" data-widget_type=\"video.default\">\n\t\t\t\t<div class=\"elementor-widget-container\">\n\t\t\t\t\t\t\t<div class=\"e-hosted-video elementor-wrapper elementor-open-inline\">\n\t\t\t\t\t<video class=\"elementor-video\" src=\"https:\/\/swishbynbn23.com\/wp-content\/uploads\/2023\/08\/SWISHY-Apple-Store.mp4\" controls=\"\" preload=\"metadata\" controlsList=\"nodownload\"><\/video>\n\t\t\t\t<\/div>\n\t\t\t\t\t\t<\/div>\n\t\t\t\t<\/div>\n\t\t\t\t\t<\/div>\n\t\t<\/div>\n\t\t\t\t\t<\/div>\n\t\t<\/section>\n\t\t\t\t\t<\/div>\n\t\t<\/div>\n\t\t\t\t<div class=\"elementor-column elementor-col-50 elementor-top-column elementor-element elementor-element-d42527f\" data-id=\"d42527f\" data-element_type=\"column\">\n\t\t\t<div class=\"elementor-widget-wrap elementor-element-populated\">\n\t\t\t\t\t\t<div class=\"elementor-element elementor-element-e649d1f elementor-widget__width-initial elementor-widget elementor-widget-text-editor\" data-id=\"e649d1f\" data-element_type=\"widget\" data-widget_type=\"text-editor.default\">\n\t\t\t\t<div class=\"elementor-widget-container\">\n\t\t\t\t\t\t\t\t\t<p>N\u011bkdy m\u016f\u017ee b\u00fdt v\u00e1\u0161 \u00fa\u010det propojen s n\u011bkolika emailov\u00fdmi \u00fa\u010dty. Pokud jste zaplatili za jedno p\u0159edplatn\u00e9 GOLD, zkontrolujte v \u010d\u00e1sti \u201eMoje p\u0159edplatn\u00e9\u201c na obrazovce \u201eProfil\u201c stav \u00fa\u010dtu. Pokud je stav \u201eFAN\u201c, zkuste n\u00e1sleduj\u00edc\u00ed:<\/p>\n<ul>\n<li>Zkontrolujte e-mail zobrazen\u00fd v horn\u00ed \u010d\u00e1sti \u201eProfil\u201c obrazovky . Zkuste se odhl\u00e1sit a p\u0159ihl\u00e1sit pomoc\u00ed jin\u00e9ho emailov\u00e9ho \u00fa\u010dtu pomoc\u00ed tla\u010d\u00edtka \u201eGoogle\u201c.<\/li>\n<li>Pokud jste se p\u0159ihl\u00e1sili p\u0159es Facebook, zkuste se p\u0159ihl\u00e1sit pomoc\u00ed tla\u010d\u00edtka &#8222;Facebook&#8220;.<\/li>\n<\/ul>\n<p>V p\u0159\u00edpad\u011b, \u017ee pou\u017e\u00edv\u00e1te za\u0159\u00edzen\u00ed IOS, ob\u010das se stane, \u017ee Apple v okam\u017eiku n\u00e1kupu p\u0159edplatn\u00e9ho GOLD vytvo\u0159\u00ed n\u00e1hodn\u00fd e-mailov\u00fd \u00fa\u010det, jako je tento: <strong>example@appleid.com<\/strong>. Pokud se p\u0159ihl\u00e1s\u00edte pomoc\u00ed tla\u010d\u00edtka \u201eApple\u201c, p\u0159ihl\u00e1s\u00edte se do SWISH pomoc\u00ed tohoto e-mailu. Je mo\u017en\u00e9, \u017ee p\u0159edplatn\u00e9 GOLD je spojeno s t\u00edmto e-mailem. N\u011bkdy m\u016f\u017ee p\u0159ihl\u00e1\u0161en\u00ed pomoc\u00ed otisku prstu zp\u016fsobit probl\u00e9my.<\/p>\n\t\t\t\t\t\t\t\t<\/div>\n\t\t\t\t<\/div>\n\t\t\t\t\t<\/div>\n\t\t<\/div>\n\t\t\t\t\t<\/div>\n\t\t<\/section>\n\t\t\t\t<section class=\"elementor-section elementor-top-section elementor-element elementor-element-f76f6c7 elementor-section-content-middle ct-section-stretched elementor-section-boxed elementor-section-height-default elementor-section-height-default\" data-id=\"f76f6c7\" data-element_type=\"section\" data-settings=\"{&quot;background_background&quot;:&quot;classic&quot;}\">\n\t\t\t\t\t\t<div class=\"elementor-container elementor-column-gap-no\">\n\t\t\t\t\t<div class=\"elementor-column elementor-col-50 elementor-top-column elementor-element elementor-element-201653f\" data-id=\"201653f\" data-element_type=\"column\">\n\t\t\t<div class=\"elementor-widget-wrap elementor-element-populated\">\n\t\t\t\t\t\t<div class=\"elementor-element elementor-element-a1c1dae elementor-widget elementor-widget-heading\" data-id=\"a1c1dae\" data-element_type=\"widget\" data-widget_type=\"heading.default\">\n\t\t\t\t<div class=\"elementor-widget-container\">\n\t\t\t\t\t<h3 class=\"elementor-heading-title elementor-size-default\">Probl\u00e9my s heslem<\/h3>\t\t\t\t<\/div>\n\t\t\t\t<\/div>\n\t\t\t\t<div class=\"elementor-element elementor-element-5b7cc2b elementor-widget-divider--view-line elementor-widget elementor-widget-divider\" data-id=\"5b7cc2b\" data-element_type=\"widget\" data-widget_type=\"divider.default\">\n\t\t\t\t<div class=\"elementor-widget-container\">\n\t\t\t\t\t\t\t<div class=\"elementor-divider\">\n\t\t\t<span class=\"elementor-divider-separator\">\n\t\t\t\t\t\t<\/span>\n\t\t<\/div>\n\t\t\t\t\t\t<\/div>\n\t\t\t\t<\/div>\n\t\t\t\t\t<\/div>\n\t\t<\/div>\n\t\t\t\t<div class=\"elementor-column elementor-col-50 elementor-top-column elementor-element elementor-element-46b2a2a\" data-id=\"46b2a2a\" data-element_type=\"column\">\n\t\t\t<div class=\"elementor-widget-wrap elementor-element-populated\">\n\t\t\t\t\t\t<div class=\"elementor-element elementor-element-bd86ff4 elementor-widget elementor-widget-text-editor\" data-id=\"bd86ff4\" data-element_type=\"widget\" data-widget_type=\"text-editor.default\">\n\t\t\t\t<div class=\"elementor-widget-container\">\n\t\t\t\t\t\t\t\t\t<p>Pokud m\u00e1te probl\u00e9my s heslem \u00fa\u010dtu SWISH p\u0159i p\u0159ihla\u0161ov\u00e1n\u00ed pomoc\u00ed tla\u010d\u00edtka \u201eGoogle\u201c, zkuste vybrat \u201eZapomn\u011bl jsem heslo\u201c. Tato mo\u017enost v\u00e1m umo\u017en\u00ed zapamatovat si heslo nebo vytvo\u0159it nov\u00e9 zasl\u00e1n\u00edm e-mailu na v\u00e1\u0161 \u00fa\u010det Gmail.<\/p>\n\t\t\t\t\t\t\t\t<\/div>\n\t\t\t\t<\/div>\n\t\t\t\t\t<\/div>\n\t\t<\/div>\n\t\t\t\t\t<\/div>\n\t\t<\/section>\n\t\t\t\t<\/div>\n\t\t","protected":false},"excerpt":{"rendered":"<p>Probl\u00e9my s p\u0159ihl\u00e1\u0161en\u00edm M\u00e1te probl\u00e9my s p\u0159ihl\u00e1\u0161en\u00edm s va\u0161\u00edm SWISH GOLD p\u0159edplatn\u00fdm? To m\u016f\u017ee nastat z n\u00e1sleduj\u00edc\u00edch d\u016fvod\u016f: Probl\u00e9my se za\u0159\u00edzen\u00edm Pokud jste z\u00edskali p\u0159edplatn\u00e9 GOLD ze za\u0159\u00edzen\u00ed Android, je velmi pravd\u011bpodobn\u00e9, \u017ee budete m\u00edt probl\u00e9my s p\u0159ihl\u00e1\u0161en\u00edm ze za\u0159\u00edzen\u00ed IOS a naopak. Zkuste se p\u0159ihl\u00e1sit z podobn\u00e9ho za\u0159\u00edzen\u00ed, jak\u00e9 jste pou\u017eili p\u0159i n\u00e1kupu p\u0159edplatn\u00e9ho. [&hellip;]<\/p>\n","protected":false},"author":2,"featured_media":0,"parent":0,"menu_order":0,"comment_status":"closed","ping_status":"closed","template":"","meta":{"footnotes":""},"class_list":["post-1320","page","type-page","status-publish","hentry"],"blocksy_meta":[],"aioseo_notices":[],"_links":{"self":[{"href":"https:\/\/swishbynbn23.com\/cs\/wp-json\/wp\/v2\/pages\/1320","targetHints":{"allow":["GET"]}}],"collection":[{"href":"https:\/\/swishbynbn23.com\/cs\/wp-json\/wp\/v2\/pages"}],"about":[{"href":"https:\/\/swishbynbn23.com\/cs\/wp-json\/wp\/v2\/types\/page"}],"author":[{"embeddable":true,"href":"https:\/\/swishbynbn23.com\/cs\/wp-json\/wp\/v2\/users\/2"}],"replies":[{"embeddable":true,"href":"https:\/\/swishbynbn23.com\/cs\/wp-json\/wp\/v2\/comments?post=1320"}],"version-history":[{"count":1,"href":"https:\/\/swishbynbn23.com\/cs\/wp-json\/wp\/v2\/pages\/1320\/revisions"}],"predecessor-version":[{"id":1321,"href":"https:\/\/swishbynbn23.com\/cs\/wp-json\/wp\/v2\/pages\/1320\/revisions\/1321"}],"wp:attachment":[{"href":"https:\/\/swishbynbn23.com\/cs\/wp-json\/wp\/v2\/media?parent=1320"}],"curies":[{"name":"wp","href":"https:\/\/api.w.org\/{rel}","templated":true}]}}