{"id":1326,"date":"2023-08-03T11:35:06","date_gmt":"2023-08-03T11:35:06","guid":{"rendered":"https:\/\/swishbynbn23.com\/platba-na-podporu"},"modified":"2024-09-23T15:03:19","modified_gmt":"2024-09-23T15:03:19","slug":"platba-na-podporu","status":"publish","type":"page","link":"https:\/\/swishbynbn23.com\/cs\/platba-na-podporu","title":{"rendered":"Platba na podporu"},"content":{"rendered":"\t\t<div data-elementor-type=\"wp-page\" data-elementor-id=\"1326\" class=\"elementor elementor-1326 elementor-628\">\n\t\t\t\t\t\t<section class=\"elementor-section elementor-top-section elementor-element elementor-element-6d455ca ct-section-stretched elementor-section-content-middle elementor-section-boxed elementor-section-height-default elementor-section-height-default\" data-id=\"6d455ca\" data-element_type=\"section\" data-settings=\"{&quot;background_background&quot;:&quot;classic&quot;}\">\n\t\t\t\t\t\t\t<div class=\"elementor-background-overlay\"><\/div>\n\t\t\t\t\t\t\t<div class=\"elementor-container elementor-column-gap-default\">\n\t\t\t\t\t<div class=\"elementor-column elementor-col-16 elementor-top-column elementor-element elementor-element-5a3bd51\" data-id=\"5a3bd51\" data-element_type=\"column\">\n\t\t\t<div class=\"elementor-widget-wrap\">\n\t\t\t\t\t\t\t<\/div>\n\t\t<\/div>\n\t\t\t\t<div class=\"elementor-column elementor-col-66 elementor-top-column elementor-element elementor-element-b77bff0\" data-id=\"b77bff0\" data-element_type=\"column\">\n\t\t\t<div class=\"elementor-widget-wrap elementor-element-populated\">\n\t\t\t\t\t\t<div class=\"elementor-element elementor-element-d108331 elementor-widget elementor-widget-heading\" data-id=\"d108331\" data-element_type=\"widget\" data-widget_type=\"heading.default\">\n\t\t\t\t<div class=\"elementor-widget-container\">\n\t\t\t\t\t<h2 class=\"elementor-heading-title elementor-size-default\">Probl\u00e9my s platbou<\/h2>\t\t\t\t<\/div>\n\t\t\t\t<\/div>\n\t\t\t\t<div class=\"elementor-element elementor-element-2a04b62 elementor-widget elementor-widget-text-editor\" data-id=\"2a04b62\" data-element_type=\"widget\" data-widget_type=\"text-editor.default\">\n\t\t\t\t<div class=\"elementor-widget-container\">\n\t\t\t\t\t\t\t\t\t<p>\u0158e\u0161te sv\u00e9 platby<\/p>\n\t\t\t\t\t\t\t\t<\/div>\n\t\t\t\t<\/div>\n\t\t\t\t\t<\/div>\n\t\t<\/div>\n\t\t\t\t<div class=\"elementor-column elementor-col-16 elementor-top-column elementor-element elementor-element-0c10b9e\" data-id=\"0c10b9e\" data-element_type=\"column\">\n\t\t\t<div class=\"elementor-widget-wrap\">\n\t\t\t\t\t\t\t<\/div>\n\t\t<\/div>\n\t\t\t\t\t<\/div>\n\t\t<\/section>\n\t\t\t\t<section class=\"elementor-section elementor-top-section elementor-element elementor-element-8c02c08 elementor-section-content-middle ct-section-stretched elementor-section-boxed elementor-section-height-default elementor-section-height-default\" data-id=\"8c02c08\" data-element_type=\"section\" data-settings=\"{&quot;background_background&quot;:&quot;classic&quot;}\">\n\t\t\t\t\t\t<div class=\"elementor-container elementor-column-gap-no\">\n\t\t\t\t\t<div class=\"elementor-column elementor-col-50 elementor-top-column elementor-element elementor-element-8e0acee\" data-id=\"8e0acee\" data-element_type=\"column\">\n\t\t\t<div class=\"elementor-widget-wrap elementor-element-populated\">\n\t\t\t\t\t\t<div class=\"elementor-element elementor-element-b0aebb6 elementor-widget elementor-widget-heading\" data-id=\"b0aebb6\" data-element_type=\"widget\" data-widget_type=\"heading.default\">\n\t\t\t\t<div class=\"elementor-widget-container\">\n\t\t\t\t\t<h3 class=\"elementor-heading-title elementor-size-default\">Moje platba byla zam\u00edtnuta. Co m\u00e1m d\u011blat?<\/h3>\t\t\t\t<\/div>\n\t\t\t\t<\/div>\n\t\t\t\t<div class=\"elementor-element elementor-element-463ef6f elementor-widget-divider--view-line elementor-widget elementor-widget-divider\" data-id=\"463ef6f\" data-element_type=\"widget\" data-widget_type=\"divider.default\">\n\t\t\t\t<div class=\"elementor-widget-container\">\n\t\t\t\t\t\t\t<div class=\"elementor-divider\">\n\t\t\t<span class=\"elementor-divider-separator\">\n\t\t\t\t\t\t<\/span>\n\t\t<\/div>\n\t\t\t\t\t\t<\/div>\n\t\t\t\t<\/div>\n\t\t\t\t\t<\/div>\n\t\t<\/div>\n\t\t\t\t<div class=\"elementor-column elementor-col-50 elementor-top-column elementor-element elementor-element-5173334\" data-id=\"5173334\" data-element_type=\"column\">\n\t\t\t<div class=\"elementor-widget-wrap elementor-element-populated\">\n\t\t\t\t\t\t<div class=\"elementor-element elementor-element-6a3db2f elementor-widget elementor-widget-text-editor\" data-id=\"6a3db2f\" data-element_type=\"widget\" data-widget_type=\"text-editor.default\">\n\t\t\t\t<div class=\"elementor-widget-container\">\n\t\t\t\t\t\t\t\t\t<p>Pokud byla va\u0161e platba zam\u00edtnuta, doporu\u010dujeme postupovat n\u00e1sledovn\u011b:<\/p>\n<ul>\n<li>Ujist\u011bte se, \u017ee jsou \u00fadaje o va\u0161\u00ed kart\u011b spr\u00e1vn\u00e9.<\/li>\n<li>Ov\u011b\u0159te, \u017ee m\u00e1te dostatek finan\u010dn\u00edch prost\u0159edk\u016f na sv\u00e9m bankovn\u00edm \u00fa\u010dtu nebo dostate\u010dn\u00fd kreditn\u00ed limit.<\/li>\n<li>Pokud probl\u00e9m p\u0159etrv\u00e1v\u00e1, kontaktujte svou banku pro v\u00edce informac\u00ed o zam\u00edtnut\u00ed platby.<\/li>\n<li>M\u016f\u017eete tak\u00e9 zkusit pou\u017e\u00edt jinou kreditn\u00ed nebo debetn\u00ed kartu, pokud m\u00e1te jednu k dispozici.<\/li>\n<\/ul>\n\t\t\t\t\t\t\t\t<\/div>\n\t\t\t\t<\/div>\n\t\t\t\t\t<\/div>\n\t\t<\/div>\n\t\t\t\t\t<\/div>\n\t\t<\/section>\n\t\t\t\t<section class=\"elementor-section elementor-top-section elementor-element elementor-element-a03b66f elementor-section-content-middle ct-section-stretched elementor-section-boxed elementor-section-height-default elementor-section-height-default\" data-id=\"a03b66f\" data-element_type=\"section\" data-settings=\"{&quot;background_background&quot;:&quot;classic&quot;}\">\n\t\t\t\t\t\t<div class=\"elementor-container elementor-column-gap-no\">\n\t\t\t\t\t<div class=\"elementor-column elementor-col-50 elementor-top-column elementor-element elementor-element-fe8347d\" data-id=\"fe8347d\" data-element_type=\"column\">\n\t\t\t<div class=\"elementor-widget-wrap elementor-element-populated\">\n\t\t\t\t\t\t<div class=\"elementor-element elementor-element-4b1ae42 elementor-widget elementor-widget-heading\" data-id=\"4b1ae42\" data-element_type=\"widget\" data-widget_type=\"heading.default\">\n\t\t\t\t<div class=\"elementor-widget-container\">\n\t\t\t\t\t<h3 class=\"elementor-heading-title elementor-size-default\">Pro\u010d nemohu aktualizovat sv\u00e9 platebn\u00ed \u00fadaje?<\/h3>\t\t\t\t<\/div>\n\t\t\t\t<\/div>\n\t\t\t\t<div class=\"elementor-element elementor-element-573cbdc elementor-widget-divider--view-line elementor-widget elementor-widget-divider\" data-id=\"573cbdc\" data-element_type=\"widget\" data-widget_type=\"divider.default\">\n\t\t\t\t<div class=\"elementor-widget-container\">\n\t\t\t\t\t\t\t<div class=\"elementor-divider\">\n\t\t\t<span class=\"elementor-divider-separator\">\n\t\t\t\t\t\t<\/span>\n\t\t<\/div>\n\t\t\t\t\t\t<\/div>\n\t\t\t\t<\/div>\n\t\t\t\t\t<\/div>\n\t\t<\/div>\n\t\t\t\t<div class=\"elementor-column elementor-col-50 elementor-top-column elementor-element elementor-element-693b94e\" data-id=\"693b94e\" data-element_type=\"column\">\n\t\t\t<div class=\"elementor-widget-wrap elementor-element-populated\">\n\t\t\t\t\t\t<div class=\"elementor-element elementor-element-4e830ee elementor-widget elementor-widget-text-editor\" data-id=\"4e830ee\" data-element_type=\"widget\" data-widget_type=\"text-editor.default\">\n\t\t\t\t<div class=\"elementor-widget-container\">\n\t\t\t\t\t\t\t\t\t<p>Pokud m\u00e1te probl\u00e9my s aktualizac\u00ed va\u0161ich platebn\u00edch \u00fadaj\u016f, zkontrolujte pros\u00edm n\u00e1sleduj\u00edc\u00ed:<\/p>\n<ul>\n<li>Ujist\u011bte se, \u017ee pou\u017e\u00edv\u00e1te nejnov\u011bj\u0161\u00ed verzi aplikace SWISH.<\/li>\n<li>Ujist\u011bte se, \u017ee karta, kterou chcete p\u0159idat, je aktivn\u00ed a nevypr\u0161ela j\u00ed platnost.<\/li>\n<li>Ov\u011b\u0159te, zda faktura\u010dn\u00ed adresa, kterou jste poskytli, odpov\u00edd\u00e1 t\u00e9, kterou m\u00e1te ulo\u017eenou u sv\u00e9 banky.<\/li>\n<li>Pokud nad\u00e1le m\u00e1te pot\u00ed\u017ee, obra\u0165te se na podporu SWISH pro dal\u0161\u00ed pomoc.<\/li>\n<\/ul>\n\t\t\t\t\t\t\t\t<\/div>\n\t\t\t\t<\/div>\n\t\t\t\t\t<\/div>\n\t\t<\/div>\n\t\t\t\t\t<\/div>\n\t\t<\/section>\n\t\t\t\t<section class=\"elementor-section elementor-top-section elementor-element elementor-element-3d747a5 elementor-section-content-middle ct-section-stretched elementor-section-boxed elementor-section-height-default elementor-section-height-default\" data-id=\"3d747a5\" data-element_type=\"section\" data-settings=\"{&quot;background_background&quot;:&quot;classic&quot;}\">\n\t\t\t\t\t\t<div class=\"elementor-container elementor-column-gap-no\">\n\t\t\t\t\t<div class=\"elementor-column elementor-col-50 elementor-top-column elementor-element elementor-element-16c3e4e\" data-id=\"16c3e4e\" data-element_type=\"column\">\n\t\t\t<div class=\"elementor-widget-wrap elementor-element-populated\">\n\t\t\t\t\t\t<div class=\"elementor-element elementor-element-fdef3fa elementor-widget elementor-widget-heading\" data-id=\"fdef3fa\" data-element_type=\"widget\" data-widget_type=\"heading.default\">\n\t\t\t\t<div class=\"elementor-widget-container\">\n\t\t\t\t\t<h3 class=\"elementor-heading-title elementor-size-default\">Moje platba byla \u00fasp\u011b\u0161n\u00e1, ale st\u00e1le nem\u00e1m p\u0159\u00edstup. Co m\u00e1m d\u011blat?<\/h3>\t\t\t\t<\/div>\n\t\t\t\t<\/div>\n\t\t\t\t<div class=\"elementor-element elementor-element-22a94b9 elementor-widget-divider--view-line elementor-widget elementor-widget-divider\" data-id=\"22a94b9\" data-element_type=\"widget\" data-widget_type=\"divider.default\">\n\t\t\t\t<div class=\"elementor-widget-container\">\n\t\t\t\t\t\t\t<div class=\"elementor-divider\">\n\t\t\t<span class=\"elementor-divider-separator\">\n\t\t\t\t\t\t<\/span>\n\t\t<\/div>\n\t\t\t\t\t\t<\/div>\n\t\t\t\t<\/div>\n\t\t\t\t\t<\/div>\n\t\t<\/div>\n\t\t\t\t<div class=\"elementor-column elementor-col-50 elementor-top-column elementor-element elementor-element-f586465\" data-id=\"f586465\" data-element_type=\"column\">\n\t\t\t<div class=\"elementor-widget-wrap elementor-element-populated\">\n\t\t\t\t\t\t<div class=\"elementor-element elementor-element-54d44d0 elementor-widget elementor-widget-text-editor\" data-id=\"54d44d0\" data-element_type=\"widget\" data-widget_type=\"text-editor.default\">\n\t\t\t\t<div class=\"elementor-widget-container\">\n\t\t\t\t\t\t\t\t\t<p>Pokud jste provedli \u00fasp\u011b\u0161nou platbu, ale st\u00e1le nem\u00e1te p\u0159\u00edstup k obsahu SWISH, zkuste n\u00e1sleduj\u00edc\u00ed:<\/p>\n<ul>\n<li>Odhl\u00e1sit se ze sv\u00e9ho \u00fa\u010dtu a znovu se p\u0159ihl\u00e1sit.<\/li>\n<li>Ujist\u011bte se, \u017ee pou\u017e\u00edv\u00e1te ten sam\u00fd \u00fa\u010det, se kter\u00fdm jste provedli platbu.<\/li>\n<li>Zkontrolujte, zda nejsou k dispozici \u017e\u00e1dn\u00e9 nevy\u0159\u00edzen\u00e9 aktualizace aplikace a ujist\u011bte se, \u017ee m\u00e1te nainstalovanou nejnov\u011bj\u0161\u00ed verzi.<\/li>\n<li>Pokud probl\u00e9m p\u0159etrv\u00e1v\u00e1, obra\u0165te se na podporu SWISH pro pomoc.<\/li>\n<\/ul>\n\t\t\t\t\t\t\t\t<\/div>\n\t\t\t\t<\/div>\n\t\t\t\t\t<\/div>\n\t\t<\/div>\n\t\t\t\t\t<\/div>\n\t\t<\/section>\n\t\t\t\t<section class=\"elementor-section elementor-top-section elementor-element elementor-element-0ef6301 elementor-section-content-middle ct-section-stretched elementor-section-boxed elementor-section-height-default elementor-section-height-default\" data-id=\"0ef6301\" data-element_type=\"section\" data-settings=\"{&quot;background_background&quot;:&quot;classic&quot;}\">\n\t\t\t\t\t\t<div class=\"elementor-container elementor-column-gap-no\">\n\t\t\t\t\t<div class=\"elementor-column elementor-col-50 elementor-top-column elementor-element elementor-element-7918e83\" data-id=\"7918e83\" data-element_type=\"column\">\n\t\t\t<div class=\"elementor-widget-wrap elementor-element-populated\">\n\t\t\t\t\t\t<div class=\"elementor-element elementor-element-2f60923 elementor-widget elementor-widget-heading\" data-id=\"2f60923\" data-element_type=\"widget\" data-widget_type=\"heading.default\">\n\t\t\t\t<div class=\"elementor-widget-container\">\n\t\t\t\t\t<h3 class=\"elementor-heading-title elementor-size-default\">Jak mohu po\u017e\u00e1dat o vr\u00e1cen\u00ed pen\u011bz?<\/h3>\t\t\t\t<\/div>\n\t\t\t\t<\/div>\n\t\t\t\t<div class=\"elementor-element elementor-element-1f37b8a elementor-widget-divider--view-line elementor-widget elementor-widget-divider\" data-id=\"1f37b8a\" data-element_type=\"widget\" data-widget_type=\"divider.default\">\n\t\t\t\t<div class=\"elementor-widget-container\">\n\t\t\t\t\t\t\t<div class=\"elementor-divider\">\n\t\t\t<span class=\"elementor-divider-separator\">\n\t\t\t\t\t\t<\/span>\n\t\t<\/div>\n\t\t\t\t\t\t<\/div>\n\t\t\t\t<\/div>\n\t\t\t\t<div class=\"elementor-element elementor-element-5a081fa elementor-widget elementor-widget-text-editor\" data-id=\"5a081fa\" data-element_type=\"widget\" data-widget_type=\"text-editor.default\">\n\t\t\t\t<div class=\"elementor-widget-container\">\n\t\t\t\t\t\t\t\t\t<p>Chcete-li po\u017e\u00e1dat o vr\u00e1cen\u00ed pen\u011bz za zlat\u00e9 p\u0159edplatn\u00e9, mus\u00edte si zlat\u00fd tarif zakoupit v aplikaci Swish (Google Play Store nebo Apple Store).<br \/>\nVr\u00e1cen\u00ed pen\u011bz bude mo\u017en\u00e9 pouze do 48 hodin od zakoupen\u00ed.   <span style=\"color: var( --e-global-color-secondary ); background-color: var( --e-global-color-blocksy_palette_8 ); font-family: var(--theme-font-family); font-style: var(--theme-font-style, inherit); font-variant-ligatures: inherit; font-variant-caps: inherit; letter-spacing: var(--theme-letter-spacing); text-transform: var(--theme-text-transform);\">V\u0161imn\u011bte si, \u017ee politiky a postupy ohledn\u011b vr\u00e1cen\u00ed pen\u011bz se mohou li\u0161it, proto je d\u016fle\u017eit\u00e9 dodr\u017eovat konkr\u00e9tn\u00ed kroky poskytovan\u00e9 Google Play Store nebo Apple App Store k zah\u00e1jen\u00ed \u017e\u00e1dosti o vr\u00e1cen\u00ed pen\u011bz.<\/span><\/p>\n<p>Pokud jste si ji naopak zakoupili ve spole\u010dnosti Swish Area, vr\u00e1cen\u00ed pen\u011bz nebude mo\u017en\u00e9.<\/p>\n\t\t\t\t\t\t\t\t<\/div>\n\t\t\t\t<\/div>\n\t\t\t\t\t<\/div>\n\t\t<\/div>\n\t\t\t\t<div class=\"elementor-column elementor-col-50 elementor-top-column elementor-element elementor-element-ea141f0\" data-id=\"ea141f0\" data-element_type=\"column\">\n\t\t\t<div class=\"elementor-widget-wrap elementor-element-populated\">\n\t\t\t\t\t\t<div class=\"elementor-element elementor-element-5a95d16 elementor-widget elementor-widget-text-editor\" data-id=\"5a95d16\" data-element_type=\"widget\" data-widget_type=\"text-editor.default\">\n\t\t\t\t<div class=\"elementor-widget-container\">\n\t\t\t\t\t\t\t\t\t<p><strong style=\"font-family: inherit; font-size: inherit; font-style: inherit; font-variant-ligatures: inherit; font-variant-caps: inherit; color: var( --e-global-color-secondary ); background-color: var( --e-global-color-blocksy_palette_8 ); letter-spacing: var(--theme-letter-spacing); text-transform: var(--theme-text-transform);\">Pro Google Play Store (Android):<\/strong><\/p>\n<ol>\n<li>Otev\u0159ete aplikaci Google Play Store.<\/li>\n<li>Klepn\u011bte na ikonu menu (obvykle zobrazeno t\u0159emi vodorovn\u00fdmi \u010darami) v lev\u00e9m horn\u00edm rohu.<\/li>\n<li>Vyberte mo\u017enost &#8222;P\u0159edplatn\u00e9&#8220; (Subscriptions).&#8220;<\/li>\n<li>Najd\u011bte a vyberte sv\u00e9 SWISH p\u0159edplatn\u00e9.<\/li>\n<li>Klepn\u011bte na mo\u017enost &#8222;Zru\u0161it&#8220; (Cancel) a postupujte podle pokyn\u016f pro po\u017e\u00e1d\u00e1n\u00ed o vr\u00e1cen\u00ed pen\u011bz.<\/li>\n<\/ol>\n<p><strong>Pro Apple App Store (iOS):<\/strong><\/p>\n<ol>\n<li>Otev\u0159ete aplikaci &#8222;Nastaven\u00ed&#8220; na va\u0161em za\u0159\u00edzen\u00ed s iOS.<\/li>\n<li>Prejd\u011bte dol\u016f a klepn\u011bte na &#8222;iTunes a App Store&#8220; (iTunes &amp; App Store).<\/li>\n<li>Klepn\u011bte na sv\u00e9 Apple ID naho\u0159e na obrazovce.<\/li>\n<li>Vyberte mo\u017enost &#8222;Zobrazit Apple ID&#8220; (View Apple ID) a zadejte sv\u00e9 heslo nebo pou\u017eijte Face ID\/Touch ID, pokud budete vyzv\u00e1ni.<\/li>\n<li>Posu\u0148te se dol\u016f a klepn\u011bte na mo\u017enost &#8222;P\u0159edplatn\u00e9&#8220; (Subscriptions).<\/li>\n<li>Najd\u011bte a vyberte sv\u00e9 SWISH p\u0159edplatn\u00e9.<\/li>\n<li>Klepn\u011bte na &#8222;Zru\u0161it p\u0159edplatn\u00e9&#8220; (Cancel Subscription) a postupujte podle pokyn\u016f pro po\u017e\u00e1d\u00e1n\u00ed o vr\u00e1cen\u00ed pen\u011bz.<\/li>\n<\/ol>\n\t\t\t\t\t\t\t\t<\/div>\n\t\t\t\t<\/div>\n\t\t\t\t\t<\/div>\n\t\t<\/div>\n\t\t\t\t\t<\/div>\n\t\t<\/section>\n\t\t\t\t<section class=\"elementor-section elementor-top-section elementor-element elementor-element-d1e2106 elementor-section-content-middle ct-section-stretched elementor-section-boxed elementor-section-height-default elementor-section-height-default\" data-id=\"d1e2106\" data-element_type=\"section\" data-settings=\"{&quot;background_background&quot;:&quot;classic&quot;}\">\n\t\t\t\t\t\t<div class=\"elementor-container elementor-column-gap-no\">\n\t\t\t\t\t<div class=\"elementor-column elementor-col-50 elementor-top-column elementor-element elementor-element-56654de\" data-id=\"56654de\" data-element_type=\"column\">\n\t\t\t<div class=\"elementor-widget-wrap elementor-element-populated\">\n\t\t\t\t\t\t<div class=\"elementor-element elementor-element-2ab1257 elementor-widget elementor-widget-heading\" data-id=\"2ab1257\" data-element_type=\"widget\" data-widget_type=\"heading.default\">\n\t\t\t\t<div class=\"elementor-widget-container\">\n\t\t\t\t\t<h3 class=\"elementor-heading-title elementor-size-default\">Jak mohu zru\u0161it svoje p\u0159edplatn\u00e9?<\/h3>\t\t\t\t<\/div>\n\t\t\t\t<\/div>\n\t\t\t\t<div class=\"elementor-element elementor-element-31bbb6c elementor-widget-divider--view-line elementor-widget elementor-widget-divider\" data-id=\"31bbb6c\" data-element_type=\"widget\" data-widget_type=\"divider.default\">\n\t\t\t\t<div class=\"elementor-widget-container\">\n\t\t\t\t\t\t\t<div class=\"elementor-divider\">\n\t\t\t<span class=\"elementor-divider-separator\">\n\t\t\t\t\t\t<\/span>\n\t\t<\/div>\n\t\t\t\t\t\t<\/div>\n\t\t\t\t<\/div>\n\t\t\t\t<div class=\"elementor-element elementor-element-5a38480 elementor-widget elementor-widget-text-editor\" data-id=\"5a38480\" data-element_type=\"widget\" data-widget_type=\"text-editor.default\">\n\t\t\t\t<div class=\"elementor-widget-container\">\n\t\t\t\t\t\t\t\t\t<p>M\u00e1te mo\u017enost kdykoli zru\u0161it svoje p\u0159edplatn\u00e9 bez pokut. Kde jste si koupil p\u0159edplatn\u00e9?<\/p>\n<p><b>Na plo\u0161e Swish<\/b><\/p>\n<ol>\n<li>Otev\u0159ete <a style=\"transition: var(--theme-transition); --theme-text-decoration: underline;\" href=\"http:\/\/swisharea.com\/\">str\u00e1nku swisharea.com<\/a> a p\u0159ihlaste se ke sv\u00e9mu \u00fa\u010dtu.<\/li>\n<li>Vyhledejte polo\u017eku &#8222;Spr\u00e1va m\u00e9ho p\u0159edplatn\u00e9ho&#8220;<\/li>\n<li>Zvolte mo\u017enost &#8222;zru\u0161it obnoven\u00ed&#8220;  <\/li>\n<li>Va\u0161e p\u0159\u00edstup k obsahu SWISH GOLD bude pokra\u010dovat a\u017e do konce aktu\u00e1ln\u00edho p\u0159edplatn\u00e9ho obdob\u00ed.<\/li>\n<\/ol>\n\t\t\t\t\t\t\t\t<\/div>\n\t\t\t\t<\/div>\n\t\t\t\t\t<\/div>\n\t\t<\/div>\n\t\t\t\t<div class=\"elementor-column elementor-col-50 elementor-top-column elementor-element elementor-element-af70548\" data-id=\"af70548\" data-element_type=\"column\">\n\t\t\t<div class=\"elementor-widget-wrap elementor-element-populated\">\n\t\t\t\t\t\t<div class=\"elementor-element elementor-element-95874aa elementor-widget elementor-widget-text-editor\" data-id=\"95874aa\" data-element_type=\"widget\" data-widget_type=\"text-editor.default\">\n\t\t\t\t<div class=\"elementor-widget-container\">\n\t\t\t\t\t\t\t\t\t<div><b>V aplikaci Swish:<br \/><\/b><\/div>\n<ol>\n<li>Otev\u0159ete aplikaci SWISH na sv\u00e9m za\u0159\u00edzen\u00ed.<\/li>\n<li>P\u0159ihlaste se do sv\u00e9ho \u00fa\u010dtu SWISH, pokud jste je\u0161t\u011b nebyli p\u0159ihl\u00e1\u0161eni.<\/li>\n<li>P\u0159ejd\u011bte do sekce &#8222;Profil,&#8220; kterou najdete v doln\u00ed \u010d\u00e1sti aplikace.<\/li>\n<li>Hledejte mo\u017enost &#8222;Moje p\u0159edplatn\u00e9&#8220; (My Subscriptions).<\/li>\n<li>Vyberte mo\u017enost &#8218;Zru\u0161it m\u00e9 p\u0159edplatn\u00e9&#8216; (Cancel my subscription)<\/li>\n<li>Postupujte podle pokyn\u016f na obrazovce k potvrzen\u00ed zru\u0161en\u00ed.<\/li>\n<li>Va\u0161e p\u0159\u00edstup k obsahu SWISH GOLD bude pokra\u010dovat a\u017e do konce aktu\u00e1ln\u00edho p\u0159edplatn\u00e9ho obdob\u00ed.<\/li>\n<\/ol>\n<p>Nebo tak\u00e9 m\u016f\u017eete prov\u00e9st zru\u0161en\u00ed prost\u0159ednictv\u00edm obchodu s aplikacemi (Google Play nebo Apple App Store) v sekci &#8218;P\u0159edplatn\u00e9&#8216; (Subscriptions). Po zru\u0161en\u00ed bude v\u00e1\u0161 p\u0159\u00edstup k obsahu SWISH GOLD pozastaven na konci p\u0159edplatn\u00e9ho obdob\u00ed, ale kdykoliv ho m\u016f\u017eete znovu aktivovat.<\/p>\n\t\t\t\t\t\t\t\t<\/div>\n\t\t\t\t<\/div>\n\t\t\t\t\t<\/div>\n\t\t<\/div>\n\t\t\t\t\t<\/div>\n\t\t<\/section>\n\t\t\t\t<section class=\"elementor-section elementor-top-section elementor-element elementor-element-285210a elementor-section-content-middle ct-section-stretched elementor-section-boxed elementor-section-height-default elementor-section-height-default\" data-id=\"285210a\" data-element_type=\"section\" data-settings=\"{&quot;background_background&quot;:&quot;classic&quot;}\">\n\t\t\t\t\t\t<div class=\"elementor-container elementor-column-gap-no\">\n\t\t\t\t\t<div class=\"elementor-column elementor-col-50 elementor-top-column elementor-element elementor-element-0c92d81\" data-id=\"0c92d81\" data-element_type=\"column\">\n\t\t\t<div class=\"elementor-widget-wrap elementor-element-populated\">\n\t\t\t\t\t\t<div class=\"elementor-element elementor-element-55f2633 elementor-widget elementor-widget-heading\" data-id=\"55f2633\" data-element_type=\"widget\" data-widget_type=\"heading.default\">\n\t\t\t\t<div class=\"elementor-widget-container\">\n\t\t\t\t\t<h3 class=\"elementor-heading-title elementor-size-default\">Jak mohu zm\u011bnit sv\u016fj pl\u00e1n p\u0159edplatn\u00e9ho?  <\/h3>\t\t\t\t<\/div>\n\t\t\t\t<\/div>\n\t\t\t\t<div class=\"elementor-element elementor-element-4021a93 elementor-widget-divider--view-line elementor-widget elementor-widget-divider\" data-id=\"4021a93\" data-element_type=\"widget\" data-widget_type=\"divider.default\">\n\t\t\t\t<div class=\"elementor-widget-container\">\n\t\t\t\t\t\t\t<div class=\"elementor-divider\">\n\t\t\t<span class=\"elementor-divider-separator\">\n\t\t\t\t\t\t<\/span>\n\t\t<\/div>\n\t\t\t\t\t\t<\/div>\n\t\t\t\t<\/div>\n\t\t\t\t\t<\/div>\n\t\t<\/div>\n\t\t\t\t<div class=\"elementor-column elementor-col-50 elementor-top-column elementor-element elementor-element-85c64c4\" data-id=\"85c64c4\" data-element_type=\"column\">\n\t\t\t<div class=\"elementor-widget-wrap elementor-element-populated\">\n\t\t\t\t\t\t<div class=\"elementor-element elementor-element-d9bf6e9 elementor-widget elementor-widget-text-editor\" data-id=\"d9bf6e9\" data-element_type=\"widget\" data-widget_type=\"text-editor.default\">\n\t\t\t\t<div class=\"elementor-widget-container\">\n\t\t\t\t\t\t\t\t\t<p>Chcete-li zm\u011bnit pl\u00e1n p\u0159edplatn\u00e9ho, mus\u00edte zru\u0161it st\u00e1vaj\u00edc\u00ed p\u0159edplatn\u00e9.<br \/>\nPo vypr\u0161en\u00ed platnosti st\u00e1vaj\u00edc\u00edho p\u0159edplatn\u00e9ho si m\u016f\u017eete vybrat nov\u00fd pl\u00e1n p\u0159edplatn\u00e9ho, kter\u00fd vyhovuje va\u0161im preferenc\u00edm. <\/p>\n<p><a href=\"http:\/\/swisharea.com\/\"><a href=\"http:\/\/swisharea.com\/\">swisharea.com<\/a><\/a><\/p>\n\t\t\t\t\t\t\t\t<\/div>\n\t\t\t\t<\/div>\n\t\t\t\t\t<\/div>\n\t\t<\/div>\n\t\t\t\t\t<\/div>\n\t\t<\/section>\n\t\t\t\t<\/div>\n\t\t","protected":false},"excerpt":{"rendered":"<p>Probl\u00e9my s platbou \u0158e\u0161te sv\u00e9 platby Moje platba byla zam\u00edtnuta. Co m\u00e1m d\u011blat? Pokud byla va\u0161e platba zam\u00edtnuta, doporu\u010dujeme postupovat n\u00e1sledovn\u011b: Ujist\u011bte se, \u017ee jsou \u00fadaje o va\u0161\u00ed kart\u011b spr\u00e1vn\u00e9. Ov\u011b\u0159te, \u017ee m\u00e1te dostatek finan\u010dn\u00edch prost\u0159edk\u016f na sv\u00e9m bankovn\u00edm \u00fa\u010dtu nebo dostate\u010dn\u00fd kreditn\u00ed limit. Pokud probl\u00e9m p\u0159etrv\u00e1v\u00e1, kontaktujte svou banku pro v\u00edce informac\u00ed o zam\u00edtnut\u00ed [&hellip;]<\/p>\n","protected":false},"author":2,"featured_media":0,"parent":0,"menu_order":0,"comment_status":"closed","ping_status":"closed","template":"","meta":{"footnotes":""},"class_list":["post-1326","page","type-page","status-publish","hentry"],"blocksy_meta":[],"aioseo_notices":[],"_links":{"self":[{"href":"https:\/\/swishbynbn23.com\/cs\/wp-json\/wp\/v2\/pages\/1326","targetHints":{"allow":["GET"]}}],"collection":[{"href":"https:\/\/swishbynbn23.com\/cs\/wp-json\/wp\/v2\/pages"}],"about":[{"href":"https:\/\/swishbynbn23.com\/cs\/wp-json\/wp\/v2\/types\/page"}],"author":[{"embeddable":true,"href":"https:\/\/swishbynbn23.com\/cs\/wp-json\/wp\/v2\/users\/2"}],"replies":[{"embeddable":true,"href":"https:\/\/swishbynbn23.com\/cs\/wp-json\/wp\/v2\/comments?post=1326"}],"version-history":[{"count":2,"href":"https:\/\/swishbynbn23.com\/cs\/wp-json\/wp\/v2\/pages\/1326\/revisions"}],"predecessor-version":[{"id":2554,"href":"https:\/\/swishbynbn23.com\/cs\/wp-json\/wp\/v2\/pages\/1326\/revisions\/2554"}],"wp:attachment":[{"href":"https:\/\/swishbynbn23.com\/cs\/wp-json\/wp\/v2\/media?parent=1326"}],"curies":[{"name":"wp","href":"https:\/\/api.w.org\/{rel}","templated":true}]}}