{"id":2559,"date":"2023-08-03T11:35:06","date_gmt":"2023-08-03T11:35:06","guid":{"rendered":"https:\/\/swishbynbn23.com\/unterstuetzung-zahlung"},"modified":"2024-09-23T15:05:31","modified_gmt":"2024-09-23T15:05:31","slug":"unterstuetzung-zahlung","status":"publish","type":"page","link":"https:\/\/swishbynbn23.com\/de\/unterstuetzung-zahlung","title":{"rendered":"Unterst\u00fctzung Zahlung"},"content":{"rendered":"\t\t<div data-elementor-type=\"wp-page\" data-elementor-id=\"2559\" class=\"elementor elementor-2559 elementor-633\">\n\t\t\t\t\t\t<section class=\"elementor-section elementor-top-section elementor-element elementor-element-6d455ca ct-section-stretched elementor-section-content-middle elementor-section-boxed elementor-section-height-default elementor-section-height-default\" data-id=\"6d455ca\" data-element_type=\"section\" data-settings=\"{&quot;background_background&quot;:&quot;classic&quot;}\">\n\t\t\t\t\t\t\t<div class=\"elementor-background-overlay\"><\/div>\n\t\t\t\t\t\t\t<div class=\"elementor-container elementor-column-gap-default\">\n\t\t\t\t\t<div class=\"elementor-column elementor-col-16 elementor-top-column elementor-element elementor-element-5a3bd51\" data-id=\"5a3bd51\" data-element_type=\"column\">\n\t\t\t<div class=\"elementor-widget-wrap\">\n\t\t\t\t\t\t\t<\/div>\n\t\t<\/div>\n\t\t\t\t<div class=\"elementor-column elementor-col-66 elementor-top-column elementor-element elementor-element-b77bff0\" data-id=\"b77bff0\" data-element_type=\"column\">\n\t\t\t<div class=\"elementor-widget-wrap elementor-element-populated\">\n\t\t\t\t\t\t<div class=\"elementor-element elementor-element-d108331 elementor-widget elementor-widget-heading\" data-id=\"d108331\" data-element_type=\"widget\" data-widget_type=\"heading.default\">\n\t\t\t\t<div class=\"elementor-widget-container\">\n\t\t\t\t\t<h2 class=\"elementor-heading-title elementor-size-default\">Zahlungsprobleme<\/h2>\t\t\t\t<\/div>\n\t\t\t\t<\/div>\n\t\t\t\t<div class=\"elementor-element elementor-element-2a04b62 elementor-widget elementor-widget-text-editor\" data-id=\"2a04b62\" data-element_type=\"widget\" data-widget_type=\"text-editor.default\">\n\t\t\t\t<div class=\"elementor-widget-container\">\n\t\t\t\t\t\t\t\t\t<p>L\u00f6sen Sie Ihre Zahlungsprobleme<\/p>\n\t\t\t\t\t\t\t\t<\/div>\n\t\t\t\t<\/div>\n\t\t\t\t\t<\/div>\n\t\t<\/div>\n\t\t\t\t<div class=\"elementor-column elementor-col-16 elementor-top-column elementor-element elementor-element-0c10b9e\" data-id=\"0c10b9e\" data-element_type=\"column\">\n\t\t\t<div class=\"elementor-widget-wrap\">\n\t\t\t\t\t\t\t<\/div>\n\t\t<\/div>\n\t\t\t\t\t<\/div>\n\t\t<\/section>\n\t\t\t\t<section class=\"elementor-section elementor-top-section elementor-element elementor-element-8c02c08 elementor-section-content-middle ct-section-stretched elementor-section-boxed elementor-section-height-default elementor-section-height-default\" data-id=\"8c02c08\" data-element_type=\"section\" data-settings=\"{&quot;background_background&quot;:&quot;classic&quot;}\">\n\t\t\t\t\t\t<div class=\"elementor-container elementor-column-gap-no\">\n\t\t\t\t\t<div class=\"elementor-column elementor-col-50 elementor-top-column elementor-element elementor-element-8e0acee\" data-id=\"8e0acee\" data-element_type=\"column\">\n\t\t\t<div class=\"elementor-widget-wrap elementor-element-populated\">\n\t\t\t\t\t\t<div class=\"elementor-element elementor-element-b0aebb6 elementor-widget elementor-widget-heading\" data-id=\"b0aebb6\" data-element_type=\"widget\" data-widget_type=\"heading.default\">\n\t\t\t\t<div class=\"elementor-widget-container\">\n\t\t\t\t\t<h3 class=\"elementor-heading-title elementor-size-default\">Meine Zahlung wurde abgelehnt.\nWas sollte ich tun? <\/h3>\t\t\t\t<\/div>\n\t\t\t\t<\/div>\n\t\t\t\t<div class=\"elementor-element elementor-element-463ef6f elementor-widget-divider--view-line elementor-widget elementor-widget-divider\" data-id=\"463ef6f\" data-element_type=\"widget\" data-widget_type=\"divider.default\">\n\t\t\t\t<div class=\"elementor-widget-container\">\n\t\t\t\t\t\t\t<div class=\"elementor-divider\">\n\t\t\t<span class=\"elementor-divider-separator\">\n\t\t\t\t\t\t<\/span>\n\t\t<\/div>\n\t\t\t\t\t\t<\/div>\n\t\t\t\t<\/div>\n\t\t\t\t\t<\/div>\n\t\t<\/div>\n\t\t\t\t<div class=\"elementor-column elementor-col-50 elementor-top-column elementor-element elementor-element-5173334\" data-id=\"5173334\" data-element_type=\"column\">\n\t\t\t<div class=\"elementor-widget-wrap elementor-element-populated\">\n\t\t\t\t\t\t<div class=\"elementor-element elementor-element-6a3db2f elementor-widget elementor-widget-text-editor\" data-id=\"6a3db2f\" data-element_type=\"widget\" data-widget_type=\"text-editor.default\">\n\t\t\t\t<div class=\"elementor-widget-container\">\n\t\t\t\t\t\t\t\t\t<p>Wenn Ihre Zahlung abgelehnt wurde, empfehlen wir Ihnen, diese Schritte zu befolgen:<\/p>\n<ul>\n<li>Vergewissern Sie sich, dass Ihre Kartendaten korrekt sind.<\/li>\n<li>Vergewissern Sie sich, dass Sie \u00fcber ausreichend Geld auf Ihrem Bankkonto oder \u00fcber ein verf\u00fcgbares Kreditlimit verf\u00fcgen.<\/li>\n<li>Wenn das Problem weiterhin besteht, wenden Sie sich an Ihre Bank, um weitere Informationen \u00fcber den R\u00fcckgang zu erhalten.<\/li>\n<li>Sie k\u00f6nnen auch versuchen, eine andere Kredit- oder Debitkarte zu verwenden, wenn Sie eine zur Verf\u00fcgung haben.<\/li>\n<\/ul>\n\t\t\t\t\t\t\t\t<\/div>\n\t\t\t\t<\/div>\n\t\t\t\t\t<\/div>\n\t\t<\/div>\n\t\t\t\t\t<\/div>\n\t\t<\/section>\n\t\t\t\t<section class=\"elementor-section elementor-top-section elementor-element elementor-element-a03b66f elementor-section-content-middle ct-section-stretched elementor-section-boxed elementor-section-height-default elementor-section-height-default\" data-id=\"a03b66f\" data-element_type=\"section\" data-settings=\"{&quot;background_background&quot;:&quot;classic&quot;}\">\n\t\t\t\t\t\t<div class=\"elementor-container elementor-column-gap-no\">\n\t\t\t\t\t<div class=\"elementor-column elementor-col-50 elementor-top-column elementor-element elementor-element-fe8347d\" data-id=\"fe8347d\" data-element_type=\"column\">\n\t\t\t<div class=\"elementor-widget-wrap elementor-element-populated\">\n\t\t\t\t\t\t<div class=\"elementor-element elementor-element-4b1ae42 elementor-widget elementor-widget-heading\" data-id=\"4b1ae42\" data-element_type=\"widget\" data-widget_type=\"heading.default\">\n\t\t\t\t<div class=\"elementor-widget-container\">\n\t\t\t\t\t<h3 class=\"elementor-heading-title elementor-size-default\">Warum kann ich meine Zahlungsinformationen nicht aktualisieren?<\/h3>\t\t\t\t<\/div>\n\t\t\t\t<\/div>\n\t\t\t\t<div class=\"elementor-element elementor-element-573cbdc elementor-widget-divider--view-line elementor-widget elementor-widget-divider\" data-id=\"573cbdc\" data-element_type=\"widget\" data-widget_type=\"divider.default\">\n\t\t\t\t<div class=\"elementor-widget-container\">\n\t\t\t\t\t\t\t<div class=\"elementor-divider\">\n\t\t\t<span class=\"elementor-divider-separator\">\n\t\t\t\t\t\t<\/span>\n\t\t<\/div>\n\t\t\t\t\t\t<\/div>\n\t\t\t\t<\/div>\n\t\t\t\t\t<\/div>\n\t\t<\/div>\n\t\t\t\t<div class=\"elementor-column elementor-col-50 elementor-top-column elementor-element elementor-element-693b94e\" data-id=\"693b94e\" data-element_type=\"column\">\n\t\t\t<div class=\"elementor-widget-wrap elementor-element-populated\">\n\t\t\t\t\t\t<div class=\"elementor-element elementor-element-4e830ee elementor-widget elementor-widget-text-editor\" data-id=\"4e830ee\" data-element_type=\"widget\" data-widget_type=\"text-editor.default\">\n\t\t\t\t<div class=\"elementor-widget-container\">\n\t\t\t\t\t\t\t\t\t<p>Wenn Sie Probleme haben, Ihre Zahlungsinformationen zu aktualisieren, \u00fcberpr\u00fcfen Sie bitte Folgendes:<\/p>\n<ul>\n<li>Stellen Sie sicher, dass Sie die neueste Version der SWISH-App verwenden.<\/li>\n<li>Stellen Sie sicher, dass die Karte, die Sie hinzuf\u00fcgen m\u00f6chten, aktiv und nicht abgelaufen ist.<\/li>\n<li>\u00dcberpr\u00fcfen Sie, ob die von Ihnen angegebene Rechnungsadresse mit der bei Ihrer Bank gespeicherten Adresse \u00fcbereinstimmt.<\/li>\n<li>Wenn Sie weiterhin Probleme haben, wenden Sie sich bitte an den SWISH-Support, um weitere Unterst\u00fctzung zu erhalten.<\/li>\n<\/ul>\n\t\t\t\t\t\t\t\t<\/div>\n\t\t\t\t<\/div>\n\t\t\t\t\t<\/div>\n\t\t<\/div>\n\t\t\t\t\t<\/div>\n\t\t<\/section>\n\t\t\t\t<section class=\"elementor-section elementor-top-section elementor-element elementor-element-3d747a5 elementor-section-content-middle ct-section-stretched elementor-section-boxed elementor-section-height-default elementor-section-height-default\" data-id=\"3d747a5\" data-element_type=\"section\" data-settings=\"{&quot;background_background&quot;:&quot;classic&quot;}\">\n\t\t\t\t\t\t<div class=\"elementor-container elementor-column-gap-no\">\n\t\t\t\t\t<div class=\"elementor-column elementor-col-50 elementor-top-column elementor-element elementor-element-16c3e4e\" data-id=\"16c3e4e\" data-element_type=\"column\">\n\t\t\t<div class=\"elementor-widget-wrap elementor-element-populated\">\n\t\t\t\t\t\t<div class=\"elementor-element elementor-element-fdef3fa elementor-widget elementor-widget-heading\" data-id=\"fdef3fa\" data-element_type=\"widget\" data-widget_type=\"heading.default\">\n\t\t\t\t<div class=\"elementor-widget-container\">\n\t\t\t\t\t<h3 class=\"elementor-heading-title elementor-size-default\">Meine Zahlung war erfolgreich, aber ich habe immer noch keinen Zugang.\nWas soll ich tun? <\/h3>\t\t\t\t<\/div>\n\t\t\t\t<\/div>\n\t\t\t\t<div class=\"elementor-element elementor-element-22a94b9 elementor-widget-divider--view-line elementor-widget elementor-widget-divider\" data-id=\"22a94b9\" data-element_type=\"widget\" data-widget_type=\"divider.default\">\n\t\t\t\t<div class=\"elementor-widget-container\">\n\t\t\t\t\t\t\t<div class=\"elementor-divider\">\n\t\t\t<span class=\"elementor-divider-separator\">\n\t\t\t\t\t\t<\/span>\n\t\t<\/div>\n\t\t\t\t\t\t<\/div>\n\t\t\t\t<\/div>\n\t\t\t\t\t<\/div>\n\t\t<\/div>\n\t\t\t\t<div class=\"elementor-column elementor-col-50 elementor-top-column elementor-element elementor-element-f586465\" data-id=\"f586465\" data-element_type=\"column\">\n\t\t\t<div class=\"elementor-widget-wrap elementor-element-populated\">\n\t\t\t\t\t\t<div class=\"elementor-element elementor-element-54d44d0 elementor-widget elementor-widget-text-editor\" data-id=\"54d44d0\" data-element_type=\"widget\" data-widget_type=\"text-editor.default\">\n\t\t\t\t<div class=\"elementor-widget-container\">\n\t\t\t\t\t\t\t\t\t<p>Wenn Sie erfolgreich gezahlt haben, aber immer noch keinen Zugang zu den SWISH-Inhalten haben, versuchen Sie Folgendes:<\/p>\n<ul>\n<li>Melden Sie sich von Ihrem Konto ab und melden Sie sich wieder an.<\/li>\n<li>Vergewissern Sie sich, dass Sie dasselbe Konto verwenden, mit dem Sie die Zahlung vorgenommen haben.<\/li>\n<li>Pr\u00fcfen Sie, ob Updates f\u00fcr die App anstehen und stellen Sie sicher, dass Sie die neueste Version installiert haben.<\/li>\n<li>Wenn das Problem weiterhin besteht, wenden Sie sich an den SWISH-Support.<\/li>\n<\/ul>\n\t\t\t\t\t\t\t\t<\/div>\n\t\t\t\t<\/div>\n\t\t\t\t\t<\/div>\n\t\t<\/div>\n\t\t\t\t\t<\/div>\n\t\t<\/section>\n\t\t\t\t<section class=\"elementor-section elementor-top-section elementor-element elementor-element-0ef6301 elementor-section-content-middle ct-section-stretched elementor-section-boxed elementor-section-height-default elementor-section-height-default\" data-id=\"0ef6301\" data-element_type=\"section\" data-settings=\"{&quot;background_background&quot;:&quot;classic&quot;}\">\n\t\t\t\t\t\t<div class=\"elementor-container elementor-column-gap-no\">\n\t\t\t\t\t<div class=\"elementor-column elementor-col-50 elementor-top-column elementor-element elementor-element-7918e83\" data-id=\"7918e83\" data-element_type=\"column\">\n\t\t\t<div class=\"elementor-widget-wrap elementor-element-populated\">\n\t\t\t\t\t\t<div class=\"elementor-element elementor-element-2f60923 elementor-widget elementor-widget-heading\" data-id=\"2f60923\" data-element_type=\"widget\" data-widget_type=\"heading.default\">\n\t\t\t\t<div class=\"elementor-widget-container\">\n\t\t\t\t\t<h3 class=\"elementor-heading-title elementor-size-default\">Wie kann ich eine R\u00fcckerstattung beantragen?<\/h3>\t\t\t\t<\/div>\n\t\t\t\t<\/div>\n\t\t\t\t<div class=\"elementor-element elementor-element-1f37b8a elementor-widget-divider--view-line elementor-widget elementor-widget-divider\" data-id=\"1f37b8a\" data-element_type=\"widget\" data-widget_type=\"divider.default\">\n\t\t\t\t<div class=\"elementor-widget-container\">\n\t\t\t\t\t\t\t<div class=\"elementor-divider\">\n\t\t\t<span class=\"elementor-divider-separator\">\n\t\t\t\t\t\t<\/span>\n\t\t<\/div>\n\t\t\t\t\t\t<\/div>\n\t\t\t\t<\/div>\n\t\t\t\t<div class=\"elementor-element elementor-element-5a081fa elementor-widget elementor-widget-text-editor\" data-id=\"5a081fa\" data-element_type=\"widget\" data-widget_type=\"text-editor.default\">\n\t\t\t\t<div class=\"elementor-widget-container\">\n\t\t\t\t\t\t\t\t\t<p>Um eine R\u00fcckerstattung f\u00fcr Ihr Gold-Abonnement zu beantragen, m\u00fcssen Sie Ihren Gold-Plan \u00fcber die Swish-App (Google Play Store oder Apple Store) erworben haben.<br \/>\nDiese R\u00fcckerstattung ist nur innerhalb von 48 Stunden nach Ihrem Kauf m\u00f6glich.   <span style=\"color: var( --e-global-color-secondary ); background-color: var( --e-global-color-blocksy_palette_8 ); font-family: var(--theme-font-family); font-style: var(--theme-font-style, inherit); font-variant-ligatures: inherit; font-variant-caps: inherit; letter-spacing: var(--theme-letter-spacing); text-transform: var(--theme-text-transform);\">Bitte beachten Sie, dass die R\u00fcckerstattungsrichtlinien und -prozesse variieren k\u00f6nnen. Es ist daher wichtig, dass Sie die spezifischen Schritte im Google Play Store oder Apple App Store befolgen, um Ihre R\u00fcckerstattungsanfrage zu starten.<\/span><\/p>\n<p>Wenn Sie es hingegen bei Swish Area gekauft haben, ist eine R\u00fcckerstattung nicht m\u00f6glich.<\/p>\n\t\t\t\t\t\t\t\t<\/div>\n\t\t\t\t<\/div>\n\t\t\t\t\t<\/div>\n\t\t<\/div>\n\t\t\t\t<div class=\"elementor-column elementor-col-50 elementor-top-column elementor-element elementor-element-ea141f0\" data-id=\"ea141f0\" data-element_type=\"column\">\n\t\t\t<div class=\"elementor-widget-wrap elementor-element-populated\">\n\t\t\t\t\t\t<div class=\"elementor-element elementor-element-5a95d16 elementor-widget elementor-widget-text-editor\" data-id=\"5a95d16\" data-element_type=\"widget\" data-widget_type=\"text-editor.default\">\n\t\t\t\t<div class=\"elementor-widget-container\">\n\t\t\t\t\t\t\t\t\t<p><strong style=\"font-family: inherit; font-size: inherit; font-style: inherit; font-variant-ligatures: inherit; font-variant-caps: inherit; color: var( --e-global-color-secondary ); background-color: var( --e-global-color-blocksy_palette_8 ); letter-spacing: var(--theme-letter-spacing); text-transform: var(--theme-text-transform);\">F\u00fcr Google Play Store (Android):<\/strong><\/p>\n<ol>\n<li>\u00d6ffnen Sie die Google Play Store App.<\/li>\n<li>Tippen Sie auf das Men\u00fcsymbol (normalerweise durch drei horizontale Linien dargestellt) in der oberen linken Ecke.<\/li>\n<li>W\u00e4hlen Sie &#8222;Abonnements&#8220;.<\/li>\n<li>Suchen Sie Ihr SWISH-Abonnement und w\u00e4hlen Sie es aus.<\/li>\n<li>Tippen Sie auf &#8222;Abbrechen&#8220; und folgen Sie den Anweisungen, um eine Erstattung zu beantragen.<\/li>\n<\/ol>\n<p><strong>F\u00fcr Apple App Store (iOS):<\/strong><\/p>\n<ol>\n<li>\u00d6ffnen Sie die App &#8222;Einstellungen&#8220; auf Ihrem iOS-Ger\u00e4t.<\/li>\n<li>Scrollen Sie nach unten und tippen Sie auf &#8222;iTunes &amp; App Store&#8220;.<\/li>\n<li>Tippen Sie oben auf dem Bildschirm auf Ihre Apple ID.<\/li>\n<li>W\u00e4hlen Sie &#8222;Apple ID anzeigen&#8220; und geben Sie Ihr Passwort ein oder verwenden Sie Face ID\/Touch ID, wenn Sie dazu aufgefordert werden.<\/li>\n<li>Scrollen Sie nach unten und tippen Sie auf &#8222;Abonnements&#8220;.<\/li>\n<li>Suchen Sie Ihr SWISH-Abonnement und w\u00e4hlen Sie es aus.<\/li>\n<li>Tippen Sie auf &#8222;Abonnement k\u00fcndigen&#8220; und folgen Sie den Anweisungen, um eine Erstattung zu beantragen.<\/li>\n<\/ol>\n\t\t\t\t\t\t\t\t<\/div>\n\t\t\t\t<\/div>\n\t\t\t\t\t<\/div>\n\t\t<\/div>\n\t\t\t\t\t<\/div>\n\t\t<\/section>\n\t\t\t\t<section class=\"elementor-section elementor-top-section elementor-element elementor-element-d1e2106 elementor-section-content-middle ct-section-stretched elementor-section-boxed elementor-section-height-default elementor-section-height-default\" data-id=\"d1e2106\" data-element_type=\"section\" data-settings=\"{&quot;background_background&quot;:&quot;classic&quot;}\">\n\t\t\t\t\t\t<div class=\"elementor-container elementor-column-gap-no\">\n\t\t\t\t\t<div class=\"elementor-column elementor-col-50 elementor-top-column elementor-element elementor-element-56654de\" data-id=\"56654de\" data-element_type=\"column\">\n\t\t\t<div class=\"elementor-widget-wrap elementor-element-populated\">\n\t\t\t\t\t\t<div class=\"elementor-element elementor-element-2ab1257 elementor-widget elementor-widget-heading\" data-id=\"2ab1257\" data-element_type=\"widget\" data-widget_type=\"heading.default\">\n\t\t\t\t<div class=\"elementor-widget-container\">\n\t\t\t\t\t<h3 class=\"elementor-heading-title elementor-size-default\">Wie kann ich mein Abonnement k\u00fcndigen?<\/h3>\t\t\t\t<\/div>\n\t\t\t\t<\/div>\n\t\t\t\t<div class=\"elementor-element elementor-element-31bbb6c elementor-widget-divider--view-line elementor-widget elementor-widget-divider\" data-id=\"31bbb6c\" data-element_type=\"widget\" data-widget_type=\"divider.default\">\n\t\t\t\t<div class=\"elementor-widget-container\">\n\t\t\t\t\t\t\t<div class=\"elementor-divider\">\n\t\t\t<span class=\"elementor-divider-separator\">\n\t\t\t\t\t\t<\/span>\n\t\t<\/div>\n\t\t\t\t\t\t<\/div>\n\t\t\t\t<\/div>\n\t\t\t\t<div class=\"elementor-element elementor-element-5a38480 elementor-widget elementor-widget-text-editor\" data-id=\"5a38480\" data-element_type=\"widget\" data-widget_type=\"text-editor.default\">\n\t\t\t\t<div class=\"elementor-widget-container\">\n\t\t\t\t\t\t\t\t\t<p>Sie haben die M\u00f6glichkeit, Ihr Abonnement jederzeit zu k\u00fcndigen, ohne dass Ihnen dadurch Kosten entstehen.<br \/>\nWo haben Sie Ihr Abonnement gekauft? <\/p>\n<p><b>Auf Swish Area<\/b><\/p>\n<ol>\n<li>\u00d6ffnen Sie <a style=\"transition: var(--theme-transition); --theme-text-decoration: underline;\" href=\"http:\/\/swisharea.com\/\">swisharea.com<\/a> und melden Sie sich bei Ihrem Konto an.<\/li>\n<li>Suchen Sie nach &#8222;Mein Abonnement verwalten&#8220;.<\/li>\n<li>W\u00e4hlen Sie &#8222;Erneuerung abbrechen&#8220;.  <\/li>\n<li>Ihr Zugang zu den SWISH GOLD-Inhalten bleibt bis zum Ende Ihres aktuellen Abonnementzeitraums erhalten.<\/li>\n<\/ol>\n\t\t\t\t\t\t\t\t<\/div>\n\t\t\t\t<\/div>\n\t\t\t\t\t<\/div>\n\t\t<\/div>\n\t\t\t\t<div class=\"elementor-column elementor-col-50 elementor-top-column elementor-element elementor-element-af70548\" data-id=\"af70548\" data-element_type=\"column\">\n\t\t\t<div class=\"elementor-widget-wrap elementor-element-populated\">\n\t\t\t\t\t\t<div class=\"elementor-element elementor-element-95874aa elementor-widget elementor-widget-text-editor\" data-id=\"95874aa\" data-element_type=\"widget\" data-widget_type=\"text-editor.default\">\n\t\t\t\t<div class=\"elementor-widget-container\">\n\t\t\t\t\t\t\t\t\t<div><b>Auf Swish App:<br \/><\/b><\/div>\n<ol>\n<li>\u00d6ffnen Sie die SWISH-App auf Ihrem Ger\u00e4t.<\/li>\n<li>Loggen Sie sich in Ihr SWISH-Konto ein, falls Sie das noch nicht getan haben.<\/li>\n<li>Navigieren Sie zum Abschnitt &#8222;Profil&#8220;, den Sie unten in der App finden.<\/li>\n<li>Suchen Sie nach der Option &#8222;Meine Abonnements&#8220;.<\/li>\n<li>W\u00e4hlen Sie die Option &#8222;Mein Abonnement k\u00fcndigen&#8220;.<\/li>\n<li>Folgen Sie den Anweisungen auf dem Bildschirm, um die Stornierung zu best\u00e4tigen.<\/li>\n<li>Ihr Zugang zu den SWISH GOLD-Inhalten bleibt bis zum Ende Ihres aktuellen Abonnementzeitraums erhalten.<\/li>\n<\/ol>\n<p>Oder \u00fcber Ihren App Store (Google Play oder Apple App Store) unter der Rubrik &#8222;Abonnements&#8220;.<br \/>\nNach der K\u00fcndigung wird Ihr Zugang zu den SWISH GOLD-Inhalten am Ende des Abonnementzeitraums ausgesetzt, Sie k\u00f6nnen ihn aber jederzeit wieder aktivieren. <\/p>\n\t\t\t\t\t\t\t\t<\/div>\n\t\t\t\t<\/div>\n\t\t\t\t\t<\/div>\n\t\t<\/div>\n\t\t\t\t\t<\/div>\n\t\t<\/section>\n\t\t\t\t<section class=\"elementor-section elementor-top-section elementor-element elementor-element-285210a elementor-section-content-middle ct-section-stretched elementor-section-boxed elementor-section-height-default elementor-section-height-default\" data-id=\"285210a\" data-element_type=\"section\" data-settings=\"{&quot;background_background&quot;:&quot;classic&quot;}\">\n\t\t\t\t\t\t<div class=\"elementor-container elementor-column-gap-no\">\n\t\t\t\t\t<div class=\"elementor-column elementor-col-50 elementor-top-column elementor-element elementor-element-0c92d81\" data-id=\"0c92d81\" data-element_type=\"column\">\n\t\t\t<div class=\"elementor-widget-wrap elementor-element-populated\">\n\t\t\t\t\t\t<div class=\"elementor-element elementor-element-55f2633 elementor-widget elementor-widget-heading\" data-id=\"55f2633\" data-element_type=\"widget\" data-widget_type=\"heading.default\">\n\t\t\t\t<div class=\"elementor-widget-container\">\n\t\t\t\t\t<h3 class=\"elementor-heading-title elementor-size-default\">Wie kann ich meinen Abonnementplan \u00e4ndern?  <\/h3>\t\t\t\t<\/div>\n\t\t\t\t<\/div>\n\t\t\t\t<div class=\"elementor-element elementor-element-4021a93 elementor-widget-divider--view-line elementor-widget elementor-widget-divider\" data-id=\"4021a93\" data-element_type=\"widget\" data-widget_type=\"divider.default\">\n\t\t\t\t<div class=\"elementor-widget-container\">\n\t\t\t\t\t\t\t<div class=\"elementor-divider\">\n\t\t\t<span class=\"elementor-divider-separator\">\n\t\t\t\t\t\t<\/span>\n\t\t<\/div>\n\t\t\t\t\t\t<\/div>\n\t\t\t\t<\/div>\n\t\t\t\t\t<\/div>\n\t\t<\/div>\n\t\t\t\t<div class=\"elementor-column elementor-col-50 elementor-top-column elementor-element elementor-element-85c64c4\" data-id=\"85c64c4\" data-element_type=\"column\">\n\t\t\t<div class=\"elementor-widget-wrap elementor-element-populated\">\n\t\t\t\t\t\t<div class=\"elementor-element elementor-element-d9bf6e9 elementor-widget elementor-widget-text-editor\" data-id=\"d9bf6e9\" data-element_type=\"widget\" data-widget_type=\"text-editor.default\">\n\t\t\t\t<div class=\"elementor-widget-container\">\n\t\t\t\t\t\t\t\t\t<p>Um Ihren Abonnementplan zu \u00e4ndern, m\u00fcssen Sie Ihr aktuelles Abonnement k\u00fcndigen.<br \/>\nSobald Ihr aktuelles Abonnement ausl\u00e4uft, k\u00f6nnen Sie einen neuen Abonnementplan ausw\u00e4hlen, der Ihren W\u00fcnschen entspricht. <\/p>\n<p><a href=\"http:\/\/swisharea.com\/\"><a href=\"http:\/\/swisharea.com\/\">swisharea.com<\/a><\/a><\/p>\n\t\t\t\t\t\t\t\t<\/div>\n\t\t\t\t<\/div>\n\t\t\t\t\t<\/div>\n\t\t<\/div>\n\t\t\t\t\t<\/div>\n\t\t<\/section>\n\t\t\t\t<\/div>\n\t\t","protected":false},"excerpt":{"rendered":"<p>Zahlungsprobleme L\u00f6sen Sie Ihre Zahlungsprobleme Meine Zahlung wurde abgelehnt. Was sollte ich tun? Wenn Ihre Zahlung abgelehnt wurde, empfehlen wir Ihnen, diese Schritte zu befolgen: Vergewissern Sie sich, dass Ihre Kartendaten korrekt sind. Vergewissern Sie sich, dass Sie \u00fcber ausreichend Geld auf Ihrem Bankkonto oder \u00fcber ein verf\u00fcgbares Kreditlimit verf\u00fcgen. Wenn das Problem weiterhin besteht, [&hellip;]<\/p>\n","protected":false},"author":2,"featured_media":0,"parent":0,"menu_order":0,"comment_status":"closed","ping_status":"closed","template":"","meta":{"footnotes":""},"class_list":["post-2559","page","type-page","status-publish","hentry"],"blocksy_meta":[],"aioseo_notices":[],"_links":{"self":[{"href":"https:\/\/swishbynbn23.com\/de\/wp-json\/wp\/v2\/pages\/2559","targetHints":{"allow":["GET"]}}],"collection":[{"href":"https:\/\/swishbynbn23.com\/de\/wp-json\/wp\/v2\/pages"}],"about":[{"href":"https:\/\/swishbynbn23.com\/de\/wp-json\/wp\/v2\/types\/page"}],"author":[{"embeddable":true,"href":"https:\/\/swishbynbn23.com\/de\/wp-json\/wp\/v2\/users\/2"}],"replies":[{"embeddable":true,"href":"https:\/\/swishbynbn23.com\/de\/wp-json\/wp\/v2\/comments?post=2559"}],"version-history":[{"count":1,"href":"https:\/\/swishbynbn23.com\/de\/wp-json\/wp\/v2\/pages\/2559\/revisions"}],"predecessor-version":[{"id":2560,"href":"https:\/\/swishbynbn23.com\/de\/wp-json\/wp\/v2\/pages\/2559\/revisions\/2560"}],"wp:attachment":[{"href":"https:\/\/swishbynbn23.com\/de\/wp-json\/wp\/v2\/media?parent=2559"}],"curies":[{"name":"wp","href":"https:\/\/api.w.org\/{rel}","templated":true}]}}