{"id":640,"date":"2023-08-03T11:37:37","date_gmt":"2023-08-03T11:37:37","guid":{"rendered":"https:\/\/swishbynbn23.com\/ayuda-en-directo"},"modified":"2023-09-22T18:04:29","modified_gmt":"2023-09-22T18:04:29","slug":"ayuda-en-directo","status":"publish","type":"page","link":"https:\/\/swishbynbn23.com\/es\/ayuda-en-directo","title":{"rendered":"Ayuda en directo"},"content":{"rendered":"\t\t<div data-elementor-type=\"wp-page\" data-elementor-id=\"640\" class=\"elementor elementor-640 elementor-635\">\n\t\t\t\t\t\t<section class=\"elementor-section elementor-top-section elementor-element elementor-element-6d455ca ct-section-stretched elementor-section-content-middle elementor-section-boxed elementor-section-height-default elementor-section-height-default\" data-id=\"6d455ca\" data-element_type=\"section\" data-settings=\"{&quot;background_background&quot;:&quot;classic&quot;}\">\n\t\t\t\t\t\t\t<div class=\"elementor-background-overlay\"><\/div>\n\t\t\t\t\t\t\t<div class=\"elementor-container elementor-column-gap-default\">\n\t\t\t\t\t<div class=\"elementor-column elementor-col-16 elementor-top-column elementor-element elementor-element-5a3bd51\" data-id=\"5a3bd51\" data-element_type=\"column\">\n\t\t\t<div class=\"elementor-widget-wrap\">\n\t\t\t\t\t\t\t<\/div>\n\t\t<\/div>\n\t\t\t\t<div class=\"elementor-column elementor-col-66 elementor-top-column elementor-element elementor-element-b77bff0\" data-id=\"b77bff0\" data-element_type=\"column\">\n\t\t\t<div class=\"elementor-widget-wrap elementor-element-populated\">\n\t\t\t\t\t\t<div class=\"elementor-element elementor-element-d108331 elementor-widget elementor-widget-heading\" data-id=\"d108331\" data-element_type=\"widget\" data-widget_type=\"heading.default\">\n\t\t\t\t<div class=\"elementor-widget-container\">\n\t\t\t\t\t<h2 class=\"elementor-heading-title elementor-size-default\">Problemas en directo<\/h2>\t\t\t\t<\/div>\n\t\t\t\t<\/div>\n\t\t\t\t<div class=\"elementor-element elementor-element-2a04b62 elementor-widget elementor-widget-text-editor\" data-id=\"2a04b62\" data-element_type=\"widget\" data-widget_type=\"text-editor.default\">\n\t\t\t\t<div class=\"elementor-widget-container\">\n\t\t\t\t\t\t\t\t\t<p>Si tu partido no est\u00e1 en directo en SWISH, comprueba estas opciones para saber por qu\u00e9.<\/p>\n\t\t\t\t\t\t\t\t<\/div>\n\t\t\t\t<\/div>\n\t\t\t\t\t<\/div>\n\t\t<\/div>\n\t\t\t\t<div class=\"elementor-column elementor-col-16 elementor-top-column elementor-element elementor-element-0c10b9e\" data-id=\"0c10b9e\" data-element_type=\"column\">\n\t\t\t<div class=\"elementor-widget-wrap\">\n\t\t\t\t\t\t\t<\/div>\n\t\t<\/div>\n\t\t\t\t\t<\/div>\n\t\t<\/section>\n\t\t\t\t<section class=\"elementor-section elementor-top-section elementor-element elementor-element-61921c9 elementor-section-content-middle ct-section-stretched elementor-section-boxed elementor-section-height-default elementor-section-height-default\" data-id=\"61921c9\" data-element_type=\"section\" data-settings=\"{&quot;background_background&quot;:&quot;classic&quot;}\">\n\t\t\t\t\t\t<div class=\"elementor-container elementor-column-gap-no\">\n\t\t\t\t\t<div class=\"elementor-column elementor-col-50 elementor-top-column elementor-element elementor-element-b43c8dc\" data-id=\"b43c8dc\" data-element_type=\"column\">\n\t\t\t<div class=\"elementor-widget-wrap elementor-element-populated\">\n\t\t\t\t\t\t<div class=\"elementor-element elementor-element-df4f9c1 elementor-widget elementor-widget-heading\" data-id=\"df4f9c1\" data-element_type=\"widget\" data-widget_type=\"heading.default\">\n\t\t\t\t<div class=\"elementor-widget-container\">\n\t\t\t\t\t<h3 class=\"elementor-heading-title elementor-size-default\">El partido no est\u00e1 en directo<\/h3>\t\t\t\t<\/div>\n\t\t\t\t<\/div>\n\t\t\t\t<div class=\"elementor-element elementor-element-44aab85 elementor-widget-divider--view-line elementor-widget elementor-widget-divider\" data-id=\"44aab85\" data-element_type=\"widget\" data-widget_type=\"divider.default\">\n\t\t\t\t<div class=\"elementor-widget-container\">\n\t\t\t\t\t\t\t<div class=\"elementor-divider\">\n\t\t\t<span class=\"elementor-divider-separator\">\n\t\t\t\t\t\t<\/span>\n\t\t<\/div>\n\t\t\t\t\t\t<\/div>\n\t\t\t\t<\/div>\n\t\t\t\t\t<\/div>\n\t\t<\/div>\n\t\t\t\t<div class=\"elementor-column elementor-col-50 elementor-top-column elementor-element elementor-element-2a84ef6\" data-id=\"2a84ef6\" data-element_type=\"column\">\n\t\t\t<div class=\"elementor-widget-wrap elementor-element-populated\">\n\t\t\t\t\t\t<div class=\"elementor-element elementor-element-f458af3 elementor-widget elementor-widget-text-editor\" data-id=\"f458af3\" data-element_type=\"widget\" data-widget_type=\"text-editor.default\">\n\t\t\t\t<div class=\"elementor-widget-container\">\n\t\t\t\t\t\t\t\t\t<p>Para que un partido pueda seguirse en directo en SWISH, es necesario que el dispositivo del anotador est\u00e9 conectado a internet. En algunos casos, esto puede no ser posible por diversas razones ajenas al control de SWISH.<\/p>\n<p>Ponte en contacto con nosotros a trav\u00e9s del servicio de asistencia de SWISH y env\u00edanos el enlace del partido para que podamos reenviarlo a la federaci\u00f3n\/cliente correspondiente, lo que te permitir\u00e1 activar la retransmisi\u00f3n en directo siempre que sea posible.<\/p>\n\t\t\t\t\t\t\t\t<\/div>\n\t\t\t\t<\/div>\n\t\t\t\t\t<\/div>\n\t\t<\/div>\n\t\t\t\t\t<\/div>\n\t\t<\/section>\n\t\t\t\t<section class=\"elementor-section elementor-top-section elementor-element elementor-element-0648ba2 elementor-section-content-middle ct-section-stretched elementor-section-boxed elementor-section-height-default elementor-section-height-default\" data-id=\"0648ba2\" data-element_type=\"section\" data-settings=\"{&quot;background_background&quot;:&quot;classic&quot;}\">\n\t\t\t\t\t\t<div class=\"elementor-container elementor-column-gap-no\">\n\t\t\t\t\t<div class=\"elementor-column elementor-col-50 elementor-top-column elementor-element elementor-element-5430ad6\" data-id=\"5430ad6\" data-element_type=\"column\">\n\t\t\t<div class=\"elementor-widget-wrap elementor-element-populated\">\n\t\t\t\t\t\t<div class=\"elementor-element elementor-element-3d054ad elementor-widget elementor-widget-heading\" data-id=\"3d054ad\" data-element_type=\"widget\" data-widget_type=\"heading.default\">\n\t\t\t\t<div class=\"elementor-widget-container\">\n\t\t\t\t\t<h3 class=\"elementor-heading-title elementor-size-default\">El partido no se actualiza<\/h3>\t\t\t\t<\/div>\n\t\t\t\t<\/div>\n\t\t\t\t<div class=\"elementor-element elementor-element-f084933 elementor-widget-divider--view-line elementor-widget elementor-widget-divider\" data-id=\"f084933\" data-element_type=\"widget\" data-widget_type=\"divider.default\">\n\t\t\t\t<div class=\"elementor-widget-container\">\n\t\t\t\t\t\t\t<div class=\"elementor-divider\">\n\t\t\t<span class=\"elementor-divider-separator\">\n\t\t\t\t\t\t<\/span>\n\t\t<\/div>\n\t\t\t\t\t\t<\/div>\n\t\t\t\t<\/div>\n\t\t\t\t\t<\/div>\n\t\t<\/div>\n\t\t\t\t<div class=\"elementor-column elementor-col-50 elementor-top-column elementor-element elementor-element-0a52dd8\" data-id=\"0a52dd8\" data-element_type=\"column\">\n\t\t\t<div class=\"elementor-widget-wrap elementor-element-populated\">\n\t\t\t\t\t\t<div class=\"elementor-element elementor-element-25d9ffb elementor-widget elementor-widget-text-editor\" data-id=\"25d9ffb\" data-element_type=\"widget\" data-widget_type=\"text-editor.default\">\n\t\t\t\t<div class=\"elementor-widget-container\">\n\t\t\t\t\t\t\t\t\t<p><strong>Como en los partidos \u00abLive\u00bb, esto no depende al 100% de SWISH.<\/strong><\/p>\n<p>Aseg\u00farate de que tu dispositivo dispone de una conexi\u00f3n a Internet estable. Una conexi\u00f3n deficiente o interrumpida puede afectar a la actualizaci\u00f3n del juego.<\/p>\n<p>Si el problema persiste, puedes ponerte en contacto con el servicio de asistencia de SWISH para obtener m\u00e1s ayuda. Pueden investigar el problema y orientar para resolverlo.<\/p>\n<p>No olvides facilitar toda la informaci\u00f3n posible sobre tu situaci\u00f3n concreta cuando te pongas en contacto con el servicio de asistencia para ayudarte a diagnosticar y resolver el problema con eficacia.<\/p><\/p>\n\t\t\t\t\t\t\t\t<\/div>\n\t\t\t\t<\/div>\n\t\t\t\t\t<\/div>\n\t\t<\/div>\n\t\t\t\t\t<\/div>\n\t\t<\/section>\n\t\t\t\t<\/div>\n\t\t","protected":false},"excerpt":{"rendered":"<p>Problemas en directo Si tu partido no est\u00e1 en directo en SWISH, comprueba estas opciones para saber por qu\u00e9. El partido no est\u00e1 en directo Para que un partido pueda seguirse en directo en SWISH, es necesario que el dispositivo del anotador est\u00e9 conectado a internet. En algunos casos, esto puede no ser posible por [&hellip;]<\/p>\n","protected":false},"author":2,"featured_media":0,"parent":0,"menu_order":0,"comment_status":"closed","ping_status":"closed","template":"","meta":{"footnotes":""},"class_list":["post-640","page","type-page","status-publish","hentry"],"blocksy_meta":[],"aioseo_notices":[],"_links":{"self":[{"href":"https:\/\/swishbynbn23.com\/es\/wp-json\/wp\/v2\/pages\/640","targetHints":{"allow":["GET"]}}],"collection":[{"href":"https:\/\/swishbynbn23.com\/es\/wp-json\/wp\/v2\/pages"}],"about":[{"href":"https:\/\/swishbynbn23.com\/es\/wp-json\/wp\/v2\/types\/page"}],"author":[{"embeddable":true,"href":"https:\/\/swishbynbn23.com\/es\/wp-json\/wp\/v2\/users\/2"}],"replies":[{"embeddable":true,"href":"https:\/\/swishbynbn23.com\/es\/wp-json\/wp\/v2\/comments?post=640"}],"version-history":[{"count":4,"href":"https:\/\/swishbynbn23.com\/es\/wp-json\/wp\/v2\/pages\/640\/revisions"}],"predecessor-version":[{"id":1751,"href":"https:\/\/swishbynbn23.com\/es\/wp-json\/wp\/v2\/pages\/640\/revisions\/1751"}],"wp:attachment":[{"href":"https:\/\/swishbynbn23.com\/es\/wp-json\/wp\/v2\/media?parent=640"}],"curies":[{"name":"wp","href":"https:\/\/api.w.org\/{rel}","templated":true}]}}