{"id":806,"date":"2023-08-23T13:44:30","date_gmt":"2023-08-23T13:44:30","guid":{"rendered":"https:\/\/swishbynbn23.com\/?page_id=806"},"modified":"2023-09-20T14:21:36","modified_gmt":"2023-09-20T14:21:36","slug":"plan-clubes-madrid","status":"publish","type":"page","link":"https:\/\/swishbynbn23.com\/es\/plan-clubes-madrid","title":{"rendered":"Plan Clubes Madrid"},"content":{"rendered":"\t\t<div data-elementor-type=\"wp-page\" data-elementor-id=\"806\" class=\"elementor elementor-806\">\n\t\t\t\t\t\t<section class=\"elementor-section elementor-top-section elementor-element elementor-element-0f166ce ct-section-stretched elementor-section-boxed elementor-section-height-default elementor-section-height-default\" data-id=\"0f166ce\" data-element_type=\"section\" data-settings=\"{&quot;background_background&quot;:&quot;classic&quot;}\">\n\t\t\t\t\t\t<div class=\"elementor-container elementor-column-gap-default\">\n\t\t\t\t\t<div class=\"elementor-column elementor-col-100 elementor-top-column elementor-element elementor-element-48c860b\" data-id=\"48c860b\" data-element_type=\"column\">\n\t\t\t<div class=\"elementor-widget-wrap elementor-element-populated\">\n\t\t\t\t\t\t<div class=\"elementor-element elementor-element-1554c4a elementor-widget elementor-widget-image\" data-id=\"1554c4a\" data-element_type=\"widget\" data-widget_type=\"image.default\">\n\t\t\t\t<div class=\"elementor-widget-container\">\n\t\t\t\t\t\t\t\t\t\t\t\t\t\t\t<img decoding=\"async\" width=\"409\" height=\"83\" src=\"https:\/\/swishbynbn23.com\/wp-content\/uploads\/2023\/08\/logos-fbm-swish.png\" class=\"attachment-large size-large wp-image-810\" alt=\"\" srcset=\"https:\/\/swishbynbn23.com\/wp-content\/uploads\/2023\/08\/logos-fbm-swish.png 409w, https:\/\/swishbynbn23.com\/wp-content\/uploads\/2023\/08\/logos-fbm-swish-300x61.png 300w\" sizes=\"(max-width: 409px) 100vw, 409px\" \/>\t\t\t\t\t\t\t\t\t\t\t\t\t\t\t<\/div>\n\t\t\t\t<\/div>\n\t\t\t\t<div class=\"elementor-element elementor-element-f30678e elementor-widget elementor-widget-heading\" data-id=\"f30678e\" data-element_type=\"widget\" data-widget_type=\"heading.default\">\n\t\t\t\t<div class=\"elementor-widget-container\">\n\t\t\t\t\t<h2 class=\"elementor-heading-title elementor-size-default\">\u00bfEst\u00e1s federado en la Federaci\u00f3n de Baloncesto de Madrid?<\/h2>\t\t\t\t<\/div>\n\t\t\t\t<\/div>\n\t\t\t\t<div class=\"elementor-element elementor-element-dc0834d elementor-widget elementor-widget-text-editor\" data-id=\"dc0834d\" data-element_type=\"widget\" data-widget_type=\"text-editor.default\">\n\t\t\t\t<div class=\"elementor-widget-container\">\n\t\t\t\t\t\t\t\t\t<p>Esto te interesa, sigue leyendo&#8230;<\/p>\t\t\t\t\t\t\t\t<\/div>\n\t\t\t\t<\/div>\n\t\t\t\t<div class=\"elementor-element elementor-element-8415a51 elementor-widget elementor-widget-text-editor\" data-id=\"8415a51\" data-element_type=\"widget\" data-widget_type=\"text-editor.default\">\n\t\t\t\t<div class=\"elementor-widget-container\">\n\t\t\t\t\t\t\t\t\t<p>SWISH lanza un plan para clubes exclusivo en Madrid. Si est\u00e1s federado en la federaci\u00f3n de baloncesto de Madrid, aprovecha un descuento del <strong>25% en la suscripci\u00f3n anual de SWISH.<\/strong><\/p>\t\t\t\t\t\t\t\t<\/div>\n\t\t\t\t<\/div>\n\t\t\t\t<div class=\"elementor-element elementor-element-8518edf elementor-widget elementor-widget-image\" data-id=\"8518edf\" data-element_type=\"widget\" data-widget_type=\"image.default\">\n\t\t\t\t<div class=\"elementor-widget-container\">\n\t\t\t\t\t\t\t\t\t\t\t\t\t\t\t<img fetchpriority=\"high\" decoding=\"async\" width=\"1011\" height=\"615\" src=\"https:\/\/swishbynbn23.com\/wp-content\/uploads\/2023\/08\/tarjeta-25.png\" class=\"attachment-large size-large wp-image-812\" alt=\"\" srcset=\"https:\/\/swishbynbn23.com\/wp-content\/uploads\/2023\/08\/tarjeta-25.png 1011w, https:\/\/swishbynbn23.com\/wp-content\/uploads\/2023\/08\/tarjeta-25-300x182.png 300w, https:\/\/swishbynbn23.com\/wp-content\/uploads\/2023\/08\/tarjeta-25-768x467.png 768w\" sizes=\"(max-width: 1011px) 100vw, 1011px\" \/>\t\t\t\t\t\t\t\t\t\t\t\t\t\t\t<\/div>\n\t\t\t\t<\/div>\n\t\t\t\t<div class=\"elementor-element elementor-element-58469a6 elementor-align-center elementor-widget elementor-widget-button\" data-id=\"58469a6\" data-element_type=\"widget\" data-widget_type=\"button.default\">\n\t\t\t\t<div class=\"elementor-widget-container\">\n\t\t\t\t\t\t\t\t\t<div class=\"elementor-button-wrapper\">\n\t\t\t\t\t<a class=\"elementor-button elementor-button-link elementor-size-md\" href=\"https:\/\/nothingbutnet.typeform.com\/to\/PFiQOpAy\" target=\"_blank\">\n\t\t\t\t\t\t<span class=\"elementor-button-content-wrapper\">\n\t\t\t\t\t\t\t\t\t<span class=\"elementor-button-text\">Pide tu descuento ahora<\/span>\n\t\t\t\t\t<\/span>\n\t\t\t\t\t<\/a>\n\t\t\t\t<\/div>\n\t\t\t\t\t\t\t\t<\/div>\n\t\t\t\t<\/div>\n\t\t\t\t\t<\/div>\n\t\t<\/div>\n\t\t\t\t\t<\/div>\n\t\t<\/section>\n\t\t\t\t<section class=\"elementor-section elementor-top-section elementor-element elementor-element-c6db5ce ct-section-stretched elementor-section-boxed elementor-section-height-default elementor-section-height-default\" data-id=\"c6db5ce\" data-element_type=\"section\" data-settings=\"{&quot;background_background&quot;:&quot;classic&quot;}\">\n\t\t\t\t\t\t<div class=\"elementor-container elementor-column-gap-default\">\n\t\t\t\t\t<div class=\"elementor-column elementor-col-100 elementor-top-column elementor-element elementor-element-b57c1c5\" data-id=\"b57c1c5\" data-element_type=\"column\">\n\t\t\t<div class=\"elementor-widget-wrap elementor-element-populated\">\n\t\t\t\t\t\t<div class=\"elementor-element elementor-element-ee2e8df elementor-widget elementor-widget-heading\" data-id=\"ee2e8df\" data-element_type=\"widget\" data-widget_type=\"heading.default\">\n\t\t\t\t<div class=\"elementor-widget-container\">\n\t\t\t\t\t<h4 class=\"elementor-heading-title elementor-size-default\">\u00bfPor qu\u00e9 queremos cuidarte?<\/h4>\t\t\t\t<\/div>\n\t\t\t\t<\/div>\n\t\t\t\t<section class=\"elementor-section elementor-inner-section elementor-element elementor-element-1b75c2f elementor-section-boxed elementor-section-height-default elementor-section-height-default\" data-id=\"1b75c2f\" data-element_type=\"section\">\n\t\t\t\t\t\t<div class=\"elementor-container elementor-column-gap-default\">\n\t\t\t\t\t<div class=\"elementor-column elementor-col-33 elementor-inner-column elementor-element elementor-element-230d93e\" data-id=\"230d93e\" data-element_type=\"column\" data-settings=\"{&quot;background_background&quot;:&quot;classic&quot;}\">\n\t\t\t<div class=\"elementor-widget-wrap elementor-element-populated\">\n\t\t\t\t\t\t<div class=\"elementor-element elementor-element-567d6f5 elementor-widget elementor-widget-text-editor\" data-id=\"567d6f5\" data-element_type=\"widget\" data-widget_type=\"text-editor.default\">\n\t\t\t\t<div class=\"elementor-widget-container\">\n\t\t\t\t\t\t\t\t\t<p>Valoramos el crecimiento<\/p>\t\t\t\t\t\t\t\t<\/div>\n\t\t\t\t<\/div>\n\t\t\t\t<div class=\"elementor-element elementor-element-35e2980 elementor-widget elementor-widget-text-editor\" data-id=\"35e2980\" data-element_type=\"widget\" data-widget_type=\"text-editor.default\">\n\t\t\t\t<div class=\"elementor-widget-container\">\n\t\t\t\t\t\t\t\t\t<p>Queremos ayudar a crecer a nivel deportivo todas las futuras generaciones del baloncesto espa\u00f1ol a trav\u00e9s de las estad\u00edsticas.<\/p>\t\t\t\t\t\t\t\t<\/div>\n\t\t\t\t<\/div>\n\t\t\t\t\t<\/div>\n\t\t<\/div>\n\t\t\t\t<div class=\"elementor-column elementor-col-33 elementor-inner-column elementor-element elementor-element-df58b7a\" data-id=\"df58b7a\" data-element_type=\"column\" data-settings=\"{&quot;background_background&quot;:&quot;classic&quot;}\">\n\t\t\t<div class=\"elementor-widget-wrap elementor-element-populated\">\n\t\t\t\t\t\t<div class=\"elementor-element elementor-element-6174bd0 elementor-widget elementor-widget-text-editor\" data-id=\"6174bd0\" data-element_type=\"widget\" data-widget_type=\"text-editor.default\">\n\t\t\t\t<div class=\"elementor-widget-container\">\n\t\t\t\t\t\t\t\t\t<p><span style=\"white-space-collapse: preserve;\">Impulsamos la t\u00e1ctica del juego<\/span><\/p>\t\t\t\t\t\t\t\t<\/div>\n\t\t\t\t<\/div>\n\t\t\t\t<div class=\"elementor-element elementor-element-63117bb elementor-widget elementor-widget-text-editor\" data-id=\"63117bb\" data-element_type=\"widget\" data-widget_type=\"text-editor.default\">\n\t\t\t\t<div class=\"elementor-widget-container\">\n\t\t\t\t\t\t\t\t\t<p>Ahora, ajustar estrategias bas\u00e1ndose en la efectividad de los jugadores y el rendimiento en la cancha es m\u00e1s f\u00e1cil que nunca.<\/p>\t\t\t\t\t\t\t\t<\/div>\n\t\t\t\t<\/div>\n\t\t\t\t\t<\/div>\n\t\t<\/div>\n\t\t\t\t<div class=\"elementor-column elementor-col-33 elementor-inner-column elementor-element elementor-element-1878080\" data-id=\"1878080\" data-element_type=\"column\" data-settings=\"{&quot;background_background&quot;:&quot;classic&quot;}\">\n\t\t\t<div class=\"elementor-widget-wrap elementor-element-populated\">\n\t\t\t\t\t\t<div class=\"elementor-element elementor-element-63f29db elementor-widget elementor-widget-text-editor\" data-id=\"63f29db\" data-element_type=\"widget\" data-widget_type=\"text-editor.default\">\n\t\t\t\t<div class=\"elementor-widget-container\">\n\t\t\t\t\t\t\t\t\t<p>Queremos que brilles<\/p>\t\t\t\t\t\t\t\t<\/div>\n\t\t\t\t<\/div>\n\t\t\t\t<div class=\"elementor-element elementor-element-883d01e elementor-widget elementor-widget-text-editor\" data-id=\"883d01e\" data-element_type=\"widget\" data-widget_type=\"text-editor.default\">\n\t\t\t\t<div class=\"elementor-widget-container\">\n\t\t\t\t\t\t\t\t\t<p><span style=\"white-space-collapse: preserve;\">Las estad\u00edsticas tambi\u00e9n se utilizan para establecer r\u00e9cords, registrar logros, y comparar el rendimiento de cada jugador. Una herramienta para scouts.<\/span><\/p>\t\t\t\t\t\t\t\t<\/div>\n\t\t\t\t<\/div>\n\t\t\t\t\t<\/div>\n\t\t<\/div>\n\t\t\t\t\t<\/div>\n\t\t<\/section>\n\t\t\t\t<div class=\"elementor-element elementor-element-72b77b0 elementor-align-center elementor-widget elementor-widget-button\" data-id=\"72b77b0\" data-element_type=\"widget\" data-widget_type=\"button.default\">\n\t\t\t\t<div class=\"elementor-widget-container\">\n\t\t\t\t\t\t\t\t\t<div class=\"elementor-button-wrapper\">\n\t\t\t\t\t<a class=\"elementor-button elementor-button-link elementor-size-md\" href=\"https:\/\/nothingbutnet.typeform.com\/to\/PFiQOpAy\" target=\"_blank\">\n\t\t\t\t\t\t<span class=\"elementor-button-content-wrapper\">\n\t\t\t\t\t\t\t\t\t<span class=\"elementor-button-text\">Pide tu descuento ahora<\/span>\n\t\t\t\t\t<\/span>\n\t\t\t\t\t<\/a>\n\t\t\t\t<\/div>\n\t\t\t\t\t\t\t\t<\/div>\n\t\t\t\t<\/div>\n\t\t\t\t\t<\/div>\n\t\t<\/div>\n\t\t\t\t\t<\/div>\n\t\t<\/section>\n\t\t\t\t<\/div>\n\t\t","protected":false},"excerpt":{"rendered":"<p>\u00bfEst\u00e1s federado en la Federaci\u00f3n de Baloncesto de Madrid? Esto te interesa, sigue leyendo&#8230; SWISH lanza un plan para clubes exclusivo en Madrid. Si est\u00e1s federado en la federaci\u00f3n de baloncesto de Madrid, aprovecha un descuento del 25% en la suscripci\u00f3n anual de SWISH. Pide tu descuento ahora \u00bfPor qu\u00e9 queremos cuidarte? Valoramos el crecimiento [&hellip;]<\/p>\n","protected":false},"author":2,"featured_media":812,"parent":0,"menu_order":0,"comment_status":"closed","ping_status":"closed","template":"elementor_canvas","meta":{"footnotes":""},"class_list":["post-806","page","type-page","status-publish","has-post-thumbnail","hentry"],"blocksy_meta":[],"aioseo_notices":[],"_links":{"self":[{"href":"https:\/\/swishbynbn23.com\/es\/wp-json\/wp\/v2\/pages\/806","targetHints":{"allow":["GET"]}}],"collection":[{"href":"https:\/\/swishbynbn23.com\/es\/wp-json\/wp\/v2\/pages"}],"about":[{"href":"https:\/\/swishbynbn23.com\/es\/wp-json\/wp\/v2\/types\/page"}],"author":[{"embeddable":true,"href":"https:\/\/swishbynbn23.com\/es\/wp-json\/wp\/v2\/users\/2"}],"replies":[{"embeddable":true,"href":"https:\/\/swishbynbn23.com\/es\/wp-json\/wp\/v2\/comments?post=806"}],"version-history":[{"count":10,"href":"https:\/\/swishbynbn23.com\/es\/wp-json\/wp\/v2\/pages\/806\/revisions"}],"predecessor-version":[{"id":1629,"href":"https:\/\/swishbynbn23.com\/es\/wp-json\/wp\/v2\/pages\/806\/revisions\/1629"}],"wp:featuredmedia":[{"embeddable":true,"href":"https:\/\/swishbynbn23.com\/es\/wp-json\/wp\/v2\/media\/812"}],"wp:attachment":[{"href":"https:\/\/swishbynbn23.com\/es\/wp-json\/wp\/v2\/media?parent=806"}],"curies":[{"name":"wp","href":"https:\/\/api.w.org\/{rel}","templated":true}]}}