{"id":1339,"date":"2023-09-14T07:40:38","date_gmt":"2023-09-14T07:40:38","guid":{"rendered":"https:\/\/swishbynbn23.com\/piano-tariffario"},"modified":"2023-10-11T09:00:11","modified_gmt":"2023-10-11T09:00:11","slug":"piano-tariffario","status":"publish","type":"page","link":"https:\/\/swishbynbn23.com\/it\/piano-tariffario","title":{"rendered":"Piano tariffario"},"content":{"rendered":"\t\t<div data-elementor-type=\"wp-page\" data-elementor-id=\"1339\" class=\"elementor elementor-1339 elementor-1306\">\n\t\t\t\t\t\t<section class=\"elementor-section elementor-top-section elementor-element elementor-element-6d455ca ct-section-stretched elementor-section-content-middle elementor-section-boxed elementor-section-height-default elementor-section-height-default\" data-id=\"6d455ca\" data-element_type=\"section\" data-settings=\"{&quot;background_background&quot;:&quot;classic&quot;}\">\n\t\t\t\t\t\t\t<div class=\"elementor-background-overlay\"><\/div>\n\t\t\t\t\t\t\t<div class=\"elementor-container elementor-column-gap-default\">\n\t\t\t\t\t<div class=\"elementor-column elementor-col-16 elementor-top-column elementor-element elementor-element-5a3bd51\" data-id=\"5a3bd51\" data-element_type=\"column\">\n\t\t\t<div class=\"elementor-widget-wrap\">\n\t\t\t\t\t\t\t<\/div>\n\t\t<\/div>\n\t\t\t\t<div class=\"elementor-column elementor-col-66 elementor-top-column elementor-element elementor-element-b77bff0\" data-id=\"b77bff0\" data-element_type=\"column\">\n\t\t\t<div class=\"elementor-widget-wrap elementor-element-populated\">\n\t\t\t\t\t\t<div class=\"elementor-element elementor-element-d108331 elementor-widget elementor-widget-heading\" data-id=\"d108331\" data-element_type=\"widget\" data-widget_type=\"heading.default\">\n\t\t\t\t<div class=\"elementor-widget-container\">\n\t\t\t\t\t<h2 class=\"elementor-heading-title elementor-size-default\">Variazioni di prezzo<\/h2>\t\t\t\t<\/div>\n\t\t\t\t<\/div>\n\t\t\t\t<div class=\"elementor-element elementor-element-2a04b62 elementor-widget elementor-widget-text-editor\" data-id=\"2a04b62\" data-element_type=\"widget\" data-widget_type=\"text-editor.default\">\n\t\t\t\t<div class=\"elementor-widget-container\">\n\t\t\t\t\t\t\t\t\t<p>Qui troverete le risposte ad alcune delle domande pi\u00f9 comuni sulle variazioni di prezzo:<\/p>\n\t\t\t\t\t\t\t\t<\/div>\n\t\t\t\t<\/div>\n\t\t\t\t\t<\/div>\n\t\t<\/div>\n\t\t\t\t<div class=\"elementor-column elementor-col-16 elementor-top-column elementor-element elementor-element-0c10b9e\" data-id=\"0c10b9e\" data-element_type=\"column\">\n\t\t\t<div class=\"elementor-widget-wrap\">\n\t\t\t\t\t\t\t<\/div>\n\t\t<\/div>\n\t\t\t\t\t<\/div>\n\t\t<\/section>\n\t\t\t\t<section class=\"elementor-section elementor-top-section elementor-element elementor-element-8c02c08 elementor-section-content-middle ct-section-stretched elementor-section-boxed elementor-section-height-default elementor-section-height-default\" data-id=\"8c02c08\" data-element_type=\"section\" data-settings=\"{&quot;background_background&quot;:&quot;classic&quot;}\">\n\t\t\t\t\t\t<div class=\"elementor-container elementor-column-gap-no\">\n\t\t\t\t\t<div class=\"elementor-column elementor-col-50 elementor-top-column elementor-element elementor-element-8e0acee\" data-id=\"8e0acee\" data-element_type=\"column\">\n\t\t\t<div class=\"elementor-widget-wrap elementor-element-populated\">\n\t\t\t\t\t\t<div class=\"elementor-element elementor-element-b0aebb6 elementor-widget elementor-widget-heading\" data-id=\"b0aebb6\" data-element_type=\"widget\" data-widget_type=\"heading.default\">\n\t\t\t\t<div class=\"elementor-widget-container\">\n\t\t\t\t\t<h3 class=\"elementor-heading-title elementor-size-default\">Perch\u00e9 il prezzo di SWISH \u00e8 cambiato?  <\/h3>\t\t\t\t<\/div>\n\t\t\t\t<\/div>\n\t\t\t\t<div class=\"elementor-element elementor-element-463ef6f elementor-widget-divider--view-line elementor-widget elementor-widget-divider\" data-id=\"463ef6f\" data-element_type=\"widget\" data-widget_type=\"divider.default\">\n\t\t\t\t<div class=\"elementor-widget-container\">\n\t\t\t\t\t\t\t<div class=\"elementor-divider\">\n\t\t\t<span class=\"elementor-divider-separator\">\n\t\t\t\t\t\t<\/span>\n\t\t<\/div>\n\t\t\t\t\t\t<\/div>\n\t\t\t\t<\/div>\n\t\t\t\t\t<\/div>\n\t\t<\/div>\n\t\t\t\t<div class=\"elementor-column elementor-col-50 elementor-top-column elementor-element elementor-element-5173334\" data-id=\"5173334\" data-element_type=\"column\">\n\t\t\t<div class=\"elementor-widget-wrap elementor-element-populated\">\n\t\t\t\t\t\t<div class=\"elementor-element elementor-element-6a3db2f elementor-widget elementor-widget-text-editor\" data-id=\"6a3db2f\" data-element_type=\"widget\" data-widget_type=\"text-editor.default\">\n\t\t\t\t<div class=\"elementor-widget-container\">\n\t\t\t\t\t\t\t\t\t<ol>\n<li>\n<p><strong>Crescita significativa<\/strong>: abbiamo registrato un aumento del 500% del numero di giocatori su Swish, che ha portato a un aumento della domanda dei nostri servizi.<\/p>\n<\/li>\n<li>\n<p><strong>Pi\u00f9 partite in diretta<\/strong>: ora offriamo il 95% in pi\u00f9 di partite in diretta, offrendo agli utenti un&#8217;esperienza pi\u00f9 completa ed emozionante.<\/p>\n<\/li>\n<li>\n<p><strong>Nuova versione con funzioni avanzate<\/strong>: abbiamo lanciato una nuova versione di Swish con funzioni interessanti che migliorano l&#8217;esperienza dell&#8217;utente.<\/p>\n<\/li>\n<li>\n<p><strong>Aggiornamenti costanti<\/strong>: Abbiamo rilasciato 40 versioni con continui miglioramenti per garantire prestazioni ottimali.<\/p>\n<\/li>\n<li>\n<p><strong>Portata globale<\/strong>: Swish ora copre le partite di oltre 78 Paesi, ampliando la disponibilit\u00e0 di contenuti.  <\/p>\n<\/li>\n<li><strong>Inflazione: <\/strong>ha avuto un impatto sui nostri costi operativi, mentre perfezioniamo ed espandiamo i nostri servizi per fornire la migliore esperienza possibile ai nostri utenti.<\/li>\n<\/ol>\n<p>Vi invitiamo a esplorare la nostra ultima versione cliccando sul pulsante che vi porta alla pagina di lancio di <a href=\"https:\/\/swishbynbn23.com\/it\/swish-2-0\">Swish 2.0<\/a>.<\/p>\n\t\t\t\t\t\t\t\t<\/div>\n\t\t\t\t<\/div>\n\t\t\t\t\t<\/div>\n\t\t<\/div>\n\t\t\t\t\t<\/div>\n\t\t<\/section>\n\t\t\t\t<section class=\"elementor-section elementor-top-section elementor-element elementor-element-a03b66f elementor-section-content-middle ct-section-stretched elementor-section-boxed elementor-section-height-default elementor-section-height-default\" data-id=\"a03b66f\" data-element_type=\"section\" data-settings=\"{&quot;background_background&quot;:&quot;classic&quot;}\">\n\t\t\t\t\t\t<div class=\"elementor-container elementor-column-gap-no\">\n\t\t\t\t\t<div class=\"elementor-column elementor-col-50 elementor-top-column elementor-element elementor-element-fe8347d\" data-id=\"fe8347d\" data-element_type=\"column\">\n\t\t\t<div class=\"elementor-widget-wrap elementor-element-populated\">\n\t\t\t\t\t\t<div class=\"elementor-element elementor-element-4b1ae42 elementor-widget elementor-widget-heading\" data-id=\"4b1ae42\" data-element_type=\"widget\" data-widget_type=\"heading.default\">\n\t\t\t\t<div class=\"elementor-widget-container\">\n\t\t\t\t\t<h3 class=\"elementor-heading-title elementor-size-default\">Come verr\u00f2 avvisato di una variazione di prezzo? \n <\/h3>\t\t\t\t<\/div>\n\t\t\t\t<\/div>\n\t\t\t\t<div class=\"elementor-element elementor-element-573cbdc elementor-widget-divider--view-line elementor-widget elementor-widget-divider\" data-id=\"573cbdc\" data-element_type=\"widget\" data-widget_type=\"divider.default\">\n\t\t\t\t<div class=\"elementor-widget-container\">\n\t\t\t\t\t\t\t<div class=\"elementor-divider\">\n\t\t\t<span class=\"elementor-divider-separator\">\n\t\t\t\t\t\t<\/span>\n\t\t<\/div>\n\t\t\t\t\t\t<\/div>\n\t\t\t\t<\/div>\n\t\t\t\t\t<\/div>\n\t\t<\/div>\n\t\t\t\t<div class=\"elementor-column elementor-col-50 elementor-top-column elementor-element elementor-element-693b94e\" data-id=\"693b94e\" data-element_type=\"column\">\n\t\t\t<div class=\"elementor-widget-wrap elementor-element-populated\">\n\t\t\t\t\t\t<div class=\"elementor-element elementor-element-4e830ee elementor-widget elementor-widget-text-editor\" data-id=\"4e830ee\" data-element_type=\"widget\" data-widget_type=\"text-editor.default\">\n\t\t\t\t<div class=\"elementor-widget-container\">\n\t\t\t\t\t\t\t\t\t<p><span class=\"TextRun SCXW43290596 BCX4\" lang=\"ES-ES\" xml:lang=\"ES-ES\" data-contrast=\"none\"><span class=\"NormalTextRun SCXW43290596 BCX4\">Sia il Google Play Store che l&#8217;Apple App Store, a seconda dei casi, comunicheranno le modifiche ai prezzi degli abbonamenti come segue:  <\/span><\/span><\/p>\n<p><span class=\"TextRun SCXW43290596 BCX4\" lang=\"ES-ES\" xml:lang=\"ES-ES\" data-contrast=\"none\"><span class=\"NormalTextRun SCXW43290596 BCX4\"><strong>Notifica via e-mail<\/strong>: gli utenti riceveranno un&#8217;e-mail che li informer\u00e0 della modifica del prezzo. Questa e-mail conterr\u00e0 i dettagli del nuovo prezzo e la data di inizio della sua applicazione.  <\/span><\/span><\/p>\n<p><span class=\"TextRun SCXW43290596 BCX4\" lang=\"ES-ES\" xml:lang=\"ES-ES\" data-contrast=\"none\"><span class=\"NormalTextRun SCXW43290596 BCX4\"><strong>Notifiche in-app:<\/strong> oltre alle e-mail, gli utenti possono ricevere anche notifiche in-app. Queste notifiche vi informeranno della modifica del prezzo e vi forniranno istruzioni su come gestire il vostro abbonamento.<\/span><\/span><span class=\"EOP SCXW43290596 BCX4\" data-ccp-props=\"{\"201341983\":2,\"335559740\":360}\"> <\/span><\/p>\n\t\t\t\t\t\t\t\t<\/div>\n\t\t\t\t<\/div>\n\t\t\t\t\t<\/div>\n\t\t<\/div>\n\t\t\t\t\t<\/div>\n\t\t<\/section>\n\t\t\t\t<section class=\"elementor-section elementor-top-section elementor-element elementor-element-3d747a5 elementor-section-content-middle ct-section-stretched elementor-section-boxed elementor-section-height-default elementor-section-height-default\" data-id=\"3d747a5\" data-element_type=\"section\" data-settings=\"{&quot;background_background&quot;:&quot;classic&quot;}\">\n\t\t\t\t\t\t<div class=\"elementor-container elementor-column-gap-no\">\n\t\t\t\t\t<div class=\"elementor-column elementor-col-50 elementor-top-column elementor-element elementor-element-16c3e4e\" data-id=\"16c3e4e\" data-element_type=\"column\">\n\t\t\t<div class=\"elementor-widget-wrap elementor-element-populated\">\n\t\t\t\t\t\t<div class=\"elementor-element elementor-element-fdef3fa elementor-widget elementor-widget-heading\" data-id=\"fdef3fa\" data-element_type=\"widget\" data-widget_type=\"heading.default\">\n\t\t\t\t<div class=\"elementor-widget-container\">\n\t\t\t\t\t<h3 class=\"elementor-heading-title elementor-size-default\">Posso mantenere il mio prezzo attuale?  <\/h3>\t\t\t\t<\/div>\n\t\t\t\t<\/div>\n\t\t\t\t<div class=\"elementor-element elementor-element-22a94b9 elementor-widget-divider--view-line elementor-widget elementor-widget-divider\" data-id=\"22a94b9\" data-element_type=\"widget\" data-widget_type=\"divider.default\">\n\t\t\t\t<div class=\"elementor-widget-container\">\n\t\t\t\t\t\t\t<div class=\"elementor-divider\">\n\t\t\t<span class=\"elementor-divider-separator\">\n\t\t\t\t\t\t<\/span>\n\t\t<\/div>\n\t\t\t\t\t\t<\/div>\n\t\t\t\t<\/div>\n\t\t\t\t\t<\/div>\n\t\t<\/div>\n\t\t\t\t<div class=\"elementor-column elementor-col-50 elementor-top-column elementor-element elementor-element-f586465\" data-id=\"f586465\" data-element_type=\"column\">\n\t\t\t<div class=\"elementor-widget-wrap elementor-element-populated\">\n\t\t\t\t\t\t<div class=\"elementor-element elementor-element-54d44d0 elementor-widget elementor-widget-text-editor\" data-id=\"54d44d0\" data-element_type=\"widget\" data-widget_type=\"text-editor.default\">\n\t\t\t\t<div class=\"elementor-widget-container\">\n\t\t\t\t\t\t\t\t\t<p><span class=\"TextRun SCXW81996271 BCX4\" lang=\"ES-ES\" xml:lang=\"ES-ES\" data-contrast=\"none\"><span class=\"NormalTextRun SCXW81996271 BCX4\">Il prezzo attuale rimarr\u00e0 invariato per tutto il periodo di validit\u00e0 dell&#8217;abbonamento. Il nuovo prezzo sar\u00e0 applicato solo al momento del rinnovo dell&#8217;abbonamento alla data in questione. Se desiderate verificare la data di fatturazione e il prezzo attuale del vostro piano, potete farlo facilmente accedendo alla sezione dettagli di fatturazione del vostro account. Questa opzione consente di avere un controllo completo sui dettagli dell&#8217;abbonamento.<\/span><\/span><span class=\"EOP SCXW81996271 BCX4\" data-ccp-props=\"{\"201341983\":2,\"335559740\":360}\"> <\/span><\/p>\n\t\t\t\t\t\t\t\t<\/div>\n\t\t\t\t<\/div>\n\t\t\t\t\t<\/div>\n\t\t<\/div>\n\t\t\t\t\t<\/div>\n\t\t<\/section>\n\t\t\t\t<section class=\"elementor-section elementor-top-section elementor-element elementor-element-e059b0d elementor-section-content-middle ct-section-stretched elementor-section-boxed elementor-section-height-default elementor-section-height-default\" data-id=\"e059b0d\" data-element_type=\"section\" data-settings=\"{&quot;background_background&quot;:&quot;classic&quot;}\">\n\t\t\t\t\t\t<div class=\"elementor-container elementor-column-gap-no\">\n\t\t\t\t\t<div class=\"elementor-column elementor-col-50 elementor-top-column elementor-element elementor-element-fbaf537\" data-id=\"fbaf537\" data-element_type=\"column\">\n\t\t\t<div class=\"elementor-widget-wrap elementor-element-populated\">\n\t\t\t\t\t\t<div class=\"elementor-element elementor-element-ac7244b elementor-widget elementor-widget-heading\" data-id=\"ac7244b\" data-element_type=\"widget\" data-widget_type=\"heading.default\">\n\t\t\t\t<div class=\"elementor-widget-container\">\n\t\t\t\t\t<h3 class=\"elementor-heading-title elementor-size-default\">Le prove gratuite saranno interessate?<\/h3>\t\t\t\t<\/div>\n\t\t\t\t<\/div>\n\t\t\t\t<div class=\"elementor-element elementor-element-2018e85 elementor-widget-divider--view-line elementor-widget elementor-widget-divider\" data-id=\"2018e85\" data-element_type=\"widget\" data-widget_type=\"divider.default\">\n\t\t\t\t<div class=\"elementor-widget-container\">\n\t\t\t\t\t\t\t<div class=\"elementor-divider\">\n\t\t\t<span class=\"elementor-divider-separator\">\n\t\t\t\t\t\t<\/span>\n\t\t<\/div>\n\t\t\t\t\t\t<\/div>\n\t\t\t\t<\/div>\n\t\t\t\t\t<\/div>\n\t\t<\/div>\n\t\t\t\t<div class=\"elementor-column elementor-col-50 elementor-top-column elementor-element elementor-element-123248e\" data-id=\"123248e\" data-element_type=\"column\">\n\t\t\t<div class=\"elementor-widget-wrap elementor-element-populated\">\n\t\t\t\t\t\t<div class=\"elementor-element elementor-element-fca6858 elementor-widget elementor-widget-text-editor\" data-id=\"fca6858\" data-element_type=\"widget\" data-widget_type=\"text-editor.default\">\n\t\t\t\t<div class=\"elementor-widget-container\">\n\t\t\t\t\t\t\t\t\t<p><span class=\"NormalTextRun SCXW246875039 BCX4\">No, i 14 giorni di prova gratuita dell&#8217;abbonamento annuale non saranno interessati dalle modifiche.<\/span><span class=\"NormalTextRun SCXW246875039 BCX4\">i<\/span><span class=\"NormalTextRun SCXW246875039 BCX4\">o<\/span><span class=\"NormalTextRun SCXW246875039 BCX4\">s<\/span><span class=\"NormalTextRun SCXW246875039 BCX4\">  prezzo. Nel caso dell&#8217;abbonamento mensile, non verr\u00e0 comunque offerta una prova gratuita.<\/span><\/p>\n\t\t\t\t\t\t\t\t<\/div>\n\t\t\t\t<\/div>\n\t\t\t\t\t<\/div>\n\t\t<\/div>\n\t\t\t\t\t<\/div>\n\t\t<\/section>\n\t\t\t\t<section class=\"elementor-section elementor-top-section elementor-element elementor-element-d1e2106 elementor-section-content-middle ct-section-stretched elementor-section-boxed elementor-section-height-default elementor-section-height-default\" data-id=\"d1e2106\" data-element_type=\"section\" data-settings=\"{&quot;background_background&quot;:&quot;classic&quot;}\">\n\t\t\t\t\t\t<div class=\"elementor-container elementor-column-gap-no\">\n\t\t\t\t\t<div class=\"elementor-column elementor-col-50 elementor-top-column elementor-element elementor-element-56654de\" data-id=\"56654de\" data-element_type=\"column\">\n\t\t\t<div class=\"elementor-widget-wrap elementor-element-populated\">\n\t\t\t\t\t\t<div class=\"elementor-element elementor-element-2ab1257 elementor-widget elementor-widget-heading\" data-id=\"2ab1257\" data-element_type=\"widget\" data-widget_type=\"heading.default\">\n\t\t\t\t<div class=\"elementor-widget-container\">\n\t\t\t\t\t<h3 class=\"elementor-heading-title elementor-size-default\">Posso cancellare il mio abbonamento se non sono d'accordo con il nuovo prezzo?  <\/h3>\t\t\t\t<\/div>\n\t\t\t\t<\/div>\n\t\t\t\t<div class=\"elementor-element elementor-element-31bbb6c elementor-widget-divider--view-line elementor-widget elementor-widget-divider\" data-id=\"31bbb6c\" data-element_type=\"widget\" data-widget_type=\"divider.default\">\n\t\t\t\t<div class=\"elementor-widget-container\">\n\t\t\t\t\t\t\t<div class=\"elementor-divider\">\n\t\t\t<span class=\"elementor-divider-separator\">\n\t\t\t\t\t\t<\/span>\n\t\t<\/div>\n\t\t\t\t\t\t<\/div>\n\t\t\t\t<\/div>\n\t\t\t\t\t<\/div>\n\t\t<\/div>\n\t\t\t\t<div class=\"elementor-column elementor-col-50 elementor-top-column elementor-element elementor-element-af70548\" data-id=\"af70548\" data-element_type=\"column\">\n\t\t\t<div class=\"elementor-widget-wrap elementor-element-populated\">\n\t\t\t\t\t\t<div class=\"elementor-element elementor-element-95874aa elementor-widget elementor-widget-text-editor\" data-id=\"95874aa\" data-element_type=\"widget\" data-widget_type=\"text-editor.default\">\n\t\t\t\t<div class=\"elementor-widget-container\">\n\t\t\t\t\t\t\t\t\t<p><span class=\"TextRun SCXW217153138 BCX4\" lang=\"ES-ES\" xml:lang=\"ES-ES\" data-contrast=\"none\"><span class=\"NormalTextRun SCXW217153138 BCX4\">S\u00ec, avete la possibilit\u00e0 di annullare l&#8217;abbonamento in qualsiasi momento se non siete d&#8217;accordo con il nuovo prezzo. SWISH non ha contratti a lungo termine e non applica penali in caso di cancellazione.  <\/span><\/span><\/p>\n<p><span class=\"TextRun SCXW217153138 BCX4\" lang=\"ES-ES\" xml:lang=\"ES-ES\" data-contrast=\"none\"><span class=\"NormalTextRun SCXW217153138 BCX4\">\u00c8 possibile farlo facilmente direttamente dall&#8217;applicazione, accedendo al proprio<strong> profilo SWISH<\/strong> o accedendo al <strong>negozio di applicazioni<\/strong>, Google Play o Apple App Store, nella sezione &#8220;Abbonamenti&#8221;.  <\/span><\/span><span class=\"TextRun SCXW217153138 BCX4\" lang=\"ES-ES\" xml:lang=\"ES-ES\" data-contrast=\"none\"><span class=\"NormalTextRun SCXW217153138 BCX4\">Tra gli abbonamenti attivi, troverete SWISH, selezionate l&#8217;applicazione e confermate la cancellazione. L&#8217;abbonamento terminer\u00e0 alla fine del ciclo di fatturazione corrente.<\/span><\/span><span class=\"LineBreakBlob BlobObject DragDrop SCXW217153138 BCX4\"><span class=\"SCXW217153138 BCX4\"> <\/span><br class=\"SCXW217153138 BCX4\"><\/span><\/p>\n<p><span class=\"TextRun SCXW217153138 BCX4\" lang=\"ES-ES\" xml:lang=\"ES-ES\" data-contrast=\"none\"><span class=\"NormalTextRun SCXW217153138 BCX4\">Si prega di notare che dopo l&#8217;annullamento, l&#8217;accesso ai contenuti di <\/span><span class=\"NormalTextRun SCXW217153138 BCX4\">ORO <\/span><span class=\"NormalTextRun SCXW217153138 BCX4\">sar\u00e0 sospeso al termine del periodo di <\/span> <span class=\"NormalTextRun SCXW217153138 BCX4\">abbonamento. Sar\u00e0 possibile riattivare il proprio  <\/span><span class=\"NormalTextRun SCXW217153138 BCX4\">abbonamento<\/span><span class=\"NormalTextRun SCXW217153138 BCX4\"> quando volete.<\/span><\/span><span class=\"EOP SCXW217153138 BCX4\" data-ccp-props=\"{\"201341983\":2,\"335559739\":240,\"335559740\":360}\"> <\/span><\/p>\n\t\t\t\t\t\t\t\t<\/div>\n\t\t\t\t<\/div>\n\t\t\t\t\t<\/div>\n\t\t<\/div>\n\t\t\t\t\t<\/div>\n\t\t<\/section>\n\t\t\t\t<section class=\"elementor-section elementor-top-section elementor-element elementor-element-0ef6301 elementor-section-content-middle ct-section-stretched elementor-section-boxed elementor-section-height-default elementor-section-height-default\" data-id=\"0ef6301\" data-element_type=\"section\" data-settings=\"{&quot;background_background&quot;:&quot;classic&quot;}\">\n\t\t\t\t\t\t<div class=\"elementor-container elementor-column-gap-no\">\n\t\t\t\t\t<div class=\"elementor-column elementor-col-50 elementor-top-column elementor-element elementor-element-7918e83\" data-id=\"7918e83\" data-element_type=\"column\">\n\t\t\t<div class=\"elementor-widget-wrap elementor-element-populated\">\n\t\t\t\t\t\t<div class=\"elementor-element elementor-element-2f60923 elementor-widget elementor-widget-heading\" data-id=\"2f60923\" data-element_type=\"widget\" data-widget_type=\"heading.default\">\n\t\t\t\t<div class=\"elementor-widget-container\">\n\t\t\t\t\t<h3 class=\"elementor-heading-title elementor-size-default\">Saranno disponibili opzioni per piani diversi, come quelli familiari o di condivisione?  <\/h3>\t\t\t\t<\/div>\n\t\t\t\t<\/div>\n\t\t\t\t<div class=\"elementor-element elementor-element-1f37b8a elementor-widget-divider--view-line elementor-widget elementor-widget-divider\" data-id=\"1f37b8a\" data-element_type=\"widget\" data-widget_type=\"divider.default\">\n\t\t\t\t<div class=\"elementor-widget-container\">\n\t\t\t\t\t\t\t<div class=\"elementor-divider\">\n\t\t\t<span class=\"elementor-divider-separator\">\n\t\t\t\t\t\t<\/span>\n\t\t<\/div>\n\t\t\t\t\t\t<\/div>\n\t\t\t\t<\/div>\n\t\t\t\t\t<\/div>\n\t\t<\/div>\n\t\t\t\t<div class=\"elementor-column elementor-col-50 elementor-top-column elementor-element elementor-element-ea141f0\" data-id=\"ea141f0\" data-element_type=\"column\">\n\t\t\t<div class=\"elementor-widget-wrap elementor-element-populated\">\n\t\t\t\t\t\t<div class=\"elementor-element elementor-element-5a95d16 elementor-widget elementor-widget-text-editor\" data-id=\"5a95d16\" data-element_type=\"widget\" data-widget_type=\"text-editor.default\">\n\t\t\t\t<div class=\"elementor-widget-container\">\n\t\t\t\t\t\t\t\t\t<p>SWISH \u00e8 costantemente alla ricerca di modi per offrire opzioni di piano che si adattino alle esigenze dei diversi tipi di utenti. Questo pu\u00f2 includere piani pi\u00f9 convenienti, piani per famiglie, piani per studenti e altro ancora. Vi invitiamo a rimanere sintonizzati sugli aggiornamenti dell&#8217;applicazione e sulle comunicazioni di SWISH per conoscere le opzioni di piano disponibili.<\/p>\n\t\t\t\t\t\t\t\t<\/div>\n\t\t\t\t<\/div>\n\t\t\t\t\t<\/div>\n\t\t<\/div>\n\t\t\t\t\t<\/div>\n\t\t<\/section>\n\t\t\t\t<section class=\"elementor-section elementor-top-section elementor-element elementor-element-6b3a918 elementor-section-content-middle ct-section-stretched elementor-section-boxed elementor-section-height-default elementor-section-height-default\" data-id=\"6b3a918\" data-element_type=\"section\" data-settings=\"{&quot;background_background&quot;:&quot;classic&quot;}\">\n\t\t\t\t\t\t<div class=\"elementor-container elementor-column-gap-no\">\n\t\t\t\t\t<div class=\"elementor-column elementor-col-50 elementor-top-column elementor-element elementor-element-6df5535\" data-id=\"6df5535\" data-element_type=\"column\">\n\t\t\t<div class=\"elementor-widget-wrap elementor-element-populated\">\n\t\t\t\t\t\t<div class=\"elementor-element elementor-element-bd7a54a elementor-widget elementor-widget-heading\" data-id=\"bd7a54a\" data-element_type=\"widget\" data-widget_type=\"heading.default\">\n\t\t\t\t<div class=\"elementor-widget-container\">\n\t\t\t\t\t<h3 class=\"elementor-heading-title elementor-size-default\">Cosa posso fare se ho ulteriori domande sulla modifica del prezzo?  <\/h3>\t\t\t\t<\/div>\n\t\t\t\t<\/div>\n\t\t\t\t<div class=\"elementor-element elementor-element-735c1fe elementor-widget-divider--view-line elementor-widget elementor-widget-divider\" data-id=\"735c1fe\" data-element_type=\"widget\" data-widget_type=\"divider.default\">\n\t\t\t\t<div class=\"elementor-widget-container\">\n\t\t\t\t\t\t\t<div class=\"elementor-divider\">\n\t\t\t<span class=\"elementor-divider-separator\">\n\t\t\t\t\t\t<\/span>\n\t\t<\/div>\n\t\t\t\t\t\t<\/div>\n\t\t\t\t<\/div>\n\t\t\t\t\t<\/div>\n\t\t<\/div>\n\t\t\t\t<div class=\"elementor-column elementor-col-50 elementor-top-column elementor-element elementor-element-7f7d529\" data-id=\"7f7d529\" data-element_type=\"column\">\n\t\t\t<div class=\"elementor-widget-wrap elementor-element-populated\">\n\t\t\t\t\t\t<div class=\"elementor-element elementor-element-67d08c7 elementor-widget elementor-widget-text-editor\" data-id=\"67d08c7\" data-element_type=\"widget\" data-widget_type=\"text-editor.default\">\n\t\t\t\t<div class=\"elementor-widget-container\">\n\t\t\t\t\t\t\t\t\t<p><span class=\"TextRun SCXW150099937 BCX4\" lang=\"ES-ES\" data-contrast=\"none\"><span class=\"NormalTextRun SCXW150099937 BCX4\">Se avete ulteriori domande o necessitate di maggiori informazioni sulla modifica del prezzo di SWISH, vi consigliamo di contattare il nostro team di supporto<\/span><span class=\"NormalTextRun SCXW150099937 BCX4\"> tramite la chat di SWISH<\/span> <span class=\"NormalTextRun SCXW150099937 BCX4\">o inviando un&#8217;e-mail a <\/span><\/span><a class=\"Hyperlink SCXW150099937 BCX4\" href=\"mailto:support@swishbynbn23.com\" target=\"_blank\" rel=\"noreferrer noopener\"><br \/>\n  <span class=\"TextRun Underlined SCXW150099937 BCX4\" lang=\"ES-ES\" data-contrast=\"none\"><br \/>\n    <span class=\"NormalTextRun SCXW150099937 BCX4\" data-ccp-charstyle=\"Hyperlink\">support@swishbynbn23.com<\/span><br \/>\n  <\/span><br \/>\n<\/a><span class=\"TextRun SCXW150099937 BCX4\" lang=\"ES-ES\" xml:lang=\"ES-ES\" data-contrast=\"none\"><span class=\"NormalTextRun SCXW150099937 BCX4\">  <\/span><\/span><\/p>\n<p><span class=\"TextRun SCXW150099937 BCX4\" lang=\"ES-ES\" xml:lang=\"ES-ES\" data-contrast=\"none\"><span class=\"NormalTextRun SCXW150099937 BCX4\">Saremo lieti di aiutarvi a rispondere a qualsiasi domanda su queste variazioni di prezzo.<\/span><\/span><span class=\"EOP SCXW150099937 BCX4\" data-ccp-props=\"{\"201341983\":2,\"335559739\":240,\"335559740\":360}\"> <\/span><\/p>\n\t\t\t\t\t\t\t\t<\/div>\n\t\t\t\t<\/div>\n\t\t\t\t\t<\/div>\n\t\t<\/div>\n\t\t\t\t\t<\/div>\n\t\t<\/section>\n\t\t\t\t<\/div>\n\t\t","protected":false},"excerpt":{"rendered":"<p>Variazioni di prezzo Qui troverete le risposte ad alcune delle domande pi\u00f9 comuni sulle variazioni di prezzo: Perch\u00e9 il prezzo di SWISH \u00e8 cambiato? Crescita significativa: abbiamo registrato un aumento del 500% del numero di giocatori su Swish, che ha portato a un aumento della domanda dei nostri servizi. Pi\u00f9 partite in diretta: ora offriamo [&hellip;]<\/p>\n","protected":false},"author":3,"featured_media":0,"parent":0,"menu_order":0,"comment_status":"closed","ping_status":"closed","template":"","meta":{"footnotes":""},"class_list":["post-1339","page","type-page","status-publish","hentry"],"blocksy_meta":[],"aioseo_notices":[],"_links":{"self":[{"href":"https:\/\/swishbynbn23.com\/it\/wp-json\/wp\/v2\/pages\/1339","targetHints":{"allow":["GET"]}}],"collection":[{"href":"https:\/\/swishbynbn23.com\/it\/wp-json\/wp\/v2\/pages"}],"about":[{"href":"https:\/\/swishbynbn23.com\/it\/wp-json\/wp\/v2\/types\/page"}],"author":[{"embeddable":true,"href":"https:\/\/swishbynbn23.com\/it\/wp-json\/wp\/v2\/users\/3"}],"replies":[{"embeddable":true,"href":"https:\/\/swishbynbn23.com\/it\/wp-json\/wp\/v2\/comments?post=1339"}],"version-history":[{"count":6,"href":"https:\/\/swishbynbn23.com\/it\/wp-json\/wp\/v2\/pages\/1339\/revisions"}],"predecessor-version":[{"id":1957,"href":"https:\/\/swishbynbn23.com\/it\/wp-json\/wp\/v2\/pages\/1339\/revisions\/1957"}],"wp:attachment":[{"href":"https:\/\/swishbynbn23.com\/it\/wp-json\/wp\/v2\/media?parent=1339"}],"curies":[{"name":"wp","href":"https:\/\/api.w.org\/{rel}","templated":true}]}}