{"id":1248,"date":"2023-08-03T11:37:37","date_gmt":"2023-08-03T11:37:37","guid":{"rendered":"https:\/\/swishbynbn23.com\/suporte"},"modified":"2023-09-22T18:04:03","modified_gmt":"2023-09-22T18:04:03","slug":"suporte","status":"publish","type":"page","link":"https:\/\/swishbynbn23.com\/pt-br\/suporte","title":{"rendered":"Suporte ao vivo"},"content":{"rendered":"\t\t<div data-elementor-type=\"wp-page\" data-elementor-id=\"1248\" class=\"elementor elementor-1248 elementor-635\">\n\t\t\t\t\t\t<section class=\"elementor-section elementor-top-section elementor-element elementor-element-6d455ca ct-section-stretched elementor-section-content-middle elementor-section-boxed elementor-section-height-default elementor-section-height-default\" data-id=\"6d455ca\" data-element_type=\"section\" data-settings=\"{&quot;background_background&quot;:&quot;classic&quot;}\">\n\t\t\t\t\t\t\t<div class=\"elementor-background-overlay\"><\/div>\n\t\t\t\t\t\t\t<div class=\"elementor-container elementor-column-gap-default\">\n\t\t\t\t\t<div class=\"elementor-column elementor-col-16 elementor-top-column elementor-element elementor-element-5a3bd51\" data-id=\"5a3bd51\" data-element_type=\"column\">\n\t\t\t<div class=\"elementor-widget-wrap\">\n\t\t\t\t\t\t\t<\/div>\n\t\t<\/div>\n\t\t\t\t<div class=\"elementor-column elementor-col-66 elementor-top-column elementor-element elementor-element-b77bff0\" data-id=\"b77bff0\" data-element_type=\"column\">\n\t\t\t<div class=\"elementor-widget-wrap elementor-element-populated\">\n\t\t\t\t\t\t<div class=\"elementor-element elementor-element-d108331 elementor-widget elementor-widget-heading\" data-id=\"d108331\" data-element_type=\"widget\" data-widget_type=\"heading.default\">\n\t\t\t\t<div class=\"elementor-widget-container\">\n\t\t\t\t\t<h2 class=\"elementor-heading-title elementor-size-default\">Problemas em direto<\/h2>\t\t\t\t<\/div>\n\t\t\t\t<\/div>\n\t\t\t\t<div class=\"elementor-element elementor-element-2a04b62 elementor-widget elementor-widget-text-editor\" data-id=\"2a04b62\" data-element_type=\"widget\" data-widget_type=\"text-editor.default\">\n\t\t\t\t<div class=\"elementor-widget-container\">\n\t\t\t\t\t\t\t\t\t<p>Se o seu jogo n\u00e3o estiver dispon\u00edvel no SWISH, consulte estas op\u00e7\u00f5es para saber porqu\u00ea.<\/p>\n\t\t\t\t\t\t\t\t<\/div>\n\t\t\t\t<\/div>\n\t\t\t\t\t<\/div>\n\t\t<\/div>\n\t\t\t\t<div class=\"elementor-column elementor-col-16 elementor-top-column elementor-element elementor-element-0c10b9e\" data-id=\"0c10b9e\" data-element_type=\"column\">\n\t\t\t<div class=\"elementor-widget-wrap\">\n\t\t\t\t\t\t\t<\/div>\n\t\t<\/div>\n\t\t\t\t\t<\/div>\n\t\t<\/section>\n\t\t\t\t<section class=\"elementor-section elementor-top-section elementor-element elementor-element-61921c9 elementor-section-content-middle ct-section-stretched elementor-section-boxed elementor-section-height-default elementor-section-height-default\" data-id=\"61921c9\" data-element_type=\"section\" data-settings=\"{&quot;background_background&quot;:&quot;classic&quot;}\">\n\t\t\t\t\t\t<div class=\"elementor-container elementor-column-gap-no\">\n\t\t\t\t\t<div class=\"elementor-column elementor-col-50 elementor-top-column elementor-element elementor-element-b43c8dc\" data-id=\"b43c8dc\" data-element_type=\"column\">\n\t\t\t<div class=\"elementor-widget-wrap elementor-element-populated\">\n\t\t\t\t\t\t<div class=\"elementor-element elementor-element-df4f9c1 elementor-widget elementor-widget-heading\" data-id=\"df4f9c1\" data-element_type=\"widget\" data-widget_type=\"heading.default\">\n\t\t\t\t<div class=\"elementor-widget-container\">\n\t\t\t\t\t<h3 class=\"elementor-heading-title elementor-size-default\">O jogo n\u00e3o est\u00e1 em direto<\/h3>\t\t\t\t<\/div>\n\t\t\t\t<\/div>\n\t\t\t\t<div class=\"elementor-element elementor-element-44aab85 elementor-widget-divider--view-line elementor-widget elementor-widget-divider\" data-id=\"44aab85\" data-element_type=\"widget\" data-widget_type=\"divider.default\">\n\t\t\t\t<div class=\"elementor-widget-container\">\n\t\t\t\t\t\t\t<div class=\"elementor-divider\">\n\t\t\t<span class=\"elementor-divider-separator\">\n\t\t\t\t\t\t<\/span>\n\t\t<\/div>\n\t\t\t\t\t\t<\/div>\n\t\t\t\t<\/div>\n\t\t\t\t\t<\/div>\n\t\t<\/div>\n\t\t\t\t<div class=\"elementor-column elementor-col-50 elementor-top-column elementor-element elementor-element-2a84ef6\" data-id=\"2a84ef6\" data-element_type=\"column\">\n\t\t\t<div class=\"elementor-widget-wrap elementor-element-populated\">\n\t\t\t\t\t\t<div class=\"elementor-element elementor-element-f458af3 elementor-widget elementor-widget-text-editor\" data-id=\"f458af3\" data-element_type=\"widget\" data-widget_type=\"text-editor.default\">\n\t\t\t\t<div class=\"elementor-widget-container\">\n\t\t\t\t\t\t\t\t\t<p>Para que um jogo possa ser seguido em direto no SWISH, \u00e9 necess\u00e1rio que o dispositivo do marcador de resultados esteja ligado \u00e0 Internet. Nalguns casos, tal pode n\u00e3o ser poss\u00edvel por v\u00e1rias raz\u00f5es alheias ao controlo da SWISH.<\/p>\n<p>Por favor, contacte-nos atrav\u00e9s do apoio SWISH e envie-nos o link do jogo para que possamos reencaminh\u00e1-lo para a federa\u00e7\u00e3o\/cliente relevante, permitindo-lhe ativar a transmiss\u00e3o em direto sempre que poss\u00edvel.<\/p>\n\t\t\t\t\t\t\t\t<\/div>\n\t\t\t\t<\/div>\n\t\t\t\t\t<\/div>\n\t\t<\/div>\n\t\t\t\t\t<\/div>\n\t\t<\/section>\n\t\t\t\t<section class=\"elementor-section elementor-top-section elementor-element elementor-element-0648ba2 elementor-section-content-middle ct-section-stretched elementor-section-boxed elementor-section-height-default elementor-section-height-default\" data-id=\"0648ba2\" data-element_type=\"section\" data-settings=\"{&quot;background_background&quot;:&quot;classic&quot;}\">\n\t\t\t\t\t\t<div class=\"elementor-container elementor-column-gap-no\">\n\t\t\t\t\t<div class=\"elementor-column elementor-col-50 elementor-top-column elementor-element elementor-element-5430ad6\" data-id=\"5430ad6\" data-element_type=\"column\">\n\t\t\t<div class=\"elementor-widget-wrap elementor-element-populated\">\n\t\t\t\t\t\t<div class=\"elementor-element elementor-element-3d054ad elementor-widget elementor-widget-heading\" data-id=\"3d054ad\" data-element_type=\"widget\" data-widget_type=\"heading.default\">\n\t\t\t\t<div class=\"elementor-widget-container\">\n\t\t\t\t\t<h3 class=\"elementor-heading-title elementor-size-default\">O jogo n\u00e3o \u00e9 atualizado<\/h3>\t\t\t\t<\/div>\n\t\t\t\t<\/div>\n\t\t\t\t<div class=\"elementor-element elementor-element-f084933 elementor-widget-divider--view-line elementor-widget elementor-widget-divider\" data-id=\"f084933\" data-element_type=\"widget\" data-widget_type=\"divider.default\">\n\t\t\t\t<div class=\"elementor-widget-container\">\n\t\t\t\t\t\t\t<div class=\"elementor-divider\">\n\t\t\t<span class=\"elementor-divider-separator\">\n\t\t\t\t\t\t<\/span>\n\t\t<\/div>\n\t\t\t\t\t\t<\/div>\n\t\t\t\t<\/div>\n\t\t\t\t\t<\/div>\n\t\t<\/div>\n\t\t\t\t<div class=\"elementor-column elementor-col-50 elementor-top-column elementor-element elementor-element-0a52dd8\" data-id=\"0a52dd8\" data-element_type=\"column\">\n\t\t\t<div class=\"elementor-widget-wrap elementor-element-populated\">\n\t\t\t\t\t\t<div class=\"elementor-element elementor-element-25d9ffb elementor-widget elementor-widget-text-editor\" data-id=\"25d9ffb\" data-element_type=\"widget\" data-widget_type=\"text-editor.default\">\n\t\t\t\t<div class=\"elementor-widget-container\">\n\t\t\t\t\t\t\t\t\t<p><strong>Tal como nos jogos &#8220;Live&#8221;, n\u00e3o depende 100% do SWISH.<\/strong><\/p>\n<p>Certifique-se de que o seu dispositivo tem uma liga\u00e7\u00e3o est\u00e1vel \u00e0 Internet. Uma liga\u00e7\u00e3o fraca ou interrompida pode afetar a atualiza\u00e7\u00e3o do jogo.<\/p>\n<p>Se o problema persistir, pode contactar o apoio SWISH para obter mais assist\u00eancia. Podem investigar o problema e dar orienta\u00e7\u00f5es para o resolver.<\/p>\n<p>N\u00e3o se esque\u00e7a de fornecer o m\u00e1ximo de informa\u00e7\u00f5es poss\u00edvel sobre a sua situa\u00e7\u00e3o espec\u00edfica quando contactar o apoio ao cliente para ajudar a diagnosticar e resolver o problema de forma eficaz.<\/p><\/p>\n\t\t\t\t\t\t\t\t<\/div>\n\t\t\t\t<\/div>\n\t\t\t\t\t<\/div>\n\t\t<\/div>\n\t\t\t\t\t<\/div>\n\t\t<\/section>\n\t\t\t\t<\/div>\n\t\t","protected":false},"excerpt":{"rendered":"<p>Problemas em direto Se o seu jogo n\u00e3o estiver dispon\u00edvel no SWISH, consulte estas op\u00e7\u00f5es para saber porqu\u00ea. O jogo n\u00e3o est\u00e1 em direto Para que um jogo possa ser seguido em direto no SWISH, \u00e9 necess\u00e1rio que o dispositivo do marcador de resultados esteja ligado \u00e0 Internet. Nalguns casos, tal pode n\u00e3o ser poss\u00edvel [&hellip;]<\/p>\n","protected":false},"author":2,"featured_media":0,"parent":0,"menu_order":0,"comment_status":"closed","ping_status":"closed","template":"","meta":{"footnotes":""},"class_list":["post-1248","page","type-page","status-publish","hentry"],"blocksy_meta":[],"aioseo_notices":[],"_links":{"self":[{"href":"https:\/\/swishbynbn23.com\/pt-br\/wp-json\/wp\/v2\/pages\/1248","targetHints":{"allow":["GET"]}}],"collection":[{"href":"https:\/\/swishbynbn23.com\/pt-br\/wp-json\/wp\/v2\/pages"}],"about":[{"href":"https:\/\/swishbynbn23.com\/pt-br\/wp-json\/wp\/v2\/types\/page"}],"author":[{"embeddable":true,"href":"https:\/\/swishbynbn23.com\/pt-br\/wp-json\/wp\/v2\/users\/2"}],"replies":[{"embeddable":true,"href":"https:\/\/swishbynbn23.com\/pt-br\/wp-json\/wp\/v2\/comments?post=1248"}],"version-history":[{"count":5,"href":"https:\/\/swishbynbn23.com\/pt-br\/wp-json\/wp\/v2\/pages\/1248\/revisions"}],"predecessor-version":[{"id":1737,"href":"https:\/\/swishbynbn23.com\/pt-br\/wp-json\/wp\/v2\/pages\/1248\/revisions\/1737"}],"wp:attachment":[{"href":"https:\/\/swishbynbn23.com\/pt-br\/wp-json\/wp\/v2\/media?parent=1248"}],"curies":[{"name":"wp","href":"https:\/\/api.w.org\/{rel}","templated":true}]}}