{"id":1692,"date":"2023-08-03T11:39:39","date_gmt":"2023-08-03T11:39:39","guid":{"rendered":"https:\/\/swishbynbn23.com\/estatasticas-de-apoio"},"modified":"2024-09-23T15:06:05","modified_gmt":"2024-09-23T15:06:05","slug":"estatasticas-de-apoio","status":"publish","type":"page","link":"https:\/\/swishbynbn23.com\/pt-br\/estatasticas-de-apoio","title":{"rendered":"Estat\u00edsticas de apoio"},"content":{"rendered":"\t\t<div data-elementor-type=\"wp-page\" data-elementor-id=\"1692\" class=\"elementor elementor-1692 elementor-642\">\n\t\t\t\t\t\t<section class=\"elementor-section elementor-top-section elementor-element elementor-element-6d455ca ct-section-stretched elementor-section-content-middle elementor-section-boxed elementor-section-height-default elementor-section-height-default\" data-id=\"6d455ca\" data-element_type=\"section\" data-e-type=\"section\" data-settings=\"{&quot;background_background&quot;:&quot;classic&quot;}\">\n\t\t\t\t\t\t\t<div class=\"elementor-background-overlay\"><\/div>\n\t\t\t\t\t\t\t<div class=\"elementor-container elementor-column-gap-default\">\n\t\t\t\t\t<div class=\"elementor-column elementor-col-16 elementor-top-column elementor-element elementor-element-5a3bd51\" data-id=\"5a3bd51\" data-element_type=\"column\" data-e-type=\"column\">\n\t\t\t<div class=\"elementor-widget-wrap\">\n\t\t\t\t\t\t\t<\/div>\n\t\t<\/div>\n\t\t\t\t<div class=\"elementor-column elementor-col-66 elementor-top-column elementor-element elementor-element-b77bff0\" data-id=\"b77bff0\" data-element_type=\"column\" data-e-type=\"column\">\n\t\t\t<div class=\"elementor-widget-wrap elementor-element-populated\">\n\t\t\t\t\t\t<div class=\"elementor-element elementor-element-d108331 elementor-widget elementor-widget-heading\" data-id=\"d108331\" data-element_type=\"widget\" data-e-type=\"widget\" data-widget_type=\"heading.default\">\n\t\t\t\t<div class=\"elementor-widget-container\">\n\t\t\t\t\t<h2 class=\"elementor-heading-title elementor-size-default\">Problemas estat\u00edsticos<\/h2>\t\t\t\t<\/div>\n\t\t\t\t<\/div>\n\t\t\t\t<div class=\"elementor-element elementor-element-2a04b62 elementor-widget elementor-widget-text-editor\" data-id=\"2a04b62\" data-element_type=\"widget\" data-e-type=\"widget\" data-widget_type=\"text-editor.default\">\n\t\t\t\t<div class=\"elementor-widget-container\">\n\t\t\t\t\t\t\t\t\t<p>Est\u00e1 a ter problemas com as estat\u00edsticas SWISH? Eis os casos mais frequentes:<\/p>\n\t\t\t\t\t\t\t\t<\/div>\n\t\t\t\t<\/div>\n\t\t\t\t\t<\/div>\n\t\t<\/div>\n\t\t\t\t<div class=\"elementor-column elementor-col-16 elementor-top-column elementor-element elementor-element-0c10b9e\" data-id=\"0c10b9e\" data-element_type=\"column\" data-e-type=\"column\">\n\t\t\t<div class=\"elementor-widget-wrap\">\n\t\t\t\t\t\t\t<\/div>\n\t\t<\/div>\n\t\t\t\t\t<\/div>\n\t\t<\/section>\n\t\t\t\t<section class=\"elementor-section elementor-top-section elementor-element elementor-element-27ec995 elementor-section-content-middle ct-section-stretched elementor-section-boxed elementor-section-height-default elementor-section-height-default\" data-id=\"27ec995\" data-element_type=\"section\" data-e-type=\"section\" data-settings=\"{&quot;background_background&quot;:&quot;classic&quot;}\">\n\t\t\t\t\t\t<div class=\"elementor-container elementor-column-gap-no\">\n\t\t\t\t\t<div class=\"elementor-column elementor-col-50 elementor-top-column elementor-element elementor-element-d3d59e0\" data-id=\"d3d59e0\" data-element_type=\"column\" data-e-type=\"column\">\n\t\t\t<div class=\"elementor-widget-wrap elementor-element-populated\">\n\t\t\t\t\t\t<div class=\"elementor-element elementor-element-fb86e21 elementor-widget elementor-widget-heading\" data-id=\"fb86e21\" data-element_type=\"widget\" data-e-type=\"widget\" data-widget_type=\"heading.default\">\n\t\t\t\t<div class=\"elementor-widget-container\">\n\t\t\t\t\t<h3 class=\"elementor-heading-title elementor-size-default\">Um jogador tem estat\u00edsticas incorrectas.<\/h3>\t\t\t\t<\/div>\n\t\t\t\t<\/div>\n\t\t\t\t<div class=\"elementor-element elementor-element-5a2f3ce elementor-widget-divider--view-line elementor-widget elementor-widget-divider\" data-id=\"5a2f3ce\" data-element_type=\"widget\" data-e-type=\"widget\" data-widget_type=\"divider.default\">\n\t\t\t\t<div class=\"elementor-widget-container\">\n\t\t\t\t\t\t\t<div class=\"elementor-divider\">\n\t\t\t<span class=\"elementor-divider-separator\">\n\t\t\t\t\t\t<\/span>\n\t\t<\/div>\n\t\t\t\t\t\t<\/div>\n\t\t\t\t<\/div>\n\t\t\t\t\t<\/div>\n\t\t<\/div>\n\t\t\t\t<div class=\"elementor-column elementor-col-50 elementor-top-column elementor-element elementor-element-8fc4ec5\" data-id=\"8fc4ec5\" data-element_type=\"column\" data-e-type=\"column\">\n\t\t\t<div class=\"elementor-widget-wrap elementor-element-populated\">\n\t\t\t\t\t\t<div class=\"elementor-element elementor-element-a5720ae elementor-widget elementor-widget-text-editor\" data-id=\"a5720ae\" data-element_type=\"widget\" data-e-type=\"widget\" data-widget_type=\"text-editor.default\">\n\t\t\t\t<div class=\"elementor-widget-container\">\n\t\t\t\t\t\t\t\t\t<p>Infelizmente, nestes casos, n\u00e3o podemos fazer nada, uma vez que n\u00e3o temos a capacidade de editar quaisquer dados.<\/p>\n<p>Trabalhamos todos os dias com os marcadores de pontos e as federa\u00e7\u00f5es para garantir que a transi\u00e7\u00e3o do anal\u00f3gico para o digital \u00e9 o mais exacta poss\u00edvel. Pedimos a vossa paci\u00eancia e compreens\u00e3o para com estes profissionais que est\u00e3o a fazer um esfor\u00e7o para fornecer as estat\u00edsticas mais exactas.<\/p>\n<p>Recomendamos que comunique o problema \u00e0 Federa\u00e7\u00e3o\/Organiza\u00e7\u00e3o para que esta possa avaliar o caso e tomar as medidas adequadas. Trata-se de erros humanos e, se n\u00e3o afectarem o resultado final do jogo, normalmente n\u00e3o s\u00e3o alterados no SWISH pela Federa\u00e7\u00e3o\/Organiza\u00e7\u00e3o.<\/p>\n\t\t\t\t\t\t\t\t<\/div>\n\t\t\t\t<\/div>\n\t\t\t\t\t<\/div>\n\t\t<\/div>\n\t\t\t\t\t<\/div>\n\t\t<\/section>\n\t\t\t\t<section class=\"elementor-section elementor-top-section elementor-element elementor-element-e9fd154 elementor-section-content-middle ct-section-stretched elementor-section-boxed elementor-section-height-default elementor-section-height-default\" data-id=\"e9fd154\" data-element_type=\"section\" data-e-type=\"section\" data-settings=\"{&quot;background_background&quot;:&quot;classic&quot;}\">\n\t\t\t\t\t\t<div class=\"elementor-container elementor-column-gap-no\">\n\t\t\t\t\t<div class=\"elementor-column elementor-col-50 elementor-top-column elementor-element elementor-element-ee9015d\" data-id=\"ee9015d\" data-element_type=\"column\" data-e-type=\"column\">\n\t\t\t<div class=\"elementor-widget-wrap elementor-element-populated\">\n\t\t\t\t\t\t<div class=\"elementor-element elementor-element-3007be6 elementor-widget elementor-widget-heading\" data-id=\"3007be6\" data-element_type=\"widget\" data-e-type=\"widget\" data-widget_type=\"heading.default\">\n\t\t\t\t<div class=\"elementor-widget-container\">\n\t\t\t\t\t<h3 class=\"elementor-heading-title elementor-size-default\">As estat\u00edsticas do jogo n\u00e3o existem ou s\u00e3o inexactas.<\/h3>\t\t\t\t<\/div>\n\t\t\t\t<\/div>\n\t\t\t\t<div class=\"elementor-element elementor-element-ef25a06 elementor-widget-divider--view-line elementor-widget elementor-widget-divider\" data-id=\"ef25a06\" data-element_type=\"widget\" data-e-type=\"widget\" data-widget_type=\"divider.default\">\n\t\t\t\t<div class=\"elementor-widget-container\">\n\t\t\t\t\t\t\t<div class=\"elementor-divider\">\n\t\t\t<span class=\"elementor-divider-separator\">\n\t\t\t\t\t\t<\/span>\n\t\t<\/div>\n\t\t\t\t\t\t<\/div>\n\t\t\t\t<\/div>\n\t\t\t\t\t<\/div>\n\t\t<\/div>\n\t\t\t\t<div class=\"elementor-column elementor-col-50 elementor-top-column elementor-element elementor-element-1526b59\" data-id=\"1526b59\" data-element_type=\"column\" data-e-type=\"column\">\n\t\t\t<div class=\"elementor-widget-wrap elementor-element-populated\">\n\t\t\t\t\t\t<div class=\"elementor-element elementor-element-fcb4220 elementor-widget elementor-widget-text-editor\" data-id=\"fcb4220\" data-element_type=\"widget\" data-e-type=\"widget\" data-widget_type=\"text-editor.default\">\n\t\t\t\t<div class=\"elementor-widget-container\">\n\t\t\t\t\t\t\t\t\t<p>O SWISH \u00e9 a plataforma onde s\u00e3o apresentados e consultados os resultados e os dados dos concursos. Estes dados s\u00e3o partilhados pelos escrutinadores de cada Federa\u00e7\u00e3o\/Organiza\u00e7\u00e3o. No entanto, n\u00e3o temos a capacidade de editar ou alterar quaisquer dados, nomes ou estat\u00edsticas.<\/p>\n<p>Se houver um erro na folha de resultados do jogo, \u00e9 favor contactar o seu clube para que este possa comunic\u00e1-lo \u00e0 Federa\u00e7\u00e3o\/Organiza\u00e7\u00e3o. Se o erro n\u00e3o tiver impacto no resultado final, \u00e9 altamente prov\u00e1vel que a altera\u00e7\u00e3o n\u00e3o seja aplicada em SWISH.<\/p>\n\t\t\t\t\t\t\t\t<\/div>\n\t\t\t\t<\/div>\n\t\t\t\t\t<\/div>\n\t\t<\/div>\n\t\t\t\t\t<\/div>\n\t\t<\/section>\n\t\t\t\t<\/div>\n\t\t","protected":false},"excerpt":{"rendered":"<p>Problemas estat\u00edsticos Est\u00e1 a ter problemas com as estat\u00edsticas SWISH? Eis os casos mais frequentes: Um jogador tem estat\u00edsticas incorrectas. Infelizmente, nestes casos, n\u00e3o podemos fazer nada, uma vez que n\u00e3o temos a capacidade de editar quaisquer dados. Trabalhamos todos os dias com os marcadores de pontos e as federa\u00e7\u00f5es para garantir que a transi\u00e7\u00e3o [&hellip;]<\/p>\n","protected":false},"author":2,"featured_media":0,"parent":0,"menu_order":0,"comment_status":"closed","ping_status":"closed","template":"","meta":{"footnotes":""},"class_list":["post-1692","page","type-page","status-publish","hentry"],"blocksy_meta":[],"aioseo_notices":[],"_links":{"self":[{"href":"https:\/\/swishbynbn23.com\/pt-br\/wp-json\/wp\/v2\/pages\/1692","targetHints":{"allow":["GET"]}}],"collection":[{"href":"https:\/\/swishbynbn23.com\/pt-br\/wp-json\/wp\/v2\/pages"}],"about":[{"href":"https:\/\/swishbynbn23.com\/pt-br\/wp-json\/wp\/v2\/types\/page"}],"author":[{"embeddable":true,"href":"https:\/\/swishbynbn23.com\/pt-br\/wp-json\/wp\/v2\/users\/2"}],"replies":[{"embeddable":true,"href":"https:\/\/swishbynbn23.com\/pt-br\/wp-json\/wp\/v2\/comments?post=1692"}],"version-history":[{"count":5,"href":"https:\/\/swishbynbn23.com\/pt-br\/wp-json\/wp\/v2\/pages\/1692\/revisions"}],"predecessor-version":[{"id":2563,"href":"https:\/\/swishbynbn23.com\/pt-br\/wp-json\/wp\/v2\/pages\/1692\/revisions\/2563"}],"wp:attachment":[{"href":"https:\/\/swishbynbn23.com\/pt-br\/wp-json\/wp\/v2\/media?parent=1692"}],"curies":[{"name":"wp","href":"https:\/\/api.w.org\/{rel}","templated":true}]}}