{"id":2564,"date":"2023-08-03T11:35:06","date_gmt":"2023-08-03T11:35:06","guid":{"rendered":"https:\/\/swishbynbn23.com\/pagamento-de-apoio"},"modified":"2024-09-23T15:06:18","modified_gmt":"2024-09-23T15:06:18","slug":"pagamento-de-apoio","status":"publish","type":"page","link":"https:\/\/swishbynbn23.com\/pt-br\/pagamento-de-apoio","title":{"rendered":"Pagamento de apoio"},"content":{"rendered":"\t\t<div data-elementor-type=\"wp-page\" data-elementor-id=\"2564\" class=\"elementor elementor-2564 elementor-628\">\n\t\t\t\t\t\t<section class=\"elementor-section elementor-top-section elementor-element elementor-element-6d455ca ct-section-stretched elementor-section-content-middle elementor-section-boxed elementor-section-height-default elementor-section-height-default\" data-id=\"6d455ca\" data-element_type=\"section\" data-e-type=\"section\" data-settings=\"{&quot;background_background&quot;:&quot;classic&quot;}\">\n\t\t\t\t\t\t\t<div class=\"elementor-background-overlay\"><\/div>\n\t\t\t\t\t\t\t<div class=\"elementor-container elementor-column-gap-default\">\n\t\t\t\t\t<div class=\"elementor-column elementor-col-16 elementor-top-column elementor-element elementor-element-5a3bd51\" data-id=\"5a3bd51\" data-element_type=\"column\" data-e-type=\"column\">\n\t\t\t<div class=\"elementor-widget-wrap\">\n\t\t\t\t\t\t\t<\/div>\n\t\t<\/div>\n\t\t\t\t<div class=\"elementor-column elementor-col-66 elementor-top-column elementor-element elementor-element-b77bff0\" data-id=\"b77bff0\" data-element_type=\"column\" data-e-type=\"column\">\n\t\t\t<div class=\"elementor-widget-wrap elementor-element-populated\">\n\t\t\t\t\t\t<div class=\"elementor-element elementor-element-d108331 elementor-widget elementor-widget-heading\" data-id=\"d108331\" data-element_type=\"widget\" data-e-type=\"widget\" data-widget_type=\"heading.default\">\n\t\t\t\t<div class=\"elementor-widget-container\">\n\t\t\t\t\t<h2 class=\"elementor-heading-title elementor-size-default\">Problemas de pagamento<\/h2>\t\t\t\t<\/div>\n\t\t\t\t<\/div>\n\t\t\t\t<div class=\"elementor-element elementor-element-2a04b62 elementor-widget elementor-widget-text-editor\" data-id=\"2a04b62\" data-element_type=\"widget\" data-e-type=\"widget\" data-widget_type=\"text-editor.default\">\n\t\t\t\t<div class=\"elementor-widget-container\">\n\t\t\t\t\t\t\t\t\t<p>Resolva os seus problemas de pagamento<\/p>\n\t\t\t\t\t\t\t\t<\/div>\n\t\t\t\t<\/div>\n\t\t\t\t\t<\/div>\n\t\t<\/div>\n\t\t\t\t<div class=\"elementor-column elementor-col-16 elementor-top-column elementor-element elementor-element-0c10b9e\" data-id=\"0c10b9e\" data-element_type=\"column\" data-e-type=\"column\">\n\t\t\t<div class=\"elementor-widget-wrap\">\n\t\t\t\t\t\t\t<\/div>\n\t\t<\/div>\n\t\t\t\t\t<\/div>\n\t\t<\/section>\n\t\t\t\t<section class=\"elementor-section elementor-top-section elementor-element elementor-element-8c02c08 elementor-section-content-middle ct-section-stretched elementor-section-boxed elementor-section-height-default elementor-section-height-default\" data-id=\"8c02c08\" data-element_type=\"section\" data-e-type=\"section\" data-settings=\"{&quot;background_background&quot;:&quot;classic&quot;}\">\n\t\t\t\t\t\t<div class=\"elementor-container elementor-column-gap-no\">\n\t\t\t\t\t<div class=\"elementor-column elementor-col-50 elementor-top-column elementor-element elementor-element-8e0acee\" data-id=\"8e0acee\" data-element_type=\"column\" data-e-type=\"column\">\n\t\t\t<div class=\"elementor-widget-wrap elementor-element-populated\">\n\t\t\t\t\t\t<div class=\"elementor-element elementor-element-b0aebb6 elementor-widget elementor-widget-heading\" data-id=\"b0aebb6\" data-element_type=\"widget\" data-e-type=\"widget\" data-widget_type=\"heading.default\">\n\t\t\t\t<div class=\"elementor-widget-container\">\n\t\t\t\t\t<h3 class=\"elementor-heading-title elementor-size-default\">O meu pagamento foi recusado.\nO que deves fazer? <\/h3>\t\t\t\t<\/div>\n\t\t\t\t<\/div>\n\t\t\t\t<div class=\"elementor-element elementor-element-463ef6f elementor-widget-divider--view-line elementor-widget elementor-widget-divider\" data-id=\"463ef6f\" data-element_type=\"widget\" data-e-type=\"widget\" data-widget_type=\"divider.default\">\n\t\t\t\t<div class=\"elementor-widget-container\">\n\t\t\t\t\t\t\t<div class=\"elementor-divider\">\n\t\t\t<span class=\"elementor-divider-separator\">\n\t\t\t\t\t\t<\/span>\n\t\t<\/div>\n\t\t\t\t\t\t<\/div>\n\t\t\t\t<\/div>\n\t\t\t\t\t<\/div>\n\t\t<\/div>\n\t\t\t\t<div class=\"elementor-column elementor-col-50 elementor-top-column elementor-element elementor-element-5173334\" data-id=\"5173334\" data-element_type=\"column\" data-e-type=\"column\">\n\t\t\t<div class=\"elementor-widget-wrap elementor-element-populated\">\n\t\t\t\t\t\t<div class=\"elementor-element elementor-element-6a3db2f elementor-widget elementor-widget-text-editor\" data-id=\"6a3db2f\" data-element_type=\"widget\" data-e-type=\"widget\" data-widget_type=\"text-editor.default\">\n\t\t\t\t<div class=\"elementor-widget-container\">\n\t\t\t\t\t\t\t\t\t<p>Se o seu pagamento foi recusado, recomendamos que siga estes passos:<\/p>\n<ul>\n<li>Certifique-se de que as informa\u00e7\u00f5es do seu cart\u00e3o est\u00e3o correctas.<\/li>\n<li>Verifique se tem fundos suficientes na sua conta banc\u00e1ria ou no limite de cr\u00e9dito dispon\u00edvel.<\/li>\n<li>Se o problema persistir, contacte o seu banco para obter mais informa\u00e7\u00f5es sobre a recusa.<\/li>\n<li>Pode tamb\u00e9m tentar utilizar um cart\u00e3o de cr\u00e9dito ou de d\u00e9bito diferente, se tiver um dispon\u00edvel.<\/li>\n<\/ul>\n\t\t\t\t\t\t\t\t<\/div>\n\t\t\t\t<\/div>\n\t\t\t\t\t<\/div>\n\t\t<\/div>\n\t\t\t\t\t<\/div>\n\t\t<\/section>\n\t\t\t\t<section class=\"elementor-section elementor-top-section elementor-element elementor-element-a03b66f elementor-section-content-middle ct-section-stretched elementor-section-boxed elementor-section-height-default elementor-section-height-default\" data-id=\"a03b66f\" data-element_type=\"section\" data-e-type=\"section\" data-settings=\"{&quot;background_background&quot;:&quot;classic&quot;}\">\n\t\t\t\t\t\t<div class=\"elementor-container elementor-column-gap-no\">\n\t\t\t\t\t<div class=\"elementor-column elementor-col-50 elementor-top-column elementor-element elementor-element-fe8347d\" data-id=\"fe8347d\" data-element_type=\"column\" data-e-type=\"column\">\n\t\t\t<div class=\"elementor-widget-wrap elementor-element-populated\">\n\t\t\t\t\t\t<div class=\"elementor-element elementor-element-4b1ae42 elementor-widget elementor-widget-heading\" data-id=\"4b1ae42\" data-element_type=\"widget\" data-e-type=\"widget\" data-widget_type=\"heading.default\">\n\t\t\t\t<div class=\"elementor-widget-container\">\n\t\t\t\t\t<h3 class=\"elementor-heading-title elementor-size-default\">Porque n\u00e3o consigo atualizar as minhas informa\u00e7\u00f5es de pagamento?<\/h3>\t\t\t\t<\/div>\n\t\t\t\t<\/div>\n\t\t\t\t<div class=\"elementor-element elementor-element-573cbdc elementor-widget-divider--view-line elementor-widget elementor-widget-divider\" data-id=\"573cbdc\" data-element_type=\"widget\" data-e-type=\"widget\" data-widget_type=\"divider.default\">\n\t\t\t\t<div class=\"elementor-widget-container\">\n\t\t\t\t\t\t\t<div class=\"elementor-divider\">\n\t\t\t<span class=\"elementor-divider-separator\">\n\t\t\t\t\t\t<\/span>\n\t\t<\/div>\n\t\t\t\t\t\t<\/div>\n\t\t\t\t<\/div>\n\t\t\t\t\t<\/div>\n\t\t<\/div>\n\t\t\t\t<div class=\"elementor-column elementor-col-50 elementor-top-column elementor-element elementor-element-693b94e\" data-id=\"693b94e\" data-element_type=\"column\" data-e-type=\"column\">\n\t\t\t<div class=\"elementor-widget-wrap elementor-element-populated\">\n\t\t\t\t\t\t<div class=\"elementor-element elementor-element-4e830ee elementor-widget elementor-widget-text-editor\" data-id=\"4e830ee\" data-element_type=\"widget\" data-e-type=\"widget\" data-widget_type=\"text-editor.default\">\n\t\t\t\t<div class=\"elementor-widget-container\">\n\t\t\t\t\t\t\t\t\t<p>Se tiver problemas em atualizar as suas informa\u00e7\u00f5es de pagamento, verifique o seguinte:<\/p>\n<ul>\n<li>Certifique-se de que est\u00e1 a utilizar a vers\u00e3o mais recente da aplica\u00e7\u00e3o SWISH.<\/li>\n<li>Certifique-se de que o cart\u00e3o que pretende adicionar est\u00e1 ativo e n\u00e3o expirou.<\/li>\n<li>Verifique se o endere\u00e7o de fatura\u00e7\u00e3o que forneceu corresponde ao endere\u00e7o registado no seu banco.<\/li>\n<li>Se continuar a ter problemas, contacte o suporte SWISH para obter mais assist\u00eancia.<\/li>\n<\/ul>\n\t\t\t\t\t\t\t\t<\/div>\n\t\t\t\t<\/div>\n\t\t\t\t\t<\/div>\n\t\t<\/div>\n\t\t\t\t\t<\/div>\n\t\t<\/section>\n\t\t\t\t<section class=\"elementor-section elementor-top-section elementor-element elementor-element-3d747a5 elementor-section-content-middle ct-section-stretched elementor-section-boxed elementor-section-height-default elementor-section-height-default\" data-id=\"3d747a5\" data-element_type=\"section\" data-e-type=\"section\" data-settings=\"{&quot;background_background&quot;:&quot;classic&quot;}\">\n\t\t\t\t\t\t<div class=\"elementor-container elementor-column-gap-no\">\n\t\t\t\t\t<div class=\"elementor-column elementor-col-50 elementor-top-column elementor-element elementor-element-16c3e4e\" data-id=\"16c3e4e\" data-element_type=\"column\" data-e-type=\"column\">\n\t\t\t<div class=\"elementor-widget-wrap elementor-element-populated\">\n\t\t\t\t\t\t<div class=\"elementor-element elementor-element-fdef3fa elementor-widget elementor-widget-heading\" data-id=\"fdef3fa\" data-element_type=\"widget\" data-e-type=\"widget\" data-widget_type=\"heading.default\">\n\t\t\t\t<div class=\"elementor-widget-container\">\n\t\t\t\t\t<h3 class=\"elementor-heading-title elementor-size-default\">O meu pagamento foi efectuado com sucesso, mas ainda n\u00e3o tenho acesso.\nO que deves fazer? <\/h3>\t\t\t\t<\/div>\n\t\t\t\t<\/div>\n\t\t\t\t<div class=\"elementor-element elementor-element-22a94b9 elementor-widget-divider--view-line elementor-widget elementor-widget-divider\" data-id=\"22a94b9\" data-element_type=\"widget\" data-e-type=\"widget\" data-widget_type=\"divider.default\">\n\t\t\t\t<div class=\"elementor-widget-container\">\n\t\t\t\t\t\t\t<div class=\"elementor-divider\">\n\t\t\t<span class=\"elementor-divider-separator\">\n\t\t\t\t\t\t<\/span>\n\t\t<\/div>\n\t\t\t\t\t\t<\/div>\n\t\t\t\t<\/div>\n\t\t\t\t\t<\/div>\n\t\t<\/div>\n\t\t\t\t<div class=\"elementor-column elementor-col-50 elementor-top-column elementor-element elementor-element-f586465\" data-id=\"f586465\" data-element_type=\"column\" data-e-type=\"column\">\n\t\t\t<div class=\"elementor-widget-wrap elementor-element-populated\">\n\t\t\t\t\t\t<div class=\"elementor-element elementor-element-54d44d0 elementor-widget elementor-widget-text-editor\" data-id=\"54d44d0\" data-element_type=\"widget\" data-e-type=\"widget\" data-widget_type=\"text-editor.default\">\n\t\t\t\t<div class=\"elementor-widget-container\">\n\t\t\t\t\t\t\t\t\t<p>Se efectuou um pagamento com \u00eaxito mas ainda n\u00e3o tem acesso ao conte\u00fado do SWISH, tente o seguinte:<\/p>\n<ul>\n<li>Saia da sua conta e volte a entrar.<\/li>\n<li>Certifique-se de que est\u00e1 a utilizar a mesma conta com a qual efectuou o pagamento.<\/li>\n<li>Verifique se existem actualiza\u00e7\u00f5es pendentes da aplica\u00e7\u00e3o e certifique-se de que tem a vers\u00e3o mais recente instalada.<\/li>\n<li>Se o problema persistir, contacte o suporte SWISH para obter assist\u00eancia.<\/li>\n<\/ul>\n\t\t\t\t\t\t\t\t<\/div>\n\t\t\t\t<\/div>\n\t\t\t\t\t<\/div>\n\t\t<\/div>\n\t\t\t\t\t<\/div>\n\t\t<\/section>\n\t\t\t\t<section class=\"elementor-section elementor-top-section elementor-element elementor-element-0ef6301 elementor-section-content-middle ct-section-stretched elementor-section-boxed elementor-section-height-default elementor-section-height-default\" data-id=\"0ef6301\" data-element_type=\"section\" data-e-type=\"section\" data-settings=\"{&quot;background_background&quot;:&quot;classic&quot;}\">\n\t\t\t\t\t\t<div class=\"elementor-container elementor-column-gap-no\">\n\t\t\t\t\t<div class=\"elementor-column elementor-col-50 elementor-top-column elementor-element elementor-element-7918e83\" data-id=\"7918e83\" data-element_type=\"column\" data-e-type=\"column\">\n\t\t\t<div class=\"elementor-widget-wrap elementor-element-populated\">\n\t\t\t\t\t\t<div class=\"elementor-element elementor-element-2f60923 elementor-widget elementor-widget-heading\" data-id=\"2f60923\" data-element_type=\"widget\" data-e-type=\"widget\" data-widget_type=\"heading.default\">\n\t\t\t\t<div class=\"elementor-widget-container\">\n\t\t\t\t\t<h3 class=\"elementor-heading-title elementor-size-default\">Como \u00e9 que posso pedir um reembolso?<\/h3>\t\t\t\t<\/div>\n\t\t\t\t<\/div>\n\t\t\t\t<div class=\"elementor-element elementor-element-1f37b8a elementor-widget-divider--view-line elementor-widget elementor-widget-divider\" data-id=\"1f37b8a\" data-element_type=\"widget\" data-e-type=\"widget\" data-widget_type=\"divider.default\">\n\t\t\t\t<div class=\"elementor-widget-container\">\n\t\t\t\t\t\t\t<div class=\"elementor-divider\">\n\t\t\t<span class=\"elementor-divider-separator\">\n\t\t\t\t\t\t<\/span>\n\t\t<\/div>\n\t\t\t\t\t\t<\/div>\n\t\t\t\t<\/div>\n\t\t\t\t<div class=\"elementor-element elementor-element-5a081fa elementor-widget elementor-widget-text-editor\" data-id=\"5a081fa\" data-element_type=\"widget\" data-e-type=\"widget\" data-widget_type=\"text-editor.default\">\n\t\t\t\t<div class=\"elementor-widget-container\">\n\t\t\t\t\t\t\t\t\t<p>Para pedir o reembolso da tua subscri\u00e7\u00e3o Gold, tens de ter comprado o teu plano Gold na aplica\u00e7\u00e3o Swish (Google Play Store ou Apple Store).<br \/>\nEste reembolso s\u00f3 ser\u00e1 poss\u00edvel no prazo de 48 horas ap\u00f3s a tua compra.   <span style=\"color: var( --e-global-color-secondary ); background-color: var( --e-global-color-blocksy_palette_8 ); font-family: var(--theme-font-family); font-style: var(--theme-font-style, inherit); font-variant-ligatures: inherit; font-variant-caps: inherit; letter-spacing: var(--theme-letter-spacing); text-transform: var(--theme-text-transform);\">Tenha em aten\u00e7\u00e3o que as pol\u00edticas e os processos de reembolso podem variar, pelo que \u00e9 importante seguir os passos espec\u00edficos fornecidos pela Google Play Store ou pela Apple App Store para iniciar o seu pedido de reembolso.<\/span><\/p>\n<p>Se, por outro lado, o compraste na Swish Area, n\u00e3o ser\u00e1 poss\u00edvel efetuar o reembolso.<\/p>\n\t\t\t\t\t\t\t\t<\/div>\n\t\t\t\t<\/div>\n\t\t\t\t\t<\/div>\n\t\t<\/div>\n\t\t\t\t<div class=\"elementor-column elementor-col-50 elementor-top-column elementor-element elementor-element-ea141f0\" data-id=\"ea141f0\" data-element_type=\"column\" data-e-type=\"column\">\n\t\t\t<div class=\"elementor-widget-wrap elementor-element-populated\">\n\t\t\t\t\t\t<div class=\"elementor-element elementor-element-5a95d16 elementor-widget elementor-widget-text-editor\" data-id=\"5a95d16\" data-element_type=\"widget\" data-e-type=\"widget\" data-widget_type=\"text-editor.default\">\n\t\t\t\t<div class=\"elementor-widget-container\">\n\t\t\t\t\t\t\t\t\t<p><strong style=\"font-family: inherit; font-size: inherit; font-style: inherit; font-variant-ligatures: inherit; font-variant-caps: inherit; color: var( --e-global-color-secondary ); background-color: var( --e-global-color-blocksy_palette_8 ); letter-spacing: var(--theme-letter-spacing); text-transform: var(--theme-text-transform);\">Para a Google Play Store (Android):<\/strong><\/p>\n<ol>\n<li>Abra a aplica\u00e7\u00e3o Google Play Store.<\/li>\n<li>Toque no \u00edcone do menu (normalmente representado por tr\u00eas linhas horizontais) no canto superior esquerdo.<\/li>\n<li>Seleccione &#8220;Subscri\u00e7\u00f5es&#8221;.<\/li>\n<li>Localize e seleccione a sua subscri\u00e7\u00e3o SWISH.<\/li>\n<li>Toque em &#8220;Cancelar&#8221; e siga as instru\u00e7\u00f5es para solicitar um reembolso.<\/li>\n<\/ol>\n<p><strong>Para a Apple App Store (iOS):<\/strong><\/p>\n<ol>\n<li>Abra a aplica\u00e7\u00e3o &#8220;Defini\u00e7\u00f5es&#8221; no seu dispositivo iOS.<\/li>\n<li>Desloque-se para baixo e toque em &#8220;iTunes e App Store&#8221;.<\/li>\n<li>Toque no seu ID Apple na parte superior do ecr\u00e3.<\/li>\n<li>Seleccione &#8220;Ver ID Apple&#8221; e introduza a sua palavra-passe ou utilize o ID Facial\/Touch ID, se solicitado.<\/li>\n<li>Desloque-se para baixo e toque em &#8220;Subscri\u00e7\u00f5es&#8221;.<\/li>\n<li>Localize e seleccione a sua subscri\u00e7\u00e3o SWISH.<\/li>\n<li>Toque em &#8220;Cancelar subscri\u00e7\u00e3o&#8221; e siga as instru\u00e7\u00f5es para solicitar um reembolso.<\/li>\n<\/ol>\n\t\t\t\t\t\t\t\t<\/div>\n\t\t\t\t<\/div>\n\t\t\t\t\t<\/div>\n\t\t<\/div>\n\t\t\t\t\t<\/div>\n\t\t<\/section>\n\t\t\t\t<section class=\"elementor-section elementor-top-section elementor-element elementor-element-d1e2106 elementor-section-content-middle ct-section-stretched elementor-section-boxed elementor-section-height-default elementor-section-height-default\" data-id=\"d1e2106\" data-element_type=\"section\" data-e-type=\"section\" data-settings=\"{&quot;background_background&quot;:&quot;classic&quot;}\">\n\t\t\t\t\t\t<div class=\"elementor-container elementor-column-gap-no\">\n\t\t\t\t\t<div class=\"elementor-column elementor-col-50 elementor-top-column elementor-element elementor-element-56654de\" data-id=\"56654de\" data-element_type=\"column\" data-e-type=\"column\">\n\t\t\t<div class=\"elementor-widget-wrap elementor-element-populated\">\n\t\t\t\t\t\t<div class=\"elementor-element elementor-element-2ab1257 elementor-widget elementor-widget-heading\" data-id=\"2ab1257\" data-element_type=\"widget\" data-e-type=\"widget\" data-widget_type=\"heading.default\">\n\t\t\t\t<div class=\"elementor-widget-container\">\n\t\t\t\t\t<h3 class=\"elementor-heading-title elementor-size-default\">Como posso cancelar a minha subscri\u00e7\u00e3o?<\/h3>\t\t\t\t<\/div>\n\t\t\t\t<\/div>\n\t\t\t\t<div class=\"elementor-element elementor-element-31bbb6c elementor-widget-divider--view-line elementor-widget elementor-widget-divider\" data-id=\"31bbb6c\" data-element_type=\"widget\" data-e-type=\"widget\" data-widget_type=\"divider.default\">\n\t\t\t\t<div class=\"elementor-widget-container\">\n\t\t\t\t\t\t\t<div class=\"elementor-divider\">\n\t\t\t<span class=\"elementor-divider-separator\">\n\t\t\t\t\t\t<\/span>\n\t\t<\/div>\n\t\t\t\t\t\t<\/div>\n\t\t\t\t<\/div>\n\t\t\t\t<div class=\"elementor-element elementor-element-5a38480 elementor-widget elementor-widget-text-editor\" data-id=\"5a38480\" data-element_type=\"widget\" data-e-type=\"widget\" data-widget_type=\"text-editor.default\">\n\t\t\t\t<div class=\"elementor-widget-container\">\n\t\t\t\t\t\t\t\t\t<p>Tens a possibilidade de cancelar a tua subscri\u00e7\u00e3o em qualquer altura sem penaliza\u00e7\u00f5es.<br \/>\nOnde compraste a tua subscri\u00e7\u00e3o? <\/p>\n<p><b>Na \u00e1rea Swish<\/b><\/p>\n<ol>\n<li>Abre o <a style=\"transition: var(--theme-transition); --theme-text-decoration: underline;\" href=\"http:\/\/swisharea.com\/\">site swisharea.com<\/a> e acede \u00e0 tua conta<\/li>\n<li>Procura &#8220;Gerir a minha subscri\u00e7\u00e3o&#8221;<\/li>\n<li>Escolhe &#8220;cancelar renova\u00e7\u00e3o&#8221;  <\/li>\n<li>O seu acesso ao conte\u00fado SWISH GOLD continuar\u00e1 at\u00e9 ao final do seu per\u00edodo de subscri\u00e7\u00e3o atual.<\/li>\n<\/ol>\n\t\t\t\t\t\t\t\t<\/div>\n\t\t\t\t<\/div>\n\t\t\t\t\t<\/div>\n\t\t<\/div>\n\t\t\t\t<div class=\"elementor-column elementor-col-50 elementor-top-column elementor-element elementor-element-af70548\" data-id=\"af70548\" data-element_type=\"column\" data-e-type=\"column\">\n\t\t\t<div class=\"elementor-widget-wrap elementor-element-populated\">\n\t\t\t\t\t\t<div class=\"elementor-element elementor-element-95874aa elementor-widget elementor-widget-text-editor\" data-id=\"95874aa\" data-element_type=\"widget\" data-e-type=\"widget\" data-widget_type=\"text-editor.default\">\n\t\t\t\t<div class=\"elementor-widget-container\">\n\t\t\t\t\t\t\t\t\t<div><b>Na aplica\u00e7\u00e3o Swish:<br \/><\/b><\/div>\n<ol>\n<li>Abra a aplica\u00e7\u00e3o SWISH no seu dispositivo.<\/li>\n<li>Inicie sess\u00e3o na sua conta SWISH, se ainda n\u00e3o o fez.<\/li>\n<li>Navegue at\u00e9 \u00e0 sec\u00e7\u00e3o &#8220;Perfil&#8221;, que se encontra na parte inferior da aplica\u00e7\u00e3o.<\/li>\n<li>Procure a op\u00e7\u00e3o &#8220;As minhas subscri\u00e7\u00f5es&#8221;.<\/li>\n<li>Seleccione a op\u00e7\u00e3o &#8220;Cancelar a minha assinatura&#8221;.<\/li>\n<li>Siga as indica\u00e7\u00f5es no ecr\u00e3 para confirmar o cancelamento.<\/li>\n<li>O seu acesso ao conte\u00fado SWISH GOLD continuar\u00e1 at\u00e9 ao final do seu per\u00edodo de subscri\u00e7\u00e3o atual.<\/li>\n<\/ol>\n<p>Ou atrav\u00e9s da tua loja de aplica\u00e7\u00f5es (Google Play ou Apple App Store) na sec\u00e7\u00e3o &#8220;Subscri\u00e7\u00f5es&#8221;.<br \/>\nAp\u00f3s o cancelamento, o teu acesso aos conte\u00fados SWISH GOLD ser\u00e1 suspenso no final do per\u00edodo da tua subscri\u00e7\u00e3o, mas poder\u00e1s reactiv\u00e1-lo sempre que quiseres. <\/p>\n\t\t\t\t\t\t\t\t<\/div>\n\t\t\t\t<\/div>\n\t\t\t\t\t<\/div>\n\t\t<\/div>\n\t\t\t\t\t<\/div>\n\t\t<\/section>\n\t\t\t\t<section class=\"elementor-section elementor-top-section elementor-element elementor-element-285210a elementor-section-content-middle ct-section-stretched elementor-section-boxed elementor-section-height-default elementor-section-height-default\" data-id=\"285210a\" data-element_type=\"section\" data-e-type=\"section\" data-settings=\"{&quot;background_background&quot;:&quot;classic&quot;}\">\n\t\t\t\t\t\t<div class=\"elementor-container elementor-column-gap-no\">\n\t\t\t\t\t<div class=\"elementor-column elementor-col-50 elementor-top-column elementor-element elementor-element-0c92d81\" data-id=\"0c92d81\" data-element_type=\"column\" data-e-type=\"column\">\n\t\t\t<div class=\"elementor-widget-wrap elementor-element-populated\">\n\t\t\t\t\t\t<div class=\"elementor-element elementor-element-55f2633 elementor-widget elementor-widget-heading\" data-id=\"55f2633\" data-element_type=\"widget\" data-e-type=\"widget\" data-widget_type=\"heading.default\">\n\t\t\t\t<div class=\"elementor-widget-container\">\n\t\t\t\t\t<h3 class=\"elementor-heading-title elementor-size-default\">Como posso alterar o meu plano de subscri\u00e7\u00e3o?  <\/h3>\t\t\t\t<\/div>\n\t\t\t\t<\/div>\n\t\t\t\t<div class=\"elementor-element elementor-element-4021a93 elementor-widget-divider--view-line elementor-widget elementor-widget-divider\" data-id=\"4021a93\" data-element_type=\"widget\" data-e-type=\"widget\" data-widget_type=\"divider.default\">\n\t\t\t\t<div class=\"elementor-widget-container\">\n\t\t\t\t\t\t\t<div class=\"elementor-divider\">\n\t\t\t<span class=\"elementor-divider-separator\">\n\t\t\t\t\t\t<\/span>\n\t\t<\/div>\n\t\t\t\t\t\t<\/div>\n\t\t\t\t<\/div>\n\t\t\t\t\t<\/div>\n\t\t<\/div>\n\t\t\t\t<div class=\"elementor-column elementor-col-50 elementor-top-column elementor-element elementor-element-85c64c4\" data-id=\"85c64c4\" data-element_type=\"column\" data-e-type=\"column\">\n\t\t\t<div class=\"elementor-widget-wrap elementor-element-populated\">\n\t\t\t\t\t\t<div class=\"elementor-element elementor-element-d9bf6e9 elementor-widget elementor-widget-text-editor\" data-id=\"d9bf6e9\" data-element_type=\"widget\" data-e-type=\"widget\" data-widget_type=\"text-editor.default\">\n\t\t\t\t<div class=\"elementor-widget-container\">\n\t\t\t\t\t\t\t\t\t<p>Para alterar o teu plano de subscri\u00e7\u00e3o, tens de cancelar a tua subscri\u00e7\u00e3o atual.<br \/>\nQuando a tua subscri\u00e7\u00e3o atual expirar, podes selecionar um novo plano de subscri\u00e7\u00e3o que se adeq\u00fae \u00e0s tuas prefer\u00eancias. <\/p>\n<p><a href=\"http:\/\/swisharea.com\/\"><a href=\"http:\/\/swisharea.com\/\">swisharea.com<\/a><\/a><\/p>\n\t\t\t\t\t\t\t\t<\/div>\n\t\t\t\t<\/div>\n\t\t\t\t\t<\/div>\n\t\t<\/div>\n\t\t\t\t\t<\/div>\n\t\t<\/section>\n\t\t\t\t<\/div>\n\t\t","protected":false},"excerpt":{"rendered":"<p>Problemas de pagamento Resolva os seus problemas de pagamento O meu pagamento foi recusado. O que deves fazer? Se o seu pagamento foi recusado, recomendamos que siga estes passos: Certifique-se de que as informa\u00e7\u00f5es do seu cart\u00e3o est\u00e3o correctas. Verifique se tem fundos suficientes na sua conta banc\u00e1ria ou no limite de cr\u00e9dito dispon\u00edvel. Se [&hellip;]<\/p>\n","protected":false},"author":2,"featured_media":0,"parent":0,"menu_order":0,"comment_status":"closed","ping_status":"closed","template":"","meta":{"footnotes":""},"class_list":["post-2564","page","type-page","status-publish","hentry"],"blocksy_meta":[],"aioseo_notices":[],"_links":{"self":[{"href":"https:\/\/swishbynbn23.com\/pt-br\/wp-json\/wp\/v2\/pages\/2564","targetHints":{"allow":["GET"]}}],"collection":[{"href":"https:\/\/swishbynbn23.com\/pt-br\/wp-json\/wp\/v2\/pages"}],"about":[{"href":"https:\/\/swishbynbn23.com\/pt-br\/wp-json\/wp\/v2\/types\/page"}],"author":[{"embeddable":true,"href":"https:\/\/swishbynbn23.com\/pt-br\/wp-json\/wp\/v2\/users\/2"}],"replies":[{"embeddable":true,"href":"https:\/\/swishbynbn23.com\/pt-br\/wp-json\/wp\/v2\/comments?post=2564"}],"version-history":[{"count":1,"href":"https:\/\/swishbynbn23.com\/pt-br\/wp-json\/wp\/v2\/pages\/2564\/revisions"}],"predecessor-version":[{"id":2565,"href":"https:\/\/swishbynbn23.com\/pt-br\/wp-json\/wp\/v2\/pages\/2564\/revisions\/2565"}],"wp:attachment":[{"href":"https:\/\/swishbynbn23.com\/pt-br\/wp-json\/wp\/v2\/media?parent=2564"}],"curies":[{"name":"wp","href":"https:\/\/api.w.org\/{rel}","templated":true}]}}