{"id":1074,"date":"2023-08-03T11:39:39","date_gmt":"2023-08-03T11:39:39","guid":{"rendered":"https:\/\/swishbynbn23.com\/destek-istatistikleri"},"modified":"2023-09-08T08:20:39","modified_gmt":"2023-09-08T08:20:39","slug":"destek-istatistikleri","status":"publish","type":"page","link":"https:\/\/swishbynbn23.com\/tr\/destek-istatistikleri","title":{"rendered":"Destek \u0130statistikleri"},"content":{"rendered":"\t\t<div data-elementor-type=\"wp-page\" data-elementor-id=\"1074\" class=\"elementor elementor-1074 elementor-642\">\n\t\t\t\t\t\t<section class=\"elementor-section elementor-top-section elementor-element elementor-element-6d455ca ct-section-stretched elementor-section-content-middle elementor-section-boxed elementor-section-height-default elementor-section-height-default\" data-id=\"6d455ca\" data-element_type=\"section\" data-settings=\"{&quot;background_background&quot;:&quot;classic&quot;}\">\n\t\t\t\t\t\t\t<div class=\"elementor-background-overlay\"><\/div>\n\t\t\t\t\t\t\t<div class=\"elementor-container elementor-column-gap-default\">\n\t\t\t\t\t<div class=\"elementor-column elementor-col-16 elementor-top-column elementor-element elementor-element-5a3bd51\" data-id=\"5a3bd51\" data-element_type=\"column\">\n\t\t\t<div class=\"elementor-widget-wrap\">\n\t\t\t\t\t\t\t<\/div>\n\t\t<\/div>\n\t\t\t\t<div class=\"elementor-column elementor-col-66 elementor-top-column elementor-element elementor-element-b77bff0\" data-id=\"b77bff0\" data-element_type=\"column\">\n\t\t\t<div class=\"elementor-widget-wrap elementor-element-populated\">\n\t\t\t\t\t\t<div class=\"elementor-element elementor-element-d108331 elementor-widget elementor-widget-heading\" data-id=\"d108331\" data-element_type=\"widget\" data-widget_type=\"heading.default\">\n\t\t\t\t<div class=\"elementor-widget-container\">\n\t\t\t\t\t<h2 class=\"elementor-heading-title elementor-size-default\">\u0130statistik Problemleri<\/h2>\t\t\t\t<\/div>\n\t\t\t\t<\/div>\n\t\t\t\t<div class=\"elementor-element elementor-element-2a04b62 elementor-widget elementor-widget-text-editor\" data-id=\"2a04b62\" data-element_type=\"widget\" data-widget_type=\"text-editor.default\">\n\t\t\t\t<div class=\"elementor-widget-container\">\n\t\t\t\t\t\t\t\t\t<p>SWISH istatistikleriyle ilgili sorun mu ya\u015f\u0131yorsunuz? \u0130\u015fte en s\u0131k kar\u015f\u0131la\u015f\u0131lan vakalar:<\/p>\n\t\t\t\t\t\t\t\t<\/div>\n\t\t\t\t<\/div>\n\t\t\t\t\t<\/div>\n\t\t<\/div>\n\t\t\t\t<div class=\"elementor-column elementor-col-16 elementor-top-column elementor-element elementor-element-0c10b9e\" data-id=\"0c10b9e\" data-element_type=\"column\">\n\t\t\t<div class=\"elementor-widget-wrap\">\n\t\t\t\t\t\t\t<\/div>\n\t\t<\/div>\n\t\t\t\t\t<\/div>\n\t\t<\/section>\n\t\t\t\t<section class=\"elementor-section elementor-top-section elementor-element elementor-element-27ec995 elementor-section-content-middle ct-section-stretched elementor-section-boxed elementor-section-height-default elementor-section-height-default\" data-id=\"27ec995\" data-element_type=\"section\" data-settings=\"{&quot;background_background&quot;:&quot;classic&quot;}\">\n\t\t\t\t\t\t<div class=\"elementor-container elementor-column-gap-no\">\n\t\t\t\t\t<div class=\"elementor-column elementor-col-50 elementor-top-column elementor-element elementor-element-d3d59e0\" data-id=\"d3d59e0\" data-element_type=\"column\">\n\t\t\t<div class=\"elementor-widget-wrap elementor-element-populated\">\n\t\t\t\t\t\t<div class=\"elementor-element elementor-element-fb86e21 elementor-widget elementor-widget-heading\" data-id=\"fb86e21\" data-element_type=\"widget\" data-widget_type=\"heading.default\">\n\t\t\t\t<div class=\"elementor-widget-container\">\n\t\t\t\t\t<h3 class=\"elementor-heading-title elementor-size-default\">Bir oyuncu yanl\u0131\u015f istatistiklere sahiptir.<\/h3>\t\t\t\t<\/div>\n\t\t\t\t<\/div>\n\t\t\t\t<div class=\"elementor-element elementor-element-5a2f3ce elementor-widget-divider--view-line elementor-widget elementor-widget-divider\" data-id=\"5a2f3ce\" data-element_type=\"widget\" data-widget_type=\"divider.default\">\n\t\t\t\t<div class=\"elementor-widget-container\">\n\t\t\t\t\t\t\t<div class=\"elementor-divider\">\n\t\t\t<span class=\"elementor-divider-separator\">\n\t\t\t\t\t\t<\/span>\n\t\t<\/div>\n\t\t\t\t\t\t<\/div>\n\t\t\t\t<\/div>\n\t\t\t\t\t<\/div>\n\t\t<\/div>\n\t\t\t\t<div class=\"elementor-column elementor-col-50 elementor-top-column elementor-element elementor-element-8fc4ec5\" data-id=\"8fc4ec5\" data-element_type=\"column\">\n\t\t\t<div class=\"elementor-widget-wrap elementor-element-populated\">\n\t\t\t\t\t\t<div class=\"elementor-element elementor-element-a5720ae elementor-widget elementor-widget-text-editor\" data-id=\"a5720ae\" data-element_type=\"widget\" data-widget_type=\"text-editor.default\">\n\t\t\t\t<div class=\"elementor-widget-container\">\n\t\t\t\t\t\t\t\t\t<p>Ne yaz\u0131k ki, bu durumlarda herhangi bir veriyi d\u00fczenleme olana\u011f\u0131m\u0131z olmad\u0131\u011f\u0131 i\u00e7in bir \u015fey yapam\u0131yoruz.<\/p>\n<p>Analogdan dijitale ge\u00e7i\u015fin m\u00fcmk\u00fcn oldu\u011funca do\u011fru olmas\u0131n\u0131 sa\u011flamak i\u00e7in her g\u00fcn skor hakemleri ve federasyonlarla birlikte \u00e7al\u0131\u015f\u0131yoruz. En do\u011fru istatistikleri sa\u011flamak i\u00e7in \u00e7aba sarf eden bu profesyonellere kar\u015f\u0131 sab\u0131r ve anlay\u0131\u015f g\u00f6stermenizi rica ediyoruz.<\/p>\n<p>Durumu de\u011ferlendirebilmeleri ve uygun \u00f6nlemleri alabilmeleri i\u00e7in sorunu Federasyona\/Kurulu\u015fa bildirmenizi tavsiye ederiz. Bunlar insan hatalar\u0131d\u0131r ve ma\u00e7\u0131n nihai sonucunu etkilemiyorlarsa, genellikle Federasyon\/Organizasyon taraf\u0131ndan SWISH&#8217;te de\u011fi\u015ftirilmezler.<\/p>\n\t\t\t\t\t\t\t\t<\/div>\n\t\t\t\t<\/div>\n\t\t\t\t\t<\/div>\n\t\t<\/div>\n\t\t\t\t\t<\/div>\n\t\t<\/section>\n\t\t\t\t<section class=\"elementor-section elementor-top-section elementor-element elementor-element-e9fd154 elementor-section-content-middle ct-section-stretched elementor-section-boxed elementor-section-height-default elementor-section-height-default\" data-id=\"e9fd154\" data-element_type=\"section\" data-settings=\"{&quot;background_background&quot;:&quot;classic&quot;}\">\n\t\t\t\t\t\t<div class=\"elementor-container elementor-column-gap-no\">\n\t\t\t\t\t<div class=\"elementor-column elementor-col-50 elementor-top-column elementor-element elementor-element-ee9015d\" data-id=\"ee9015d\" data-element_type=\"column\">\n\t\t\t<div class=\"elementor-widget-wrap elementor-element-populated\">\n\t\t\t\t\t\t<div class=\"elementor-element elementor-element-3007be6 elementor-widget elementor-widget-heading\" data-id=\"3007be6\" data-element_type=\"widget\" data-widget_type=\"heading.default\">\n\t\t\t\t<div class=\"elementor-widget-container\">\n\t\t\t\t\t<h3 class=\"elementor-heading-title elementor-size-default\">Oyun istatistikleri ya eksik ya da hatal\u0131.<\/h3>\t\t\t\t<\/div>\n\t\t\t\t<\/div>\n\t\t\t\t<div class=\"elementor-element elementor-element-ef25a06 elementor-widget-divider--view-line elementor-widget elementor-widget-divider\" data-id=\"ef25a06\" data-element_type=\"widget\" data-widget_type=\"divider.default\">\n\t\t\t\t<div class=\"elementor-widget-container\">\n\t\t\t\t\t\t\t<div class=\"elementor-divider\">\n\t\t\t<span class=\"elementor-divider-separator\">\n\t\t\t\t\t\t<\/span>\n\t\t<\/div>\n\t\t\t\t\t\t<\/div>\n\t\t\t\t<\/div>\n\t\t\t\t\t<\/div>\n\t\t<\/div>\n\t\t\t\t<div class=\"elementor-column elementor-col-50 elementor-top-column elementor-element elementor-element-1526b59\" data-id=\"1526b59\" data-element_type=\"column\">\n\t\t\t<div class=\"elementor-widget-wrap elementor-element-populated\">\n\t\t\t\t\t\t<div class=\"elementor-element elementor-element-fcb4220 elementor-widget elementor-widget-text-editor\" data-id=\"fcb4220\" data-element_type=\"widget\" data-widget_type=\"text-editor.default\">\n\t\t\t\t<div class=\"elementor-widget-container\">\n\t\t\t\t\t\t\t\t\t<p>SWISH, yar\u0131\u015fma sonu\u00e7lar\u0131n\u0131n ve verilerinin g\u00f6r\u00fcnt\u00fclendi\u011fi ve dan\u0131\u015f\u0131ld\u0131\u011f\u0131 platformdur. Bu veriler her Federasyonun\/Organizasyonun skor tutucular\u0131 taraf\u0131ndan payla\u015f\u0131l\u0131r. Ancak, herhangi bir veriyi, ismi veya istatisti\u011fi d\u00fczenleme veya de\u011fi\u015ftirme yetkimiz bulunmamaktad\u0131r.<\/p>\n<p>Oyun skor tablosunda bir hata varsa, l\u00fctfen kul\u00fcb\u00fcn\u00fczle ileti\u015fime ge\u00e7in, b\u00f6ylece Federasyona\/Organizasyona iletebilirler. Hata nihai sonucu etkilemiyorsa, de\u011fi\u015fikli\u011fin SWISH&#8217;te uygulanmamas\u0131 kuvvetle muhtemeldir.<\/p>\n\t\t\t\t\t\t\t\t<\/div>\n\t\t\t\t<\/div>\n\t\t\t\t\t<\/div>\n\t\t<\/div>\n\t\t\t\t\t<\/div>\n\t\t<\/section>\n\t\t\t\t<\/div>\n\t\t","protected":false},"excerpt":{"rendered":"<p>\u0130statistik Problemleri SWISH istatistikleriyle ilgili sorun mu ya\u015f\u0131yorsunuz? \u0130\u015fte en s\u0131k kar\u015f\u0131la\u015f\u0131lan vakalar: Bir oyuncu yanl\u0131\u015f istatistiklere sahiptir. Ne yaz\u0131k ki, bu durumlarda herhangi bir veriyi d\u00fczenleme olana\u011f\u0131m\u0131z olmad\u0131\u011f\u0131 i\u00e7in bir \u015fey yapam\u0131yoruz. Analogdan dijitale ge\u00e7i\u015fin m\u00fcmk\u00fcn oldu\u011funca do\u011fru olmas\u0131n\u0131 sa\u011flamak i\u00e7in her g\u00fcn skor hakemleri ve federasyonlarla birlikte \u00e7al\u0131\u015f\u0131yoruz. En do\u011fru istatistikleri sa\u011flamak i\u00e7in [&hellip;]<\/p>\n","protected":false},"author":2,"featured_media":0,"parent":0,"menu_order":0,"comment_status":"closed","ping_status":"closed","template":"","meta":{"footnotes":""},"class_list":["post-1074","page","type-page","status-publish","hentry"],"blocksy_meta":[],"aioseo_notices":[],"_links":{"self":[{"href":"https:\/\/swishbynbn23.com\/tr\/wp-json\/wp\/v2\/pages\/1074","targetHints":{"allow":["GET"]}}],"collection":[{"href":"https:\/\/swishbynbn23.com\/tr\/wp-json\/wp\/v2\/pages"}],"about":[{"href":"https:\/\/swishbynbn23.com\/tr\/wp-json\/wp\/v2\/types\/page"}],"author":[{"embeddable":true,"href":"https:\/\/swishbynbn23.com\/tr\/wp-json\/wp\/v2\/users\/2"}],"replies":[{"embeddable":true,"href":"https:\/\/swishbynbn23.com\/tr\/wp-json\/wp\/v2\/comments?post=1074"}],"version-history":[{"count":1,"href":"https:\/\/swishbynbn23.com\/tr\/wp-json\/wp\/v2\/pages\/1074\/revisions"}],"predecessor-version":[{"id":1075,"href":"https:\/\/swishbynbn23.com\/tr\/wp-json\/wp\/v2\/pages\/1074\/revisions\/1075"}],"wp:attachment":[{"href":"https:\/\/swishbynbn23.com\/tr\/wp-json\/wp\/v2\/media?parent=1074"}],"curies":[{"name":"wp","href":"https:\/\/api.w.org\/{rel}","templated":true}]}}