{"id":1076,"date":"2023-08-03T11:37:37","date_gmt":"2023-08-03T11:37:37","guid":{"rendered":"https:\/\/swishbynbn23.com\/canli-destek"},"modified":"2023-09-21T11:25:51","modified_gmt":"2023-09-21T11:25:51","slug":"canli-destek","status":"publish","type":"page","link":"https:\/\/swishbynbn23.com\/tr\/canli-destek","title":{"rendered":"Canl\u0131 Destek"},"content":{"rendered":"\t\t<div data-elementor-type=\"wp-page\" data-elementor-id=\"1076\" class=\"elementor elementor-1076 elementor-635\">\n\t\t\t\t\t\t<section class=\"elementor-section elementor-top-section elementor-element elementor-element-6d455ca ct-section-stretched elementor-section-content-middle elementor-section-boxed elementor-section-height-default elementor-section-height-default\" data-id=\"6d455ca\" data-element_type=\"section\" data-settings=\"{&quot;background_background&quot;:&quot;classic&quot;}\">\n\t\t\t\t\t\t\t<div class=\"elementor-background-overlay\"><\/div>\n\t\t\t\t\t\t\t<div class=\"elementor-container elementor-column-gap-default\">\n\t\t\t\t\t<div class=\"elementor-column elementor-col-16 elementor-top-column elementor-element elementor-element-5a3bd51\" data-id=\"5a3bd51\" data-element_type=\"column\">\n\t\t\t<div class=\"elementor-widget-wrap\">\n\t\t\t\t\t\t\t<\/div>\n\t\t<\/div>\n\t\t\t\t<div class=\"elementor-column elementor-col-66 elementor-top-column elementor-element elementor-element-b77bff0\" data-id=\"b77bff0\" data-element_type=\"column\">\n\t\t\t<div class=\"elementor-widget-wrap elementor-element-populated\">\n\t\t\t\t\t\t<div class=\"elementor-element elementor-element-d108331 elementor-widget elementor-widget-heading\" data-id=\"d108331\" data-element_type=\"widget\" data-widget_type=\"heading.default\">\n\t\t\t\t<div class=\"elementor-widget-container\">\n\t\t\t\t\t<h2 class=\"elementor-heading-title elementor-size-default\">Canl\u0131 Ma\u00e7 Problemi<\/h2>\t\t\t\t<\/div>\n\t\t\t\t<\/div>\n\t\t\t\t<div class=\"elementor-element elementor-element-2a04b62 elementor-widget elementor-widget-text-editor\" data-id=\"2a04b62\" data-element_type=\"widget\" data-widget_type=\"text-editor.default\">\n\t\t\t\t<div class=\"elementor-widget-container\">\n\t\t\t\t\t\t\t\t\t<p>Ma\u00e7\u0131n\u0131z neden canl\u0131 olarak aktart\u0131lm\u0131yor, sebebini \u00f6\u011frenin<\/p>\n\t\t\t\t\t\t\t\t<\/div>\n\t\t\t\t<\/div>\n\t\t\t\t\t<\/div>\n\t\t<\/div>\n\t\t\t\t<div class=\"elementor-column elementor-col-16 elementor-top-column elementor-element elementor-element-0c10b9e\" data-id=\"0c10b9e\" data-element_type=\"column\">\n\t\t\t<div class=\"elementor-widget-wrap\">\n\t\t\t\t\t\t\t<\/div>\n\t\t<\/div>\n\t\t\t\t\t<\/div>\n\t\t<\/section>\n\t\t\t\t<section class=\"elementor-section elementor-top-section elementor-element elementor-element-61921c9 elementor-section-content-middle ct-section-stretched elementor-section-boxed elementor-section-height-default elementor-section-height-default\" data-id=\"61921c9\" data-element_type=\"section\" data-settings=\"{&quot;background_background&quot;:&quot;classic&quot;}\">\n\t\t\t\t\t\t<div class=\"elementor-container elementor-column-gap-no\">\n\t\t\t\t\t<div class=\"elementor-column elementor-col-50 elementor-top-column elementor-element elementor-element-b43c8dc\" data-id=\"b43c8dc\" data-element_type=\"column\">\n\t\t\t<div class=\"elementor-widget-wrap elementor-element-populated\">\n\t\t\t\t\t\t<div class=\"elementor-element elementor-element-df4f9c1 elementor-widget elementor-widget-heading\" data-id=\"df4f9c1\" data-element_type=\"widget\" data-widget_type=\"heading.default\">\n\t\t\t\t<div class=\"elementor-widget-container\">\n\t\t\t\t\t<h3 class=\"elementor-heading-title elementor-size-default\">\u0130statistikler canl\u0131 olarak tutulmuyor<\/h3>\t\t\t\t<\/div>\n\t\t\t\t<\/div>\n\t\t\t\t<div class=\"elementor-element elementor-element-44aab85 elementor-widget-divider--view-line elementor-widget elementor-widget-divider\" data-id=\"44aab85\" data-element_type=\"widget\" data-widget_type=\"divider.default\">\n\t\t\t\t<div class=\"elementor-widget-container\">\n\t\t\t\t\t\t\t<div class=\"elementor-divider\">\n\t\t\t<span class=\"elementor-divider-separator\">\n\t\t\t\t\t\t<\/span>\n\t\t<\/div>\n\t\t\t\t\t\t<\/div>\n\t\t\t\t<\/div>\n\t\t\t\t\t<\/div>\n\t\t<\/div>\n\t\t\t\t<div class=\"elementor-column elementor-col-50 elementor-top-column elementor-element elementor-element-2a84ef6\" data-id=\"2a84ef6\" data-element_type=\"column\">\n\t\t\t<div class=\"elementor-widget-wrap elementor-element-populated\">\n\t\t\t\t\t\t<div class=\"elementor-element elementor-element-f458af3 elementor-widget elementor-widget-text-editor\" data-id=\"f458af3\" data-element_type=\"widget\" data-widget_type=\"text-editor.default\">\n\t\t\t\t<div class=\"elementor-widget-container\">\n\t\t\t\t\t\t\t\t\t<p>Bir ma\u00e7\u0131n SWISH \u00fczerinden canl\u0131 olarak takip edilebilmesi i\u00e7in skor tutucunun cihaz\u0131n\u0131n internete ba\u011fl\u0131 olmas\u0131 gerekmektedir. Baz\u0131 durumlarda, SWISH&#8217;in kontrol\u00fc d\u0131\u015f\u0131ndaki \u00e7e\u015fitli nedenlerden dolay\u0131 bu m\u00fcmk\u00fcn olmayabilir.<\/p>\n<p>L\u00fctfen SWISH destek arac\u0131l\u0131\u011f\u0131yla bizimle ileti\u015fime ge\u00e7in ve oyun ba\u011flant\u0131s\u0131n\u0131 bize g\u00f6nderin, b\u00f6ylece ilgili federasyona \/ m\u00fc\u015fteriye iletebiliriz ve m\u00fcmk\u00fcn oldu\u011funda canl\u0131 yay\u0131n\u0131 etkinle\u015ftirmenize izin verebiliriz.<\/p>\n\t\t\t\t\t\t\t\t<\/div>\n\t\t\t\t<\/div>\n\t\t\t\t\t<\/div>\n\t\t<\/div>\n\t\t\t\t\t<\/div>\n\t\t<\/section>\n\t\t\t\t<section class=\"elementor-section elementor-top-section elementor-element elementor-element-0648ba2 elementor-section-content-middle ct-section-stretched elementor-section-boxed elementor-section-height-default elementor-section-height-default\" data-id=\"0648ba2\" data-element_type=\"section\" data-settings=\"{&quot;background_background&quot;:&quot;classic&quot;}\">\n\t\t\t\t\t\t<div class=\"elementor-container elementor-column-gap-no\">\n\t\t\t\t\t<div class=\"elementor-column elementor-col-50 elementor-top-column elementor-element elementor-element-5430ad6\" data-id=\"5430ad6\" data-element_type=\"column\">\n\t\t\t<div class=\"elementor-widget-wrap elementor-element-populated\">\n\t\t\t\t\t\t<div class=\"elementor-element elementor-element-3d054ad elementor-widget elementor-widget-heading\" data-id=\"3d054ad\" data-element_type=\"widget\" data-widget_type=\"heading.default\">\n\t\t\t\t<div class=\"elementor-widget-container\">\n\t\t\t\t\t<h3 class=\"elementor-heading-title elementor-size-default\">\u0130statstikler yenilenmiyor<\/h3>\t\t\t\t<\/div>\n\t\t\t\t<\/div>\n\t\t\t\t<div class=\"elementor-element elementor-element-f084933 elementor-widget-divider--view-line elementor-widget elementor-widget-divider\" data-id=\"f084933\" data-element_type=\"widget\" data-widget_type=\"divider.default\">\n\t\t\t\t<div class=\"elementor-widget-container\">\n\t\t\t\t\t\t\t<div class=\"elementor-divider\">\n\t\t\t<span class=\"elementor-divider-separator\">\n\t\t\t\t\t\t<\/span>\n\t\t<\/div>\n\t\t\t\t\t\t<\/div>\n\t\t\t\t<\/div>\n\t\t\t\t\t<\/div>\n\t\t<\/div>\n\t\t\t\t<div class=\"elementor-column elementor-col-50 elementor-top-column elementor-element elementor-element-0a52dd8\" data-id=\"0a52dd8\" data-element_type=\"column\">\n\t\t\t<div class=\"elementor-widget-wrap elementor-element-populated\">\n\t\t\t\t\t\t<div class=\"elementor-element elementor-element-25d9ffb elementor-widget elementor-widget-text-editor\" data-id=\"25d9ffb\" data-element_type=\"widget\" data-widget_type=\"text-editor.default\">\n\t\t\t\t<div class=\"elementor-widget-container\">\n\t\t\t\t\t\t\t\t\t<p><strong>&#8220;Canl\u0131&#8221; oyunlarda oldu\u011fu gibi, bu %100 SWISH&#8217;e ba\u011fl\u0131 de\u011fildir.<\/strong><\/p>\n<p>Cihaz\u0131n\u0131z\u0131n sabit bir internet ba\u011flant\u0131s\u0131na sahip oldu\u011fundan emin olun. Zay\u0131f veya kesintili bir ba\u011flant\u0131 oyunun yenilenmesini etkileyebilir.<\/p>\n<p>Sorun devam ederse, daha fazla yard\u0131m i\u00e7in SWISH deste\u011fi ile ileti\u015fime ge\u00e7ebilirsiniz. Sorunu ara\u015ft\u0131rabilir ve \u00e7\u00f6z\u00fcme y\u00f6nelik rehberlik sa\u011flayabilirler.<\/p>\n<p>Sorunu etkili bir \u015fekilde te\u015fhis etmelerine ve ele almalar\u0131na yard\u0131mc\u0131 olmak i\u00e7in destekle ileti\u015fime ge\u00e7erken \u00f6zel durumunuz hakk\u0131nda m\u00fcmk\u00fcn oldu\u011funca fazla bilgi vermeyi unutmay\u0131n.<\/p><\/p>\n\t\t\t\t\t\t\t\t<\/div>\n\t\t\t\t<\/div>\n\t\t\t\t\t<\/div>\n\t\t<\/div>\n\t\t\t\t\t<\/div>\n\t\t<\/section>\n\t\t\t\t<\/div>\n\t\t","protected":false},"excerpt":{"rendered":"<p>Canl\u0131 Ma\u00e7 Problemi Ma\u00e7\u0131n\u0131z neden canl\u0131 olarak aktart\u0131lm\u0131yor, sebebini \u00f6\u011frenin \u0130statistikler canl\u0131 olarak tutulmuyor Bir ma\u00e7\u0131n SWISH \u00fczerinden canl\u0131 olarak takip edilebilmesi i\u00e7in skor tutucunun cihaz\u0131n\u0131n internete ba\u011fl\u0131 olmas\u0131 gerekmektedir. Baz\u0131 durumlarda, SWISH&#8217;in kontrol\u00fc d\u0131\u015f\u0131ndaki \u00e7e\u015fitli nedenlerden dolay\u0131 bu m\u00fcmk\u00fcn olmayabilir. L\u00fctfen SWISH destek arac\u0131l\u0131\u011f\u0131yla bizimle ileti\u015fime ge\u00e7in ve oyun ba\u011flant\u0131s\u0131n\u0131 bize g\u00f6nderin, b\u00f6ylece ilgili [&hellip;]<\/p>\n","protected":false},"author":2,"featured_media":0,"parent":0,"menu_order":0,"comment_status":"closed","ping_status":"closed","template":"","meta":{"footnotes":""},"class_list":["post-1076","page","type-page","status-publish","hentry"],"blocksy_meta":[],"aioseo_notices":[],"_links":{"self":[{"href":"https:\/\/swishbynbn23.com\/tr\/wp-json\/wp\/v2\/pages\/1076","targetHints":{"allow":["GET"]}}],"collection":[{"href":"https:\/\/swishbynbn23.com\/tr\/wp-json\/wp\/v2\/pages"}],"about":[{"href":"https:\/\/swishbynbn23.com\/tr\/wp-json\/wp\/v2\/types\/page"}],"author":[{"embeddable":true,"href":"https:\/\/swishbynbn23.com\/tr\/wp-json\/wp\/v2\/users\/2"}],"replies":[{"embeddable":true,"href":"https:\/\/swishbynbn23.com\/tr\/wp-json\/wp\/v2\/comments?post=1076"}],"version-history":[{"count":4,"href":"https:\/\/swishbynbn23.com\/tr\/wp-json\/wp\/v2\/pages\/1076\/revisions"}],"predecessor-version":[{"id":1691,"href":"https:\/\/swishbynbn23.com\/tr\/wp-json\/wp\/v2\/pages\/1076\/revisions\/1691"}],"wp:attachment":[{"href":"https:\/\/swishbynbn23.com\/tr\/wp-json\/wp\/v2\/media?parent=1076"}],"curies":[{"name":"wp","href":"https:\/\/api.w.org\/{rel}","templated":true}]}}