{"id":1078,"date":"2023-08-03T11:28:44","date_gmt":"2023-08-03T11:28:44","guid":{"rendered":"https:\/\/swishbynbn23.com\/destek-girisi"},"modified":"2023-09-08T10:22:40","modified_gmt":"2023-09-08T10:22:40","slug":"destek-girisi","status":"publish","type":"page","link":"https:\/\/swishbynbn23.com\/tr\/destek-girisi","title":{"rendered":"Destek Giri\u015fi"},"content":{"rendered":"\t\t<div data-elementor-type=\"wp-page\" data-elementor-id=\"1078\" class=\"elementor elementor-1078 elementor-608\">\n\t\t\t\t\t\t<section class=\"elementor-section elementor-top-section elementor-element elementor-element-6d455ca ct-section-stretched elementor-section-content-middle elementor-section-boxed elementor-section-height-default elementor-section-height-default\" data-id=\"6d455ca\" data-element_type=\"section\" data-settings=\"{&quot;background_background&quot;:&quot;classic&quot;}\">\n\t\t\t\t\t\t\t<div class=\"elementor-background-overlay\"><\/div>\n\t\t\t\t\t\t\t<div class=\"elementor-container elementor-column-gap-default\">\n\t\t\t\t\t<div class=\"elementor-column elementor-col-16 elementor-top-column elementor-element elementor-element-5a3bd51\" data-id=\"5a3bd51\" data-element_type=\"column\">\n\t\t\t<div class=\"elementor-widget-wrap\">\n\t\t\t\t\t\t\t<\/div>\n\t\t<\/div>\n\t\t\t\t<div class=\"elementor-column elementor-col-66 elementor-top-column elementor-element elementor-element-b77bff0\" data-id=\"b77bff0\" data-element_type=\"column\">\n\t\t\t<div class=\"elementor-widget-wrap elementor-element-populated\">\n\t\t\t\t\t\t<div class=\"elementor-element elementor-element-d108331 elementor-widget elementor-widget-heading\" data-id=\"d108331\" data-element_type=\"widget\" data-widget_type=\"heading.default\">\n\t\t\t\t<div class=\"elementor-widget-container\">\n\t\t\t\t\t<h2 class=\"elementor-heading-title elementor-size-default\">Giri\u015f Sorunlar\u0131<\/h2>\t\t\t\t<\/div>\n\t\t\t\t<\/div>\n\t\t\t\t<div class=\"elementor-element elementor-element-2a04b62 elementor-widget elementor-widget-text-editor\" data-id=\"2a04b62\" data-element_type=\"widget\" data-widget_type=\"text-editor.default\">\n\t\t\t\t<div class=\"elementor-widget-container\">\n\t\t\t\t\t\t\t\t\t<p>SWISH GOLD aboneli\u011finizle giri\u015f yapmakta sorun mu ya\u015f\u0131yorsunuz? Bu, a\u015fa\u011f\u0131daki nedenlerden dolay\u0131 ortaya \u00e7\u0131kabilir:<\/p>\n\t\t\t\t\t\t\t\t<\/div>\n\t\t\t\t<\/div>\n\t\t\t\t\t<\/div>\n\t\t<\/div>\n\t\t\t\t<div class=\"elementor-column elementor-col-16 elementor-top-column elementor-element elementor-element-0c10b9e\" data-id=\"0c10b9e\" data-element_type=\"column\">\n\t\t\t<div class=\"elementor-widget-wrap\">\n\t\t\t\t\t\t\t<\/div>\n\t\t<\/div>\n\t\t\t\t\t<\/div>\n\t\t<\/section>\n\t\t\t\t<section class=\"elementor-section elementor-top-section elementor-element elementor-element-79fc4da elementor-section-content-middle ct-section-stretched elementor-section-boxed elementor-section-height-default elementor-section-height-default\" data-id=\"79fc4da\" data-element_type=\"section\" data-settings=\"{&quot;background_background&quot;:&quot;classic&quot;}\">\n\t\t\t\t\t\t<div class=\"elementor-container elementor-column-gap-no\">\n\t\t\t\t\t<div class=\"elementor-column elementor-col-50 elementor-top-column elementor-element elementor-element-fae10f6\" data-id=\"fae10f6\" data-element_type=\"column\">\n\t\t\t<div class=\"elementor-widget-wrap elementor-element-populated\">\n\t\t\t\t\t\t<div class=\"elementor-element elementor-element-860b280 elementor-widget elementor-widget-heading\" data-id=\"860b280\" data-element_type=\"widget\" data-widget_type=\"heading.default\">\n\t\t\t\t<div class=\"elementor-widget-container\">\n\t\t\t\t\t<h3 class=\"elementor-heading-title elementor-size-default\">Cihazla ilgili sorunlar <\/h3>\t\t\t\t<\/div>\n\t\t\t\t<\/div>\n\t\t\t\t<div class=\"elementor-element elementor-element-8aaa8fe elementor-widget-divider--view-line elementor-widget elementor-widget-divider\" data-id=\"8aaa8fe\" data-element_type=\"widget\" data-widget_type=\"divider.default\">\n\t\t\t\t<div class=\"elementor-widget-container\">\n\t\t\t\t\t\t\t<div class=\"elementor-divider\">\n\t\t\t<span class=\"elementor-divider-separator\">\n\t\t\t\t\t\t<\/span>\n\t\t<\/div>\n\t\t\t\t\t\t<\/div>\n\t\t\t\t<\/div>\n\t\t\t\t\t<\/div>\n\t\t<\/div>\n\t\t\t\t<div class=\"elementor-column elementor-col-50 elementor-top-column elementor-element elementor-element-742d68f\" data-id=\"742d68f\" data-element_type=\"column\">\n\t\t\t<div class=\"elementor-widget-wrap elementor-element-populated\">\n\t\t\t\t\t\t<div class=\"elementor-element elementor-element-e7baba3 elementor-widget elementor-widget-text-editor\" data-id=\"e7baba3\" data-element_type=\"widget\" data-widget_type=\"text-editor.default\">\n\t\t\t\t<div class=\"elementor-widget-container\">\n\t\t\t\t\t\t\t\t\t<p>Bir Android cihazdan GOLD aboneli\u011fi ald\u0131ysan\u0131z, b\u00fcy\u00fck olas\u0131l\u0131kla bir IOS cihazdan giri\u015f yaparken sorun ya\u015fayabilirsiniz veya bunun tersi de ge\u00e7erlidir. Aboneli\u011fi sat\u0131n al\u0131rken kulland\u0131\u011f\u0131n\u0131z cihaza benzer bir cihazdan giri\u015f yapmay\u0131 deneyin.<\/p>\n<p>Ayn\u0131 SWISH hesab\u0131n\u0131z\u0131n ayn\u0131 anda birden fazla cihazda a\u00e7\u0131k olmas\u0131 oturum a\u00e7ma sorunlar\u0131na neden olabilir. Ayn\u0131 anda yaln\u0131zca bir cihazda oturum a\u00e7may\u0131 deneyin.<\/p>\n\t\t\t\t\t\t\t\t<\/div>\n\t\t\t\t<\/div>\n\t\t\t\t\t<\/div>\n\t\t<\/div>\n\t\t\t\t\t<\/div>\n\t\t<\/section>\n\t\t\t\t<section class=\"elementor-section elementor-top-section elementor-element elementor-element-c312705 elementor-section-content-middle elementor-section-boxed elementor-section-height-default elementor-section-height-default\" data-id=\"c312705\" data-element_type=\"section\">\n\t\t\t\t\t\t<div class=\"elementor-container elementor-column-gap-no\">\n\t\t\t\t\t<div class=\"elementor-column elementor-col-50 elementor-top-column elementor-element elementor-element-8f7d6c8\" data-id=\"8f7d6c8\" data-element_type=\"column\">\n\t\t\t<div class=\"elementor-widget-wrap elementor-element-populated\">\n\t\t\t\t\t\t<div class=\"elementor-element elementor-element-33cde2f elementor-widget elementor-widget-heading\" data-id=\"33cde2f\" data-element_type=\"widget\" data-widget_type=\"heading.default\">\n\t\t\t\t<div class=\"elementor-widget-container\">\n\t\t\t\t\t<h3 class=\"elementor-heading-title elementor-size-default\">E-mail ile giri\u015f yaparken ya\u015fanan problemler<\/h3>\t\t\t\t<\/div>\n\t\t\t\t<\/div>\n\t\t\t\t<div class=\"elementor-element elementor-element-d032eed elementor-widget-divider--view-line elementor-widget elementor-widget-divider\" data-id=\"d032eed\" data-element_type=\"widget\" data-widget_type=\"divider.default\">\n\t\t\t\t<div class=\"elementor-widget-container\">\n\t\t\t\t\t\t\t<div class=\"elementor-divider\">\n\t\t\t<span class=\"elementor-divider-separator\">\n\t\t\t\t\t\t<\/span>\n\t\t<\/div>\n\t\t\t\t\t\t<\/div>\n\t\t\t\t<\/div>\n\t\t\t\t<section class=\"elementor-section elementor-inner-section elementor-element elementor-element-24d93d8 elementor-section-boxed elementor-section-height-default elementor-section-height-default\" data-id=\"24d93d8\" data-element_type=\"section\">\n\t\t\t\t\t\t<div class=\"elementor-container elementor-column-gap-default\">\n\t\t\t\t\t<div class=\"elementor-column elementor-col-33 elementor-inner-column elementor-element elementor-element-823afae\" data-id=\"823afae\" data-element_type=\"column\">\n\t\t\t<div class=\"elementor-widget-wrap elementor-element-populated\">\n\t\t\t\t\t\t<div class=\"elementor-element elementor-element-96e7146 elementor-widget elementor-widget-text-editor\" data-id=\"96e7146\" data-element_type=\"widget\" data-widget_type=\"text-editor.default\">\n\t\t\t\t<div class=\"elementor-widget-container\">\n\t\t\t\t\t\t\t\t\t<p>E-mail \/ \u015eifre uyumsuzlu\u011fu<\/p>\n\t\t\t\t\t\t\t\t<\/div>\n\t\t\t\t<\/div>\n\t\t\t\t<div class=\"elementor-element elementor-element-27f8e46 elementor-widget elementor-widget-video\" data-id=\"27f8e46\" data-element_type=\"widget\" data-settings=\"{&quot;video_type&quot;:&quot;hosted&quot;,&quot;controls&quot;:&quot;yes&quot;}\" data-widget_type=\"video.default\">\n\t\t\t\t<div class=\"elementor-widget-container\">\n\t\t\t\t\t\t\t<div class=\"e-hosted-video elementor-wrapper elementor-open-inline\">\n\t\t\t\t\t<video class=\"elementor-video\" src=\"https:\/\/swishbynbn23.com\/wp-content\/uploads\/2023\/08\/SWISHY-Login.mp4\" controls=\"\" preload=\"metadata\" controlsList=\"nodownload\"><\/video>\n\t\t\t\t<\/div>\n\t\t\t\t\t\t<\/div>\n\t\t\t\t<\/div>\n\t\t\t\t\t<\/div>\n\t\t<\/div>\n\t\t\t\t<div class=\"elementor-column elementor-col-33 elementor-inner-column elementor-element elementor-element-c36454e\" data-id=\"c36454e\" data-element_type=\"column\">\n\t\t\t<div class=\"elementor-widget-wrap elementor-element-populated\">\n\t\t\t\t\t\t<div class=\"elementor-element elementor-element-36794ba elementor-widget elementor-widget-text-editor\" data-id=\"36794ba\" data-element_type=\"widget\" data-widget_type=\"text-editor.default\">\n\t\t\t\t<div class=\"elementor-widget-container\">\n\t\t\t\t\t\t\t\t\t<p>Google Play ile giri\u015f yaparken ya\u015fanan problemler<\/p>\n\t\t\t\t\t\t\t\t<\/div>\n\t\t\t\t<\/div>\n\t\t\t\t<div class=\"elementor-element elementor-element-72eac90 elementor-widget elementor-widget-video\" data-id=\"72eac90\" data-element_type=\"widget\" data-settings=\"{&quot;video_type&quot;:&quot;hosted&quot;,&quot;controls&quot;:&quot;yes&quot;}\" data-widget_type=\"video.default\">\n\t\t\t\t<div class=\"elementor-widget-container\">\n\t\t\t\t\t\t\t<div class=\"e-hosted-video elementor-wrapper elementor-open-inline\">\n\t\t\t\t\t<video class=\"elementor-video\" src=\"https:\/\/swishbynbn23.com\/wp-content\/uploads\/2023\/08\/SWISHY-Google.mp4\" controls=\"\" preload=\"metadata\" controlsList=\"nodownload\"><\/video>\n\t\t\t\t<\/div>\n\t\t\t\t\t\t<\/div>\n\t\t\t\t<\/div>\n\t\t\t\t\t<\/div>\n\t\t<\/div>\n\t\t\t\t<div class=\"elementor-column elementor-col-33 elementor-inner-column elementor-element elementor-element-8802239\" data-id=\"8802239\" data-element_type=\"column\">\n\t\t\t<div class=\"elementor-widget-wrap elementor-element-populated\">\n\t\t\t\t\t\t<div class=\"elementor-element elementor-element-e6168c3 elementor-widget elementor-widget-text-editor\" data-id=\"e6168c3\" data-element_type=\"widget\" data-widget_type=\"text-editor.default\">\n\t\t\t\t<div class=\"elementor-widget-container\">\n\t\t\t\t\t\t\t\t\t<p>Apple Store ile giri\u015f yaparken ya\u015fanan problemler<\/p>\n\t\t\t\t\t\t\t\t<\/div>\n\t\t\t\t<\/div>\n\t\t\t\t<div class=\"elementor-element elementor-element-c950354 elementor-widget elementor-widget-video\" data-id=\"c950354\" data-element_type=\"widget\" data-settings=\"{&quot;video_type&quot;:&quot;hosted&quot;,&quot;controls&quot;:&quot;yes&quot;}\" data-widget_type=\"video.default\">\n\t\t\t\t<div class=\"elementor-widget-container\">\n\t\t\t\t\t\t\t<div class=\"e-hosted-video elementor-wrapper elementor-open-inline\">\n\t\t\t\t\t<video class=\"elementor-video\" src=\"https:\/\/swishbynbn23.com\/wp-content\/uploads\/2023\/08\/SWISHY-Apple-Store.mp4\" controls=\"\" preload=\"metadata\" controlsList=\"nodownload\"><\/video>\n\t\t\t\t<\/div>\n\t\t\t\t\t\t<\/div>\n\t\t\t\t<\/div>\n\t\t\t\t\t<\/div>\n\t\t<\/div>\n\t\t\t\t\t<\/div>\n\t\t<\/section>\n\t\t\t\t\t<\/div>\n\t\t<\/div>\n\t\t\t\t<div class=\"elementor-column elementor-col-50 elementor-top-column elementor-element elementor-element-d42527f\" data-id=\"d42527f\" data-element_type=\"column\">\n\t\t\t<div class=\"elementor-widget-wrap elementor-element-populated\">\n\t\t\t\t\t\t<div class=\"elementor-element elementor-element-e649d1f elementor-widget__width-initial elementor-widget elementor-widget-text-editor\" data-id=\"e649d1f\" data-element_type=\"widget\" data-widget_type=\"text-editor.default\">\n\t\t\t\t<div class=\"elementor-widget-container\">\n\t\t\t\t\t\t\t\t\t<p>Bazen yanl\u0131\u015f bir hesaptan giri\u015f yap\u0131yor olabilirsiniz. Bir GOLD aboneli\u011fi i\u00e7in \u00f6deme yapt\u0131ysan\u0131z hesap durumunun hangisi oldu\u011funu g\u00f6rmek i\u00e7in \u201cProfil\u201d ekran\u0131ndan \u201cAboneli\u011fim\u201di kontrol edin. Durum &#8220;FAN&#8221; ise a\u015fa\u011f\u0131dakileri deneyin:<\/p>\n<ul>\n<li>\u201cProfil\u201d ekran\u0131n\u0131n \u00fcst\u00fcnde g\u00f6r\u00fcnen e-mail adresini kontrol edin. \u00c7\u0131k\u0131\u015f yapmay\u0131 ve \u201cGoogle\u201d butonunu kullanarak farkl\u0131 bir mail hesab\u0131yla giri\u015f yapmay\u0131 deneyin.<\/li>\n<li>Facebook ile giri\u015f yapt\u0131ysan\u0131z \u201cFacebook\u201d butonu ile giri\u015f yapmay\u0131 deneyin.<\/li>\n<\/ul>\n<p>Bir IOS cihaz\u0131 kullan\u0131yorsan\u0131z, bazen Apple&#8217;\u0131n GOLD aboneli\u011fini sat\u0131n al\u0131rken bunun gibi rastgele bir e-posta hesab\u0131 olu\u015fturdu\u011fu durumlar vard\u0131r:<strong>example@appleid.com<\/strong>. \u201cApple\u201d butonu ile giri\u015f yaparsan\u0131z SWISH\u2019e o e-posta ile giri\u015f yapm\u0131\u015f olursunuz. GOLD aboneli\u011finin bu e-postaya ba\u011fl\u0131 olmas\u0131 m\u00fcmk\u00fcnd\u00fcr. Bazen parmak iziyle giri\u015f yapmak sorunlara neden olabilir.<\/p>\n\t\t\t\t\t\t\t\t<\/div>\n\t\t\t\t<\/div>\n\t\t\t\t\t<\/div>\n\t\t<\/div>\n\t\t\t\t\t<\/div>\n\t\t<\/section>\n\t\t\t\t<section class=\"elementor-section elementor-top-section elementor-element elementor-element-f76f6c7 elementor-section-content-middle ct-section-stretched elementor-section-boxed elementor-section-height-default elementor-section-height-default\" data-id=\"f76f6c7\" data-element_type=\"section\" data-settings=\"{&quot;background_background&quot;:&quot;classic&quot;}\">\n\t\t\t\t\t\t<div class=\"elementor-container elementor-column-gap-no\">\n\t\t\t\t\t<div class=\"elementor-column elementor-col-50 elementor-top-column elementor-element elementor-element-201653f\" data-id=\"201653f\" data-element_type=\"column\">\n\t\t\t<div class=\"elementor-widget-wrap elementor-element-populated\">\n\t\t\t\t\t\t<div class=\"elementor-element elementor-element-a1c1dae elementor-widget elementor-widget-heading\" data-id=\"a1c1dae\" data-element_type=\"widget\" data-widget_type=\"heading.default\">\n\t\t\t\t<div class=\"elementor-widget-container\">\n\t\t\t\t\t<h3 class=\"elementor-heading-title elementor-size-default\">\u015eifreyle ilgili sorunlar<\/h3>\t\t\t\t<\/div>\n\t\t\t\t<\/div>\n\t\t\t\t<div class=\"elementor-element elementor-element-5b7cc2b elementor-widget-divider--view-line elementor-widget elementor-widget-divider\" data-id=\"5b7cc2b\" data-element_type=\"widget\" data-widget_type=\"divider.default\">\n\t\t\t\t<div class=\"elementor-widget-container\">\n\t\t\t\t\t\t\t<div class=\"elementor-divider\">\n\t\t\t<span class=\"elementor-divider-separator\">\n\t\t\t\t\t\t<\/span>\n\t\t<\/div>\n\t\t\t\t\t\t<\/div>\n\t\t\t\t<\/div>\n\t\t\t\t\t<\/div>\n\t\t<\/div>\n\t\t\t\t<div class=\"elementor-column elementor-col-50 elementor-top-column elementor-element elementor-element-46b2a2a\" data-id=\"46b2a2a\" data-element_type=\"column\">\n\t\t\t<div class=\"elementor-widget-wrap elementor-element-populated\">\n\t\t\t\t\t\t<div class=\"elementor-element elementor-element-bd86ff4 elementor-widget elementor-widget-text-editor\" data-id=\"bd86ff4\" data-element_type=\"widget\" data-widget_type=\"text-editor.default\">\n\t\t\t\t<div class=\"elementor-widget-container\">\n\t\t\t\t\t\t\t\t\t<p>\u201cGoogle\u201d butonu ile giri\u015f yaparken SWISH hesab\u0131n\u0131z\u0131n \u015fifresinde sorun ya\u015f\u0131yorsan\u0131z \u201c\u015eifremi unuttum\u201d se\u00e7ene\u011fini se\u00e7meyi deneyin. Bu se\u00e7enek, \u015fifrenizi hat\u0131rlaman\u0131za veya size ve Gmail hesab\u0131n\u0131za e-posta g\u00f6ndererek yeni bir \u015fifre olu\u015fturman\u0131za olanak tan\u0131r.<\/p>\n\t\t\t\t\t\t\t\t<\/div>\n\t\t\t\t<\/div>\n\t\t\t\t\t<\/div>\n\t\t<\/div>\n\t\t\t\t\t<\/div>\n\t\t<\/section>\n\t\t\t\t<\/div>\n\t\t","protected":false},"excerpt":{"rendered":"<p>Giri\u015f Sorunlar\u0131 SWISH GOLD aboneli\u011finizle giri\u015f yapmakta sorun mu ya\u015f\u0131yorsunuz? Bu, a\u015fa\u011f\u0131daki nedenlerden dolay\u0131 ortaya \u00e7\u0131kabilir: Cihazla ilgili sorunlar Bir Android cihazdan GOLD aboneli\u011fi ald\u0131ysan\u0131z, b\u00fcy\u00fck olas\u0131l\u0131kla bir IOS cihazdan giri\u015f yaparken sorun ya\u015fayabilirsiniz veya bunun tersi de ge\u00e7erlidir. Aboneli\u011fi sat\u0131n al\u0131rken kulland\u0131\u011f\u0131n\u0131z cihaza benzer bir cihazdan giri\u015f yapmay\u0131 deneyin. Ayn\u0131 SWISH hesab\u0131n\u0131z\u0131n ayn\u0131 anda [&hellip;]<\/p>\n","protected":false},"author":2,"featured_media":0,"parent":0,"menu_order":0,"comment_status":"closed","ping_status":"closed","template":"","meta":{"footnotes":""},"class_list":["post-1078","page","type-page","status-publish","hentry"],"blocksy_meta":[],"aioseo_notices":[],"_links":{"self":[{"href":"https:\/\/swishbynbn23.com\/tr\/wp-json\/wp\/v2\/pages\/1078","targetHints":{"allow":["GET"]}}],"collection":[{"href":"https:\/\/swishbynbn23.com\/tr\/wp-json\/wp\/v2\/pages"}],"about":[{"href":"https:\/\/swishbynbn23.com\/tr\/wp-json\/wp\/v2\/types\/page"}],"author":[{"embeddable":true,"href":"https:\/\/swishbynbn23.com\/tr\/wp-json\/wp\/v2\/users\/2"}],"replies":[{"embeddable":true,"href":"https:\/\/swishbynbn23.com\/tr\/wp-json\/wp\/v2\/comments?post=1078"}],"version-history":[{"count":3,"href":"https:\/\/swishbynbn23.com\/tr\/wp-json\/wp\/v2\/pages\/1078\/revisions"}],"predecessor-version":[{"id":1146,"href":"https:\/\/swishbynbn23.com\/tr\/wp-json\/wp\/v2\/pages\/1078\/revisions\/1146"}],"wp:attachment":[{"href":"https:\/\/swishbynbn23.com\/tr\/wp-json\/wp\/v2\/media?parent=1078"}],"curies":[{"name":"wp","href":"https:\/\/api.w.org\/{rel}","templated":true}]}}