{"id":1081,"date":"2023-08-03T11:35:06","date_gmt":"2023-08-03T11:35:06","guid":{"rendered":"https:\/\/swishbynbn23.com\/destek-odemesi"},"modified":"2024-09-23T15:04:54","modified_gmt":"2024-09-23T15:04:54","slug":"destek-odemesi","status":"publish","type":"page","link":"https:\/\/swishbynbn23.com\/tr\/destek-odemesi","title":{"rendered":"Destek \u00d6demesi"},"content":{"rendered":"\t\t<div data-elementor-type=\"wp-page\" data-elementor-id=\"1081\" class=\"elementor elementor-1081 elementor-628\">\n\t\t\t\t\t\t<section class=\"elementor-section elementor-top-section elementor-element elementor-element-6d455ca ct-section-stretched elementor-section-content-middle elementor-section-boxed elementor-section-height-default elementor-section-height-default\" data-id=\"6d455ca\" data-element_type=\"section\" data-e-type=\"section\" data-settings=\"{&quot;background_background&quot;:&quot;classic&quot;}\">\n\t\t\t\t\t\t\t<div class=\"elementor-background-overlay\"><\/div>\n\t\t\t\t\t\t\t<div class=\"elementor-container elementor-column-gap-default\">\n\t\t\t\t\t<div class=\"elementor-column elementor-col-16 elementor-top-column elementor-element elementor-element-5a3bd51\" data-id=\"5a3bd51\" data-element_type=\"column\" data-e-type=\"column\">\n\t\t\t<div class=\"elementor-widget-wrap\">\n\t\t\t\t\t\t\t<\/div>\n\t\t<\/div>\n\t\t\t\t<div class=\"elementor-column elementor-col-66 elementor-top-column elementor-element elementor-element-b77bff0\" data-id=\"b77bff0\" data-element_type=\"column\" data-e-type=\"column\">\n\t\t\t<div class=\"elementor-widget-wrap elementor-element-populated\">\n\t\t\t\t\t\t<div class=\"elementor-element elementor-element-d108331 elementor-widget elementor-widget-heading\" data-id=\"d108331\" data-element_type=\"widget\" data-e-type=\"widget\" data-widget_type=\"heading.default\">\n\t\t\t\t<div class=\"elementor-widget-container\">\n\t\t\t\t\t<h2 class=\"elementor-heading-title elementor-size-default\">\u00d6deme Sorunlar\u0131<\/h2>\t\t\t\t<\/div>\n\t\t\t\t<\/div>\n\t\t\t\t<div class=\"elementor-element elementor-element-2a04b62 elementor-widget elementor-widget-text-editor\" data-id=\"2a04b62\" data-element_type=\"widget\" data-e-type=\"widget\" data-widget_type=\"text-editor.default\">\n\t\t\t\t<div class=\"elementor-widget-container\">\n\t\t\t\t\t\t\t\t\t<p>\u00d6deme sorunlar\u0131n\u0131z\u0131 \u00e7\u00f6z\u00fcn<\/p>\n\t\t\t\t\t\t\t\t<\/div>\n\t\t\t\t<\/div>\n\t\t\t\t\t<\/div>\n\t\t<\/div>\n\t\t\t\t<div class=\"elementor-column elementor-col-16 elementor-top-column elementor-element elementor-element-0c10b9e\" data-id=\"0c10b9e\" data-element_type=\"column\" data-e-type=\"column\">\n\t\t\t<div class=\"elementor-widget-wrap\">\n\t\t\t\t\t\t\t<\/div>\n\t\t<\/div>\n\t\t\t\t\t<\/div>\n\t\t<\/section>\n\t\t\t\t<section class=\"elementor-section elementor-top-section elementor-element elementor-element-8c02c08 elementor-section-content-middle ct-section-stretched elementor-section-boxed elementor-section-height-default elementor-section-height-default\" data-id=\"8c02c08\" data-element_type=\"section\" data-e-type=\"section\" data-settings=\"{&quot;background_background&quot;:&quot;classic&quot;}\">\n\t\t\t\t\t\t<div class=\"elementor-container elementor-column-gap-no\">\n\t\t\t\t\t<div class=\"elementor-column elementor-col-50 elementor-top-column elementor-element elementor-element-8e0acee\" data-id=\"8e0acee\" data-element_type=\"column\" data-e-type=\"column\">\n\t\t\t<div class=\"elementor-widget-wrap elementor-element-populated\">\n\t\t\t\t\t\t<div class=\"elementor-element elementor-element-b0aebb6 elementor-widget elementor-widget-heading\" data-id=\"b0aebb6\" data-element_type=\"widget\" data-e-type=\"widget\" data-widget_type=\"heading.default\">\n\t\t\t\t<div class=\"elementor-widget-container\">\n\t\t\t\t\t<h3 class=\"elementor-heading-title elementor-size-default\">\u00d6demem reddedildi. Ne yapmal\u0131y\u0131m?<\/h3>\t\t\t\t<\/div>\n\t\t\t\t<\/div>\n\t\t\t\t<div class=\"elementor-element elementor-element-463ef6f elementor-widget-divider--view-line elementor-widget elementor-widget-divider\" data-id=\"463ef6f\" data-element_type=\"widget\" data-e-type=\"widget\" data-widget_type=\"divider.default\">\n\t\t\t\t<div class=\"elementor-widget-container\">\n\t\t\t\t\t\t\t<div class=\"elementor-divider\">\n\t\t\t<span class=\"elementor-divider-separator\">\n\t\t\t\t\t\t<\/span>\n\t\t<\/div>\n\t\t\t\t\t\t<\/div>\n\t\t\t\t<\/div>\n\t\t\t\t\t<\/div>\n\t\t<\/div>\n\t\t\t\t<div class=\"elementor-column elementor-col-50 elementor-top-column elementor-element elementor-element-5173334\" data-id=\"5173334\" data-element_type=\"column\" data-e-type=\"column\">\n\t\t\t<div class=\"elementor-widget-wrap elementor-element-populated\">\n\t\t\t\t\t\t<div class=\"elementor-element elementor-element-6a3db2f elementor-widget elementor-widget-text-editor\" data-id=\"6a3db2f\" data-element_type=\"widget\" data-e-type=\"widget\" data-widget_type=\"text-editor.default\">\n\t\t\t\t<div class=\"elementor-widget-container\">\n\t\t\t\t\t\t\t\t\t<p>\u00d6demeniz reddedildiyse, a\u015fa\u011f\u0131daki ad\u0131mlar\u0131 izlemenizi \u00f6neririz:<\/p>\n<ul>\n<li>Kart bilgilerinizin do\u011fru oldu\u011fundan emin olun.<\/li>\n<li>Banka hesab\u0131n\u0131zda veya kullan\u0131labilir kredi limitinizde yeterli para oldu\u011funu do\u011frulay\u0131n.<\/li>\n<li>Sorun devam ederse, d\u00fc\u015f\u00fc\u015f hakk\u0131nda daha fazla bilgi i\u00e7in bankan\u0131zla ileti\u015fime ge\u00e7in.<\/li>\n<li>Varsa farkl\u0131 bir kredi kart\u0131 veya banka kart\u0131 kullanmay\u0131 da deneyebilirsiniz.<\/li>\n<\/ul>\n\t\t\t\t\t\t\t\t<\/div>\n\t\t\t\t<\/div>\n\t\t\t\t\t<\/div>\n\t\t<\/div>\n\t\t\t\t\t<\/div>\n\t\t<\/section>\n\t\t\t\t<section class=\"elementor-section elementor-top-section elementor-element elementor-element-a03b66f elementor-section-content-middle ct-section-stretched elementor-section-boxed elementor-section-height-default elementor-section-height-default\" data-id=\"a03b66f\" data-element_type=\"section\" data-e-type=\"section\" data-settings=\"{&quot;background_background&quot;:&quot;classic&quot;}\">\n\t\t\t\t\t\t<div class=\"elementor-container elementor-column-gap-no\">\n\t\t\t\t\t<div class=\"elementor-column elementor-col-50 elementor-top-column elementor-element elementor-element-fe8347d\" data-id=\"fe8347d\" data-element_type=\"column\" data-e-type=\"column\">\n\t\t\t<div class=\"elementor-widget-wrap elementor-element-populated\">\n\t\t\t\t\t\t<div class=\"elementor-element elementor-element-4b1ae42 elementor-widget elementor-widget-heading\" data-id=\"4b1ae42\" data-element_type=\"widget\" data-e-type=\"widget\" data-widget_type=\"heading.default\">\n\t\t\t\t<div class=\"elementor-widget-container\">\n\t\t\t\t\t<h3 class=\"elementor-heading-title elementor-size-default\">\u00d6deme bilgilerimi neden g\u00fcncelleyemiyorum?<\/h3>\t\t\t\t<\/div>\n\t\t\t\t<\/div>\n\t\t\t\t<div class=\"elementor-element elementor-element-573cbdc elementor-widget-divider--view-line elementor-widget elementor-widget-divider\" data-id=\"573cbdc\" data-element_type=\"widget\" data-e-type=\"widget\" data-widget_type=\"divider.default\">\n\t\t\t\t<div class=\"elementor-widget-container\">\n\t\t\t\t\t\t\t<div class=\"elementor-divider\">\n\t\t\t<span class=\"elementor-divider-separator\">\n\t\t\t\t\t\t<\/span>\n\t\t<\/div>\n\t\t\t\t\t\t<\/div>\n\t\t\t\t<\/div>\n\t\t\t\t\t<\/div>\n\t\t<\/div>\n\t\t\t\t<div class=\"elementor-column elementor-col-50 elementor-top-column elementor-element elementor-element-693b94e\" data-id=\"693b94e\" data-element_type=\"column\" data-e-type=\"column\">\n\t\t\t<div class=\"elementor-widget-wrap elementor-element-populated\">\n\t\t\t\t\t\t<div class=\"elementor-element elementor-element-4e830ee elementor-widget elementor-widget-text-editor\" data-id=\"4e830ee\" data-element_type=\"widget\" data-e-type=\"widget\" data-widget_type=\"text-editor.default\">\n\t\t\t\t<div class=\"elementor-widget-container\">\n\t\t\t\t\t\t\t\t\t<p>\u00d6deme bilgilerinizi g\u00fcncellemede sorun ya\u015f\u0131yorsan\u0131z, l\u00fctfen a\u015fa\u011f\u0131dakileri kontrol edin:<\/p>\n<ul>\n<li>SWISH uygulamas\u0131n\u0131n en son s\u00fcr\u00fcm\u00fcn\u00fc kulland\u0131\u011f\u0131n\u0131zdan emin olun.<\/li>\n<li>Eklemek istedi\u011finiz kart\u0131n aktif oldu\u011fundan ve s\u00fcresinin dolmad\u0131\u011f\u0131ndan emin olun.<\/li>\n<li>Verdi\u011finiz fatura adresinin bankan\u0131zda kay\u0131tl\u0131 olan adresle e\u015fle\u015fip e\u015fle\u015fmedi\u011fini do\u011frulay\u0131n.<\/li>\n<li>Sorun ya\u015famaya devam ederseniz, daha fazla yard\u0131m i\u00e7in SWISH destek birimiyle ileti\u015fime ge\u00e7in.<\/li>\n<\/ul>\n\t\t\t\t\t\t\t\t<\/div>\n\t\t\t\t<\/div>\n\t\t\t\t\t<\/div>\n\t\t<\/div>\n\t\t\t\t\t<\/div>\n\t\t<\/section>\n\t\t\t\t<section class=\"elementor-section elementor-top-section elementor-element elementor-element-3d747a5 elementor-section-content-middle ct-section-stretched elementor-section-boxed elementor-section-height-default elementor-section-height-default\" data-id=\"3d747a5\" data-element_type=\"section\" data-e-type=\"section\" data-settings=\"{&quot;background_background&quot;:&quot;classic&quot;}\">\n\t\t\t\t\t\t<div class=\"elementor-container elementor-column-gap-no\">\n\t\t\t\t\t<div class=\"elementor-column elementor-col-50 elementor-top-column elementor-element elementor-element-16c3e4e\" data-id=\"16c3e4e\" data-element_type=\"column\" data-e-type=\"column\">\n\t\t\t<div class=\"elementor-widget-wrap elementor-element-populated\">\n\t\t\t\t\t\t<div class=\"elementor-element elementor-element-fdef3fa elementor-widget elementor-widget-heading\" data-id=\"fdef3fa\" data-element_type=\"widget\" data-e-type=\"widget\" data-widget_type=\"heading.default\">\n\t\t\t\t<div class=\"elementor-widget-container\">\n\t\t\t\t\t<h3 class=\"elementor-heading-title elementor-size-default\">\u00d6demem ba\u015far\u0131l\u0131 oldu, ancak hala eri\u015fimim yok. Ne yapmal\u0131y\u0131m?<\/h3>\t\t\t\t<\/div>\n\t\t\t\t<\/div>\n\t\t\t\t<div class=\"elementor-element elementor-element-22a94b9 elementor-widget-divider--view-line elementor-widget elementor-widget-divider\" data-id=\"22a94b9\" data-element_type=\"widget\" data-e-type=\"widget\" data-widget_type=\"divider.default\">\n\t\t\t\t<div class=\"elementor-widget-container\">\n\t\t\t\t\t\t\t<div class=\"elementor-divider\">\n\t\t\t<span class=\"elementor-divider-separator\">\n\t\t\t\t\t\t<\/span>\n\t\t<\/div>\n\t\t\t\t\t\t<\/div>\n\t\t\t\t<\/div>\n\t\t\t\t\t<\/div>\n\t\t<\/div>\n\t\t\t\t<div class=\"elementor-column elementor-col-50 elementor-top-column elementor-element elementor-element-f586465\" data-id=\"f586465\" data-element_type=\"column\" data-e-type=\"column\">\n\t\t\t<div class=\"elementor-widget-wrap elementor-element-populated\">\n\t\t\t\t\t\t<div class=\"elementor-element elementor-element-54d44d0 elementor-widget elementor-widget-text-editor\" data-id=\"54d44d0\" data-element_type=\"widget\" data-e-type=\"widget\" data-widget_type=\"text-editor.default\">\n\t\t\t\t<div class=\"elementor-widget-container\">\n\t\t\t\t\t\t\t\t\t<p>Ba\u015far\u0131l\u0131 bir \u00f6deme yapt\u0131ysan\u0131z ancak hala SWISH i\u00e7eri\u011fine eri\u015femiyorsan\u0131z, a\u015fa\u011f\u0131dakileri deneyin:<\/p>\n<ul>\n<li>Hesab\u0131n\u0131zdan \u00e7\u0131k\u0131\u015f yap\u0131n ve tekrar giri\u015f yap\u0131n.<\/li>\n<li>\u00d6demeyi yapt\u0131\u011f\u0131n\u0131z hesab\u0131 kulland\u0131\u011f\u0131n\u0131zdan emin olun.<\/li>\n<li>Uygulamada bekleyen g\u00fcncellemeleri kontrol edin ve en son s\u00fcr\u00fcm\u00fcn y\u00fckl\u00fc oldu\u011fundan emin olun.<\/li>\n<li>Sorun devam ederse, yard\u0131m i\u00e7in SWISH deste\u011fiyle ileti\u015fime ge\u00e7in.<\/li>\n<\/ul>\n\t\t\t\t\t\t\t\t<\/div>\n\t\t\t\t<\/div>\n\t\t\t\t\t<\/div>\n\t\t<\/div>\n\t\t\t\t\t<\/div>\n\t\t<\/section>\n\t\t\t\t<section class=\"elementor-section elementor-top-section elementor-element elementor-element-0ef6301 elementor-section-content-middle ct-section-stretched elementor-section-boxed elementor-section-height-default elementor-section-height-default\" data-id=\"0ef6301\" data-element_type=\"section\" data-e-type=\"section\" data-settings=\"{&quot;background_background&quot;:&quot;classic&quot;}\">\n\t\t\t\t\t\t<div class=\"elementor-container elementor-column-gap-no\">\n\t\t\t\t\t<div class=\"elementor-column elementor-col-50 elementor-top-column elementor-element elementor-element-7918e83\" data-id=\"7918e83\" data-element_type=\"column\" data-e-type=\"column\">\n\t\t\t<div class=\"elementor-widget-wrap elementor-element-populated\">\n\t\t\t\t\t\t<div class=\"elementor-element elementor-element-2f60923 elementor-widget elementor-widget-heading\" data-id=\"2f60923\" data-element_type=\"widget\" data-e-type=\"widget\" data-widget_type=\"heading.default\">\n\t\t\t\t<div class=\"elementor-widget-container\">\n\t\t\t\t\t<h3 class=\"elementor-heading-title elementor-size-default\">Nas\u0131l para iadesi talep edebilirim?<\/h3>\t\t\t\t<\/div>\n\t\t\t\t<\/div>\n\t\t\t\t<div class=\"elementor-element elementor-element-1f37b8a elementor-widget-divider--view-line elementor-widget elementor-widget-divider\" data-id=\"1f37b8a\" data-element_type=\"widget\" data-e-type=\"widget\" data-widget_type=\"divider.default\">\n\t\t\t\t<div class=\"elementor-widget-container\">\n\t\t\t\t\t\t\t<div class=\"elementor-divider\">\n\t\t\t<span class=\"elementor-divider-separator\">\n\t\t\t\t\t\t<\/span>\n\t\t<\/div>\n\t\t\t\t\t\t<\/div>\n\t\t\t\t<\/div>\n\t\t\t\t<div class=\"elementor-element elementor-element-5a081fa elementor-widget elementor-widget-text-editor\" data-id=\"5a081fa\" data-element_type=\"widget\" data-e-type=\"widget\" data-widget_type=\"text-editor.default\">\n\t\t\t\t<div class=\"elementor-widget-container\">\n\t\t\t\t\t\t\t\t\t<p>Gold aboneli\u011finiz i\u00e7in para iadesi talep etmek i\u00e7in, Gold plan\u0131n\u0131z\u0131 Swish uygulamas\u0131ndan (Google Play Store veya Apple Store) sat\u0131n alm\u0131\u015f olman\u0131z gerekir.<br \/>\nBu iade yaln\u0131zca sat\u0131n alma i\u015fleminizden sonraki 48 saat i\u00e7inde m\u00fcmk\u00fcn olacakt\u0131r.   <span style=\"color: var( --e-global-color-secondary ); background-color: var( --e-global-color-blocksy_palette_8 ); font-family: var(--theme-font-family); font-style: var(--theme-font-style, inherit); font-variant-ligatures: inherit; font-variant-caps: inherit; letter-spacing: var(--theme-letter-spacing); text-transform: var(--theme-text-transform);\">L\u00fctfen iade politikalar\u0131n\u0131n ve s\u00fcre\u00e7lerinin farkl\u0131l\u0131k g\u00f6sterebilece\u011fini unutmay\u0131n, bu nedenle iade talebinizi ba\u015flatmak i\u00e7in Google Play Store veya Apple App Store taraf\u0131ndan sa\u011flanan belirli ad\u0131mlar\u0131 izlemeniz \u00f6nemlidir.<\/span><\/p>\n<p>\u00d6te yandan, Swish Area&#8217;dan sat\u0131n ald\u0131ysan\u0131z, para iadesi m\u00fcmk\u00fcn olmayacakt\u0131r.<\/p>\n\t\t\t\t\t\t\t\t<\/div>\n\t\t\t\t<\/div>\n\t\t\t\t\t<\/div>\n\t\t<\/div>\n\t\t\t\t<div class=\"elementor-column elementor-col-50 elementor-top-column elementor-element elementor-element-ea141f0\" data-id=\"ea141f0\" data-element_type=\"column\" data-e-type=\"column\">\n\t\t\t<div class=\"elementor-widget-wrap elementor-element-populated\">\n\t\t\t\t\t\t<div class=\"elementor-element elementor-element-5a95d16 elementor-widget elementor-widget-text-editor\" data-id=\"5a95d16\" data-element_type=\"widget\" data-e-type=\"widget\" data-widget_type=\"text-editor.default\">\n\t\t\t\t<div class=\"elementor-widget-container\">\n\t\t\t\t\t\t\t\t\t<p><strong style=\"font-family: inherit; font-size: inherit; font-style: inherit; font-variant-ligatures: inherit; font-variant-caps: inherit; color: var( --e-global-color-secondary ); background-color: var( --e-global-color-blocksy_palette_8 ); letter-spacing: var(--theme-letter-spacing); text-transform: var(--theme-text-transform);\">Google Play Store (Android) i\u00e7in:<\/strong><\/p>\n<ol>\n<li>Google Play Store uygulamas\u0131n\u0131 a\u00e7\u0131n.<\/li>\n<li>Sol \u00fcst k\u00f6\u015fedeki men\u00fc simgesine (genellikle \u00fc\u00e7 yatay \u00e7izgi ile g\u00f6sterilir) dokunun.<\/li>\n<li>&#8220;Abonelikler &#8220;i se\u00e7in.<\/li>\n<li>SWISH aboneli\u011finizi bulun ve se\u00e7in.<\/li>\n<li>&#8220;\u0130ptal&#8221; se\u00e7ene\u011fine dokunun ve para iadesi talep etmek i\u00e7in y\u00f6nergeleri izleyin.<\/li>\n<\/ol>\n<p><strong>Apple App Store (iOS) i\u00e7in:<\/strong><\/p>\n<ol>\n<li>iOS cihaz\u0131n\u0131zda &#8220;Ayarlar&#8221; uygulamas\u0131n\u0131 a\u00e7\u0131n.<\/li>\n<li>A\u015fa\u011f\u0131 kayd\u0131r\u0131n ve &#8220;iTunes &amp; App Store&#8221; \u00fczerine dokunun.<\/li>\n<li>Ekran\u0131n \u00fcst k\u0131sm\u0131ndaki Apple Kimli\u011finize dokunun.<\/li>\n<li>&#8220;Apple Kimli\u011fini G\u00f6r\u00fcnt\u00fcle &#8220;yi se\u00e7in ve istenirse parolan\u0131z\u0131 girin veya Face ID\/Touch ID&#8217;yi kullan\u0131n.<\/li>\n<li>A\u015fa\u011f\u0131 kayd\u0131r\u0131n ve &#8220;Abonelikler&#8221; \u00fczerine dokunun.<\/li>\n<li>SWISH aboneli\u011finizi bulun ve se\u00e7in.<\/li>\n<li>&#8220;Aboneli\u011fi \u0130ptal Et&#8221; se\u00e7ene\u011fine dokunun ve para iadesi talep etmek i\u00e7in y\u00f6nergeleri izleyin.<\/li>\n<\/ol>\n\t\t\t\t\t\t\t\t<\/div>\n\t\t\t\t<\/div>\n\t\t\t\t\t<\/div>\n\t\t<\/div>\n\t\t\t\t\t<\/div>\n\t\t<\/section>\n\t\t\t\t<section class=\"elementor-section elementor-top-section elementor-element elementor-element-d1e2106 elementor-section-content-middle ct-section-stretched elementor-section-boxed elementor-section-height-default elementor-section-height-default\" data-id=\"d1e2106\" data-element_type=\"section\" data-e-type=\"section\" data-settings=\"{&quot;background_background&quot;:&quot;classic&quot;}\">\n\t\t\t\t\t\t<div class=\"elementor-container elementor-column-gap-no\">\n\t\t\t\t\t<div class=\"elementor-column elementor-col-50 elementor-top-column elementor-element elementor-element-56654de\" data-id=\"56654de\" data-element_type=\"column\" data-e-type=\"column\">\n\t\t\t<div class=\"elementor-widget-wrap elementor-element-populated\">\n\t\t\t\t\t\t<div class=\"elementor-element elementor-element-2ab1257 elementor-widget elementor-widget-heading\" data-id=\"2ab1257\" data-element_type=\"widget\" data-e-type=\"widget\" data-widget_type=\"heading.default\">\n\t\t\t\t<div class=\"elementor-widget-container\">\n\t\t\t\t\t<h3 class=\"elementor-heading-title elementor-size-default\">Aboneli\u011fimi nas\u0131l iptal edebilirim?<\/h3>\t\t\t\t<\/div>\n\t\t\t\t<\/div>\n\t\t\t\t<div class=\"elementor-element elementor-element-31bbb6c elementor-widget-divider--view-line elementor-widget elementor-widget-divider\" data-id=\"31bbb6c\" data-element_type=\"widget\" data-e-type=\"widget\" data-widget_type=\"divider.default\">\n\t\t\t\t<div class=\"elementor-widget-container\">\n\t\t\t\t\t\t\t<div class=\"elementor-divider\">\n\t\t\t<span class=\"elementor-divider-separator\">\n\t\t\t\t\t\t<\/span>\n\t\t<\/div>\n\t\t\t\t\t\t<\/div>\n\t\t\t\t<\/div>\n\t\t\t\t<div class=\"elementor-element elementor-element-5a38480 elementor-widget elementor-widget-text-editor\" data-id=\"5a38480\" data-element_type=\"widget\" data-e-type=\"widget\" data-widget_type=\"text-editor.default\">\n\t\t\t\t<div class=\"elementor-widget-container\">\n\t\t\t\t\t\t\t\t\t<p>Aboneli\u011finizi istedi\u011finiz zaman herhangi bir ceza \u00f6demeden iptal etme se\u00e7ene\u011finiz vard\u0131r. Aboneli\u011finizi nereden ald\u0131n\u0131z?<\/p>\n<p><b>Swish Alan\u0131nda<\/b><\/p>\n<ol>\n<li><a style=\"transition: var(--theme-transition); --theme-text-decoration: underline;\" href=\"http:\/\/swisharea.com\/\">swisharea.com<\/a> adresini a\u00e7\u0131n ve hesab\u0131n\u0131za giri\u015f yap\u0131n<\/li>\n<li>&#8220;Aboneli\u011fimi y\u00f6net&#8221; se\u00e7ene\u011fine bak\u0131n<\/li>\n<li>&#8220;Yenilemeyi iptal et &#8220;i se\u00e7in  <\/li>\n<li>SWISH GOLD i\u00e7erik eri\u015fiminiz mevcut abonelik d\u00f6neminizin sonuna kadar devam edecektir.<\/li>\n<\/ol>\n\t\t\t\t\t\t\t\t<\/div>\n\t\t\t\t<\/div>\n\t\t\t\t\t<\/div>\n\t\t<\/div>\n\t\t\t\t<div class=\"elementor-column elementor-col-50 elementor-top-column elementor-element elementor-element-af70548\" data-id=\"af70548\" data-element_type=\"column\" data-e-type=\"column\">\n\t\t\t<div class=\"elementor-widget-wrap elementor-element-populated\">\n\t\t\t\t\t\t<div class=\"elementor-element elementor-element-95874aa elementor-widget elementor-widget-text-editor\" data-id=\"95874aa\" data-element_type=\"widget\" data-e-type=\"widget\" data-widget_type=\"text-editor.default\">\n\t\t\t\t<div class=\"elementor-widget-container\">\n\t\t\t\t\t\t\t\t\t<div><b>Swish Uygulamas\u0131nda:<br \/><\/b><\/div>\n<ol>\n<li>Cihaz\u0131n\u0131zda SWISH uygulamas\u0131n\u0131 a\u00e7\u0131n.<\/li>\n<li>Hen\u00fcz yapmad\u0131ysan\u0131z SWISH hesab\u0131n\u0131za giri\u015f yap\u0131n.<\/li>\n<li>Uygulaman\u0131n alt k\u0131sm\u0131nda bulunan &#8220;Profil&#8221; b\u00f6l\u00fcm\u00fcne gidin.<\/li>\n<li>&#8220;Aboneliklerim&#8221; se\u00e7ene\u011fini aray\u0131n.<\/li>\n<li>&#8220;Aboneli\u011fimi iptal et&#8221; se\u00e7ene\u011fini se\u00e7in.<\/li>\n<li>\u0130ptal i\u015flemini onaylamak i\u00e7in ekrandaki talimatlar\u0131 izleyin.<\/li>\n<li>SWISH GOLD i\u00e7erik eri\u015fiminiz mevcut abonelik d\u00f6neminizin sonuna kadar devam edecektir.<\/li>\n<\/ol>\n<p>Veya uygulama ma\u011fazan\u0131zdan (Google Play veya Apple App Store) &#8220;Abonelikler&#8221; b\u00f6l\u00fcm\u00fcnden. \u0130ptal i\u015fleminden sonra, SWISH GOLD i\u00e7eri\u011fine eri\u015fiminiz abonelik s\u00fcrenizin sonunda ask\u0131ya al\u0131nacakt\u0131r, ancak istedi\u011finiz zaman yeniden etkinle\u015ftirebilirsiniz.<\/p>\n\t\t\t\t\t\t\t\t<\/div>\n\t\t\t\t<\/div>\n\t\t\t\t\t<\/div>\n\t\t<\/div>\n\t\t\t\t\t<\/div>\n\t\t<\/section>\n\t\t\t\t<section class=\"elementor-section elementor-top-section elementor-element elementor-element-285210a elementor-section-content-middle ct-section-stretched elementor-section-boxed elementor-section-height-default elementor-section-height-default\" data-id=\"285210a\" data-element_type=\"section\" data-e-type=\"section\" data-settings=\"{&quot;background_background&quot;:&quot;classic&quot;}\">\n\t\t\t\t\t\t<div class=\"elementor-container elementor-column-gap-no\">\n\t\t\t\t\t<div class=\"elementor-column elementor-col-50 elementor-top-column elementor-element elementor-element-0c92d81\" data-id=\"0c92d81\" data-element_type=\"column\" data-e-type=\"column\">\n\t\t\t<div class=\"elementor-widget-wrap elementor-element-populated\">\n\t\t\t\t\t\t<div class=\"elementor-element elementor-element-55f2633 elementor-widget elementor-widget-heading\" data-id=\"55f2633\" data-element_type=\"widget\" data-e-type=\"widget\" data-widget_type=\"heading.default\">\n\t\t\t\t<div class=\"elementor-widget-container\">\n\t\t\t\t\t<h3 class=\"elementor-heading-title elementor-size-default\">Abonelik plan\u0131m\u0131 nas\u0131l de\u011fi\u015ftirebilirim?  <\/h3>\t\t\t\t<\/div>\n\t\t\t\t<\/div>\n\t\t\t\t<div class=\"elementor-element elementor-element-4021a93 elementor-widget-divider--view-line elementor-widget elementor-widget-divider\" data-id=\"4021a93\" data-element_type=\"widget\" data-e-type=\"widget\" data-widget_type=\"divider.default\">\n\t\t\t\t<div class=\"elementor-widget-container\">\n\t\t\t\t\t\t\t<div class=\"elementor-divider\">\n\t\t\t<span class=\"elementor-divider-separator\">\n\t\t\t\t\t\t<\/span>\n\t\t<\/div>\n\t\t\t\t\t\t<\/div>\n\t\t\t\t<\/div>\n\t\t\t\t\t<\/div>\n\t\t<\/div>\n\t\t\t\t<div class=\"elementor-column elementor-col-50 elementor-top-column elementor-element elementor-element-85c64c4\" data-id=\"85c64c4\" data-element_type=\"column\" data-e-type=\"column\">\n\t\t\t<div class=\"elementor-widget-wrap elementor-element-populated\">\n\t\t\t\t\t\t<div class=\"elementor-element elementor-element-d9bf6e9 elementor-widget elementor-widget-text-editor\" data-id=\"d9bf6e9\" data-element_type=\"widget\" data-e-type=\"widget\" data-widget_type=\"text-editor.default\">\n\t\t\t\t<div class=\"elementor-widget-container\">\n\t\t\t\t\t\t\t\t\t<p>Abonelik plan\u0131n\u0131z\u0131 de\u011fi\u015ftirmek i\u00e7in mevcut aboneli\u011finizi iptal etmeniz gerekir.<br \/>\nMevcut aboneli\u011finiz sona erdi\u011finde, tercihlerinize uygun yeni bir abonelik plan\u0131 se\u00e7ebilirsiniz. <\/p>\n<p><a href=\"http:\/\/swisharea.com\/\"><a href=\"http:\/\/swisharea.com\/\">swisharea.com<\/a><\/a><\/p>\n\t\t\t\t\t\t\t\t<\/div>\n\t\t\t\t<\/div>\n\t\t\t\t\t<\/div>\n\t\t<\/div>\n\t\t\t\t\t<\/div>\n\t\t<\/section>\n\t\t\t\t<\/div>\n\t\t","protected":false},"excerpt":{"rendered":"<p>\u00d6deme Sorunlar\u0131 \u00d6deme sorunlar\u0131n\u0131z\u0131 \u00e7\u00f6z\u00fcn \u00d6demem reddedildi. Ne yapmal\u0131y\u0131m? \u00d6demeniz reddedildiyse, a\u015fa\u011f\u0131daki ad\u0131mlar\u0131 izlemenizi \u00f6neririz: Kart bilgilerinizin do\u011fru oldu\u011fundan emin olun. Banka hesab\u0131n\u0131zda veya kullan\u0131labilir kredi limitinizde yeterli para oldu\u011funu do\u011frulay\u0131n. Sorun devam ederse, d\u00fc\u015f\u00fc\u015f hakk\u0131nda daha fazla bilgi i\u00e7in bankan\u0131zla ileti\u015fime ge\u00e7in. Varsa farkl\u0131 bir kredi kart\u0131 veya banka kart\u0131 kullanmay\u0131 da deneyebilirsiniz. \u00d6deme [&hellip;]<\/p>\n","protected":false},"author":2,"featured_media":0,"parent":0,"menu_order":0,"comment_status":"closed","ping_status":"closed","template":"","meta":{"footnotes":""},"class_list":["post-1081","page","type-page","status-publish","hentry"],"blocksy_meta":[],"aioseo_notices":[],"_links":{"self":[{"href":"https:\/\/swishbynbn23.com\/tr\/wp-json\/wp\/v2\/pages\/1081","targetHints":{"allow":["GET"]}}],"collection":[{"href":"https:\/\/swishbynbn23.com\/tr\/wp-json\/wp\/v2\/pages"}],"about":[{"href":"https:\/\/swishbynbn23.com\/tr\/wp-json\/wp\/v2\/types\/page"}],"author":[{"embeddable":true,"href":"https:\/\/swishbynbn23.com\/tr\/wp-json\/wp\/v2\/users\/2"}],"replies":[{"embeddable":true,"href":"https:\/\/swishbynbn23.com\/tr\/wp-json\/wp\/v2\/comments?post=1081"}],"version-history":[{"count":2,"href":"https:\/\/swishbynbn23.com\/tr\/wp-json\/wp\/v2\/pages\/1081\/revisions"}],"predecessor-version":[{"id":2557,"href":"https:\/\/swishbynbn23.com\/tr\/wp-json\/wp\/v2\/pages\/1081\/revisions\/2557"}],"wp:attachment":[{"href":"https:\/\/swishbynbn23.com\/tr\/wp-json\/wp\/v2\/media?parent=1081"}],"curies":[{"name":"wp","href":"https:\/\/api.w.org\/{rel}","templated":true}]}}